{"id":3526,"date":"2017-07-01T00:05:46","date_gmt":"2017-06-30T22:05:46","guid":{"rendered":"http:\/\/w7fuy97he.homepage.t-online.de\/wordpress\/?page_id=3526"},"modified":"2024-08-13T21:38:02","modified_gmt":"2024-08-13T19:38:02","slug":"produkte-schliesssysteme","status":"publish","type":"page","link":"https:\/\/mahschliesstechnik.de\/index.php\/produkte-schliesssysteme\/","title":{"rendered":"Produkte &#038; Systeme"},"content":{"rendered":"\n<style type=\"text\/css\" data-created_by=\"avia_inline_auto\" id=\"style-css-av-av_one_full-6126cab7d8fab8d08143dd2dacdf673c\">\n.flex_column.av-av_one_full-6126cab7d8fab8d08143dd2dacdf673c{\nborder-radius:0px 0px 0px 0px;\npadding:0px 0px 0px 0px;\n}\n<\/style>\n<div  class='flex_column av-av_one_full-6126cab7d8fab8d08143dd2dacdf673c av_one_full  avia-builder-el-0  el_before_av_hr  avia-builder-el-first  first flex_column_div av-zero-column-padding  '     ><style type=\"text\/css\" data-created_by=\"avia_inline_auto\" id=\"style-css-av-av_image-8caa5c6fc6d71aadf67f5d1499c109d7\">\n.avia-image-container.av-av_image-8caa5c6fc6d71aadf67f5d1499c109d7 img.avia_image{\nbox-shadow:none;\n}\n.avia-image-container.av-av_image-8caa5c6fc6d71aadf67f5d1499c109d7 .av-image-caption-overlay-center{\ncolor:#ffffff;\n}\n<\/style>\n<div  class='avia-image-container av-av_image-8caa5c6fc6d71aadf67f5d1499c109d7 av-styling- avia-align-center  avia-builder-el-1  avia-builder-el-no-sibling '   itemprop=\"image\" itemscope=\"itemscope\" itemtype=\"https:\/\/schema.org\/ImageObject\" ><div class=\"avia-image-container-inner\"><div class=\"avia-image-overlay-wrap\"><img fetchpriority=\"high\" class='wp-image-4144 avia-img-lazy-loading-not-4144 avia_image ' src='https:\/\/mahschliesstechnik.de\/wp-content\/uploads\/2018\/01\/header-visual-digitale-schielsssysteme-neu-1440x430.jpg' alt='' title='header-visual-digitale-schielsssysteme-neu'  height=\"430\" width=\"1440\"  itemprop=\"thumbnailUrl\"  \/><\/div><\/div><\/div><\/div>\n<style type=\"text\/css\" data-created_by=\"avia_inline_auto\" id=\"style-css-av-av_hr-4474f20d2389e2e5ecf918a02da5132e\">\n#top .hr.hr-invisible.av-av_hr-4474f20d2389e2e5ecf918a02da5132e{\nheight:50px;\n}\n<\/style>\n<div  class='hr av-av_hr-4474f20d2389e2e5ecf918a02da5132e hr-invisible  avia-builder-el-2  el_after_av_one_full  el_before_av_one_full '><span class='hr-inner '><span class=\"hr-inner-style\"><\/span><\/span><\/div><\/p>\n\n<style type=\"text\/css\" data-created_by=\"avia_inline_auto\" id=\"style-css-av-av_one_full-6126cab7d8fab8d08143dd2dacdf673c\">\n.flex_column.av-av_one_full-6126cab7d8fab8d08143dd2dacdf673c{\nborder-radius:0px 0px 0px 0px;\npadding:0px 0px 0px 0px;\n}\n<\/style>\n<div  class='flex_column av-av_one_full-6126cab7d8fab8d08143dd2dacdf673c av_one_full  avia-builder-el-3  el_after_av_hr  el_before_av_hr  first flex_column_div av-zero-column-padding  '     ><section  class='av_textblock_section av-av_textblock-396ddf1f42196ca838231e61a4602801 '   itemscope=\"itemscope\" itemtype=\"https:\/\/schema.org\/CreativeWork\" ><div class='avia_textblock'  itemprop=\"text\" ><p>Um Sicherheit auf h\u00f6chstem Niveau gew\u00e4hrleisten zu k\u00f6nnen, arbeitet die MAH Schlie\u00dftechnik ausschlie\u00dflich mit <strong>namenhaften Herstellern<\/strong> zusammen. Durch die sorgf\u00e4ltige Auswahl der Hersteller und ihrer Schlie\u00dfsysteme in unserem Angebot profitieren unsere Kunden, denn so werden wir den h\u00f6chsten Anspr\u00fcchen an Sicherheit gerecht. Garantiert.<\/p>\n<p>Wir bieten Ihnen das Know How und die Qualit\u00e4t aller Namhaften deutschen und internationalen Hersteller. Hierzu z\u00e4hlen:<strong> <a href=\"https:\/\/mahschliesstechnik.de\/?page_id=3387\">Simons Voss<\/a><\/strong>, <strong>SALTO<\/strong>, <strong>WILKA, BURG-W\u00c4CHTER,GU-BKS<\/strong>, <strong>DOM<\/strong>, <strong>ASSA-ABLOY, EVVA, Winkhaus, CES,<\/strong>\u00a0<strong>RENZ<\/strong>\u00a0und viele weitere. Erfahren Sie mehr zu den Herstellern und den Vorteilen der Produkte &amp; Schlie\u00dfsysteme, indem Sie einen der folgenden Hersteller ausw\u00e4hlen, wir haben eine kleine Auswahl zusammengestellt:<\/p>\n<\/div><\/section><\/div>\n\n<style type=\"text\/css\" data-created_by=\"avia_inline_auto\" id=\"style-css-av-av_hr-4474f20d2389e2e5ecf918a02da5132e\">\n#top .hr.hr-invisible.av-av_hr-4474f20d2389e2e5ecf918a02da5132e{\nheight:50px;\n}\n<\/style>\n<div  class='hr av-av_hr-4474f20d2389e2e5ecf918a02da5132e hr-invisible  avia-builder-el-5  el_after_av_one_full  el_before_av_one_third '><span class='hr-inner '><span class=\"hr-inner-style\"><\/span><\/span><\/div>\n<div  class='flex_column av-av_one_third-2a9015ff38129c418a3f2eafba3e9512 av_one_third  avia-builder-el-6  el_after_av_hr  el_before_av_one_third  first flex_column_div  '     ><style type=\"text\/css\" data-created_by=\"avia_inline_auto\" id=\"style-css-av-av_image-e90334098b88f732c3b7952d1707e449\">\n.avia-image-container.av-av_image-e90334098b88f732c3b7952d1707e449 img.avia_image{\nbox-shadow:none;\n}\n.avia-image-container.av-av_image-e90334098b88f732c3b7952d1707e449 .av-image-caption-overlay-center{\ncolor:#ffffff;\n}\n<\/style>\n<div  class='avia-image-container av-av_image-e90334098b88f732c3b7952d1707e449 av-styling- av-img-linked avia-align-center  avia-builder-el-7  avia-builder-el-no-sibling '   itemprop=\"image\" itemscope=\"itemscope\" itemtype=\"https:\/\/schema.org\/ImageObject\" ><div class=\"avia-image-container-inner\"><div class=\"avia-image-overlay-wrap\"><a href=\"https:\/\/mahschliesstechnik.de\/index.php\/produkte-schliesssysteme\/simonsvoss\/\" class='avia_image '  aria-label='SimonsVoss Logo'><img fetchpriority=\"high\" class='wp-image-3746 avia-img-lazy-loading-not-3746 avia_image ' src='https:\/\/mahschliesstechnik.de\/wp-content\/uploads\/2017\/07\/Produkte_SimonsVoss.png' alt='Produkte und Schlie\u00dfsysteme von SimonsVoss' title='SimonsVoss Logo'  height=\"500\" width=\"500\"  itemprop=\"thumbnailUrl\"  \/><\/a><\/div><\/div><\/div><\/div>\n\n<style type=\"text\/css\" data-created_by=\"avia_inline_auto\" id=\"style-css-av-av_one_third-0aa7055fe62c3622faec82866afbaeb2\">\n.flex_column.av-av_one_third-0aa7055fe62c3622faec82866afbaeb2{\nborder-radius:0px 0px 0px 0px;\npadding:0px 0px 0px 0px;\n}\n<\/style>\n<div  class='flex_column av-av_one_third-0aa7055fe62c3622faec82866afbaeb2 av_one_third  avia-builder-el-8  el_after_av_one_third  el_before_av_one_third  flex_column_div av-zero-column-padding  '     ><style type=\"text\/css\" data-created_by=\"avia_inline_auto\" id=\"style-css-av-av_image-8c8c9e6ec014a8a11782cd2b6e78fb38\">\n.avia-image-container.av-av_image-8c8c9e6ec014a8a11782cd2b6e78fb38 img.avia_image{\nbox-shadow:none;\n}\n.avia-image-container.av-av_image-8c8c9e6ec014a8a11782cd2b6e78fb38 .av-image-caption-overlay-center{\ncolor:#ffffff;\n}\n<\/style>\n<div  class='avia-image-container av-av_image-8c8c9e6ec014a8a11782cd2b6e78fb38 av-styling- av-img-linked avia-align-center  avia-builder-el-9  avia-builder-el-no-sibling '   itemprop=\"image\" itemscope=\"itemscope\" itemtype=\"https:\/\/schema.org\/ImageObject\" ><div class=\"avia-image-container-inner\"><div class=\"avia-image-overlay-wrap\"><a href=\"https:\/\/mahschliesstechnik.de\/index.php\/produkte-schliesssysteme\/wilka\/\" class='avia_image '  aria-label='WILKA Logo'><img fetchpriority=\"high\" class='wp-image-3747 avia-img-lazy-loading-not-3747 avia_image ' src='https:\/\/mahschliesstechnik.de\/wp-content\/uploads\/2017\/07\/Produkte_WILKA.png' alt='Produkte und Schlie\u00dfsysteme von WILKA' title='WILKA Logo'  height=\"500\" width=\"500\"  itemprop=\"thumbnailUrl\"  \/><\/a><\/div><\/div><\/div><\/div>\n\n<style type=\"text\/css\" data-created_by=\"avia_inline_auto\" id=\"style-css-av-av_one_third-0aa7055fe62c3622faec82866afbaeb2\">\n.flex_column.av-av_one_third-0aa7055fe62c3622faec82866afbaeb2{\nborder-radius:0px 0px 0px 0px;\npadding:0px 0px 0px 0px;\n}\n<\/style>\n<div  class='flex_column av-av_one_third-0aa7055fe62c3622faec82866afbaeb2 av_one_third  avia-builder-el-10  el_after_av_one_third  el_before_av_promobox  flex_column_div av-zero-column-padding  '     ><style type=\"text\/css\" data-created_by=\"avia_inline_auto\" id=\"style-css-av-av_image-c4ab329cfbaafa0f01148766d35802db\">\n.avia-image-container.av-av_image-c4ab329cfbaafa0f01148766d35802db img.avia_image{\nbox-shadow:none;\n}\n.avia-image-container.av-av_image-c4ab329cfbaafa0f01148766d35802db .av-image-caption-overlay-center{\ncolor:#ffffff;\n}\n<\/style>\n<div  class='avia-image-container av-av_image-c4ab329cfbaafa0f01148766d35802db av-styling- av-img-linked avia-align-center  avia-builder-el-11  avia-builder-el-no-sibling '   itemprop=\"image\" itemscope=\"itemscope\" itemtype=\"https:\/\/schema.org\/ImageObject\" ><div class=\"avia-image-container-inner\"><div class=\"avia-image-overlay-wrap\"><a href=\"https:\/\/mahschliesstechnik.de\/index.php\/produkte-schliesssysteme\/salto\/\" class='avia_image '  aria-label='SALTO Logo'><img fetchpriority=\"high\" class='wp-image-3745 avia-img-lazy-loading-not-3745 avia_image ' src='https:\/\/mahschliesstechnik.de\/wp-content\/uploads\/2017\/07\/Produkte_SALTO.png' alt='Produkte und Schlie\u00dfsysteme von SALTO' title='SALTO Logo'  height=\"500\" width=\"500\"  itemprop=\"thumbnailUrl\"  \/><\/a><\/div><\/div><\/div><\/div>\n<div  class='av_promobox av-av_promobox-a6fb1318650de49efc49c8ec06af76c5 avia-button-yes  avia-builder-el-12  el_after_av_one_third  el_before_av_hr '><div class='avia-promocontent'><p>\n<strong>Bauproduktenverordnung<\/strong><\/p>\n<p>Die Bauproduktenverordnung des Europ\u00e4ischen Parlaments (EU-BauPVO) legt Bedingungen f\u00fcr die Vermarktung von Bauprodukten fest. Es ist aus unserer Sicht wichtig f\u00fcr H\u00e4ndler und Kunden gleicherma\u00dfen diese Verordnung zu kennen.<\/p>\n<p>Aus diesem Grund legen wir unseren Kunden, die ein Bauvorhaben planen, ans Herz einen Blick in das Amtsblatt zu werfen. Verwenden Sie daf\u00fcr bitte den Link zur Seite des &#8222;Bundesministeriums f\u00fcr Umwelt, Naturschutz, Bau und Reaktorsicherheit&#8220;.<\/p>\n<\/div><div  class='avia-button-wrap av-av_button-37e3f3c80b297086e671bc19c51bb5b2-wrap avia-button-right '><a href='http:\/\/www.bmub.bund.de\/themen\/bauen\/bauwesen\/gesetzgebung-und-leitfaeden\/bauproduktenrecht\/eu-bauproduktenverordnung\/'  class='avia-button av-av_button-37e3f3c80b297086e671bc19c51bb5b2 av-link-btn avia-icon_select-yes-left-icon avia-size-large avia-position-right avia-color-theme-color'   aria-label=\"EU-BauPVO\"><span class='avia_button_icon avia_button_icon_left avia-iconfont avia-font-entypo-fontello' data-av_icon='\ue84e' data-av_iconfont='entypo-fontello' ><\/span><span class='avia_iconbox_title' >EU-BauPVO<\/span><\/a><\/div><\/div>\n\n<style type=\"text\/css\" data-created_by=\"avia_inline_auto\" id=\"style-css-av-av_hr-d50449065512dfb87382cb0128eaa335\">\n#top .hr.hr-invisible.av-av_hr-d50449065512dfb87382cb0128eaa335{\nheight:100px;\n}\n<\/style>\n<div  class='hr av-av_hr-d50449065512dfb87382cb0128eaa335 hr-invisible  avia-builder-el-13  el_after_av_promobox  el_before_av_one_third '><span class='hr-inner '><span class=\"hr-inner-style\"><\/span><\/span><\/div>\n<div  class='flex_column av-av_one_third-2a9015ff38129c418a3f2eafba3e9512 av_one_third  avia-builder-el-14  el_after_av_hr  el_before_av_one_third  first flex_column_div  '     ><div  class='avia-button-wrap av-av_button-95cf6996b6f73679f14cb681bec76eea-wrap avia-button-center  avia-builder-el-15  avia-builder-el-no-sibling '><a href='https:\/\/mahschliesstechnik.de\/index.php\/produkte-schliesssysteme\/gu-bks\/'  class='avia-button av-av_button-95cf6996b6f73679f14cb681bec76eea av-link-btn avia-icon_select-yes-left-icon avia-size-x-large avia-position-center avia-color-theme-color-subtle'   aria-label=\"GU BKS\"><span class='avia_button_icon avia_button_icon_left avia-iconfont avia-font-entypo-fontello' data-av_icon='\ue8d7' data-av_iconfont='entypo-fontello' ><\/span><span class='avia_iconbox_title' >GU BKS<\/span><\/a><\/div><\/div>\n\n<style type=\"text\/css\" data-created_by=\"avia_inline_auto\" id=\"style-css-av-av_one_third-0aa7055fe62c3622faec82866afbaeb2\">\n.flex_column.av-av_one_third-0aa7055fe62c3622faec82866afbaeb2{\nborder-radius:0px 0px 0px 0px;\npadding:0px 0px 0px 0px;\n}\n<\/style>\n<div  class='flex_column av-av_one_third-0aa7055fe62c3622faec82866afbaeb2 av_one_third  avia-builder-el-16  el_after_av_one_third  el_before_av_one_third  flex_column_div av-zero-column-padding  '     ><div  class='avia-button-wrap av-av_button-e36bbdeeb1881ae2ef7f2717b97f71cd-wrap avia-button-center  avia-builder-el-17  avia-builder-el-no-sibling '><a href='https:\/\/mahschliesstechnik.de\/index.php\/produkte-schliesssysteme\/renz-briefkasten\/'  class='avia-button av-av_button-e36bbdeeb1881ae2ef7f2717b97f71cd av-link-btn avia-icon_select-yes-left-icon avia-size-x-large avia-position-center avia-color-theme-color-subtle'   aria-label=\"RENZ\"><span class='avia_button_icon avia_button_icon_left avia-iconfont avia-font-entypo-fontello' data-av_icon='\ue805' data-av_iconfont='entypo-fontello' ><\/span><span class='avia_iconbox_title' >RENZ<\/span><\/a><\/div><\/div>\n\n<style type=\"text\/css\" data-created_by=\"avia_inline_auto\" id=\"style-css-av-av_one_third-0aa7055fe62c3622faec82866afbaeb2\">\n.flex_column.av-av_one_third-0aa7055fe62c3622faec82866afbaeb2{\nborder-radius:0px 0px 0px 0px;\npadding:0px 0px 0px 0px;\n}\n<\/style>\n<div  class='flex_column av-av_one_third-0aa7055fe62c3622faec82866afbaeb2 av_one_third  avia-builder-el-18  el_after_av_one_third  el_before_av_hr  flex_column_div av-zero-column-padding  '     ><div  class='avia-button-wrap av-av_button-fcbb69a0e5b95227086570b74b270faa-wrap avia-button-center  avia-builder-el-19  avia-builder-el-no-sibling '><a href='https:\/\/mahschliesstechnik.de\/index.php\/produkte-schliesssysteme\/dom\/'  class='avia-button av-av_button-fcbb69a0e5b95227086570b74b270faa av-link-btn avia-icon_select-yes-left-icon avia-size-x-large avia-position-center avia-color-theme-color-subtle'   aria-label=\"DOM\"><span class='avia_button_icon avia_button_icon_left avia-iconfont avia-font-entypo-fontello' data-av_icon='\ue8d7' data-av_iconfont='entypo-fontello' ><\/span><span class='avia_iconbox_title' >DOM<\/span><\/a><\/div><\/div>\n\n<style type=\"text\/css\" data-created_by=\"avia_inline_auto\" id=\"style-css-av-av_hr-d50449065512dfb87382cb0128eaa335\">\n#top .hr.hr-invisible.av-av_hr-d50449065512dfb87382cb0128eaa335{\nheight:100px;\n}\n<\/style>\n<div  class='hr av-av_hr-d50449065512dfb87382cb0128eaa335 hr-invisible  avia-builder-el-20  el_after_av_one_third  avia-builder-el-last '><span class='hr-inner '><span class=\"hr-inner-style\"><\/span><\/span><\/div>\n","protected":false},"excerpt":{"rendered":"","protected":false},"author":2,"featured_media":0,"parent":0,"menu_order":0,"comment_status":"open","ping_status":"closed","template":"","meta":{"footnotes":""},"class_list":["post-3526","page","type-page","status-publish","hentry"],"_links":{"self":[{"href":"https:\/\/mahschliesstechnik.de\/index.php\/wp-json\/wp\/v2\/pages\/3526","targetHints":{"allow":["GET"]}}],"collection":[{"href":"https:\/\/mahschliesstechnik.de\/index.php\/wp-json\/wp\/v2\/pages"}],"about":[{"href":"https:\/\/mahschliesstechnik.de\/index.php\/wp-json\/wp\/v2\/types\/page"}],"author":[{"embeddable":true,"href":"https:\/\/mahschliesstechnik.de\/index.php\/wp-json\/wp\/v2\/users\/2"}],"replies":[{"embeddable":true,"href":"https:\/\/mahschliesstechnik.de\/index.php\/wp-json\/wp\/v2\/comments?post=3526"}],"version-history":[{"count":32,"href":"https:\/\/mahschliesstechnik.de\/index.php\/wp-json\/wp\/v2\/pages\/3526\/revisions"}],"predecessor-version":[{"id":4062,"href":"https:\/\/mahschliesstechnik.de\/index.php\/wp-json\/wp\/v2\/pages\/3526\/revisions\/4062"}],"wp:attachment":[{"href":"https:\/\/mahschliesstechnik.de\/index.php\/wp-json\/wp\/v2\/media?parent=3526"}],"curies":[{"name":"wp","href":"https:\/\/api.w.org\/{rel}","templated":true}]}}