{"id":3700,"date":"2017-08-24T12:35:21","date_gmt":"2017-08-24T10:35:21","guid":{"rendered":"http:\/\/w7fuy97he.homepage.t-online.de\/wordpress\/?page_id=3700"},"modified":"2018-03-19T15:21:44","modified_gmt":"2018-03-19T14:21:44","slug":"salto","status":"publish","type":"page","link":"https:\/\/mahschliesstechnik.de\/index.php\/produkte-schliesssysteme\/salto\/","title":{"rendered":"Salto"},"content":{"rendered":"<div id='av_section_1'  class='avia-section av-av_section-34308a9d7c2dacc662a4dd8535ad44d4 alternate_color avia-section-default avia-no-shadow  avia-builder-el-0  el_before_av_section  avia-builder-el-first  avia-bg-style-scroll container_wrap sidebar_right'  ><div class='container av-section-cont-open' ><main  role=\"main\" itemprop=\"mainContentOfPage\"  class='template-page content  av-content-small alpha units'><div class='post-entry post-entry-type-page post-entry-3700'><div class='entry-content-wrapper clearfix'>\n<section  class='av_textblock_section av-av_textblock-396ddf1f42196ca838231e61a4602801 '   itemscope=\"itemscope\" itemtype=\"https:\/\/schema.org\/CreativeWork\" ><div class='avia_textblock'  itemprop=\"text\" ><h2 style=\"text-align: center;\">Sichere und komfortable Umgebungen mit SALTO<\/h2>\n<\/div><\/section>\n<div  class='hr av-av_hr-4a566f4a73ae78223e1997276585dc3a hr-short  avia-builder-el-2  el_after_av_textblock  avia-builder-el-last  hr-center'><span class='hr-inner '><span class=\"hr-inner-style\"><\/span><\/span><\/div>\n\n<\/div><\/div><\/main><!-- close content main element --><\/div><\/div><div id='av_section_2'  class='avia-section av-av_section-e21b66684440a49bfeb269226a4c2f83 main_color avia-section-default avia-no-shadow  avia-builder-el-3  el_after_av_section  el_before_av_section  avia-bg-style-scroll container_wrap sidebar_right'  ><div class='container av-section-cont-open' ><div class='template-page content  av-content-small alpha units'><div class='post-entry post-entry-type-page post-entry-3700'><div class='entry-content-wrapper clearfix'>\n<div  class='flex_column av-av_two_fifth-2a9015ff38129c418a3f2eafba3e9512 av_two_fifth  avia-builder-el-4  el_before_av_one_fifth  avia-builder-el-first  first flex_column_div  '     ><p><section  class='av_textblock_section av-av_textblock-396ddf1f42196ca838231e61a4602801 '   itemscope=\"itemscope\" itemtype=\"https:\/\/schema.org\/CreativeWork\" ><div class='avia_textblock'  itemprop=\"text\" ><p>Weltweit finden sich SALTO L\u00f6sungen u.a. in B\u00fcrogeb\u00e4uden, im Finanzsektor, im Einzelhandel sowie in der Industrie und Hotellerie. Die MAH Schlie\u00dftechnik Hessen GmbH ist seit dem 1. Januar 2017 stolzer Vertriebspartner f\u00fcr das SALTO Produktsortiment.<\/p>\n<\/div><\/section><br \/>\n\n<style type=\"text\/css\" data-created_by=\"avia_inline_auto\" id=\"style-css-av-av_hr-1deae294de86921cadf9622fb2da0879\">\n#top .hr.hr-invisible.av-av_hr-1deae294de86921cadf9622fb2da0879{\nheight:25px;\n}\n<\/style>\n<div  class='hr av-av_hr-1deae294de86921cadf9622fb2da0879 hr-invisible  avia-builder-el-6  el_after_av_textblock  el_before_av_textblock '><span class='hr-inner '><span class=\"hr-inner-style\"><\/span><\/span><\/div><br \/>\n<section  class='av_textblock_section av-av_textblock-396ddf1f42196ca838231e61a4602801 '   itemscope=\"itemscope\" itemtype=\"https:\/\/schema.org\/CreativeWork\" ><div class='avia_textblock'  itemprop=\"text\" ><p>Nehmen Sie gemeinsam mit uns Abschied von mechanischen Schl\u00fcsseln. Das SALTO XS4 vereint elektronische T\u00fcrkomponenten, Peripherieger\u00e4te und Software f\u00fcr\u00a0ma\u00dfgeschneiderte kabellose elektronische Zutrittsl\u00f6sungen. So flexibel, wie Sie es brauchen.<\/p>\n<\/div><\/section><\/p><\/div>\n<style type=\"text\/css\" data-created_by=\"avia_inline_auto\" id=\"style-css-av-av_one_fifth-0aa7055fe62c3622faec82866afbaeb2\">\n.flex_column.av-av_one_fifth-0aa7055fe62c3622faec82866afbaeb2{\nborder-radius:0px 0px 0px 0px;\npadding:0px 0px 0px 0px;\n}\n<\/style>\n<div  class='flex_column av-av_one_fifth-0aa7055fe62c3622faec82866afbaeb2 av_one_fifth  avia-builder-el-8  el_after_av_two_fifth  el_before_av_two_fifth  flex_column_div av-zero-column-padding  '     ><\/div>\n<style type=\"text\/css\" data-created_by=\"avia_inline_auto\" id=\"style-css-av-av_two_fifth-0aa7055fe62c3622faec82866afbaeb2\">\n.flex_column.av-av_two_fifth-0aa7055fe62c3622faec82866afbaeb2{\nborder-radius:0px 0px 0px 0px;\npadding:0px 0px 0px 0px;\n}\n<\/style>\n<div  class='flex_column av-av_two_fifth-0aa7055fe62c3622faec82866afbaeb2 av_two_fifth  avia-builder-el-9  el_after_av_one_fifth  el_before_av_hr  flex_column_div av-zero-column-padding  '     ><p><div  class='avia-video av-av_video-75a1fabfd369fa64d07592a08b494885 avia-video-16-9 av-no-preview-image avia-video-load-always av-lazyload-immediate av-lazyload-video-embed'  itemprop=\"video\" itemtype=\"https:\/\/schema.org\/VideoObject\"  data-original_url='https:\/\/youtu.be\/9aWB21OXR94'><script type='text\/html' class='av-video-tmpl'><div class='avia-iframe-wrap'><iframe loading=\"lazy\" width=\"1500\" height=\"844\" src=\"https:\/\/www.youtube.com\/embed\/9aWB21OXR94?feature=oembed&autoplay=0&loop=0&controls=1&mute=0\" frameborder=\"0\" allowfullscreen><\/iframe><\/div><\/script><div class='av-click-to-play-overlay'><div class=\"avia_playpause_icon\"><\/div><\/div><\/div><br \/>\n<section  class='av_textblock_section av-av_textblock-396ddf1f42196ca838231e61a4602801 '   itemscope=\"itemscope\" itemtype=\"https:\/\/schema.org\/CreativeWork\" ><div class='avia_textblock'  itemprop=\"text\" ><p style=\"text-align: right;\">Quelle: <a href=\"https:\/\/youtu.be\/9aWB21OXR94\">YouTube<\/a>\u00a0(externer Link)<\/p>\n<\/div><\/section><\/p><\/div>\n<style type=\"text\/css\" data-created_by=\"avia_inline_auto\" id=\"style-css-av-av_hr-4474f20d2389e2e5ecf918a02da5132e\">\n#top .hr.hr-invisible.av-av_hr-4474f20d2389e2e5ecf918a02da5132e{\nheight:50px;\n}\n<\/style>\n<div  class='hr av-av_hr-4474f20d2389e2e5ecf918a02da5132e hr-invisible  avia-builder-el-12  el_after_av_two_fifth  el_before_av_one_half '><span class='hr-inner '><span class=\"hr-inner-style\"><\/span><\/span><\/div>\n<div  class='flex_column av-av_one_half-2a9015ff38129c418a3f2eafba3e9512 av_one_half  avia-builder-el-13  el_after_av_hr  el_before_av_one_half  first flex_column_div  '     ><section  class='av_textblock_section av-av_textblock-396ddf1f42196ca838231e61a4602801 '   itemscope=\"itemscope\" itemtype=\"https:\/\/schema.org\/CreativeWork\" ><div class='avia_textblock'  itemprop=\"text\" ><p><strong>Unaufdringliche Sicherheit<\/strong><\/p>\n<p>Verbreitung von Systeminformationen \u00fcber das SALTO Virtual Network (SVN) unter Nutzung der normalen Wege von Personen auch \u00fcber Unternehmensbereiche hinweg, wie Empfang, Produktion, Parkplatz, B\u00fcros oder selbst Geb\u00e4ude.<\/p>\n<p><strong>Diebstahlschutz<\/strong><\/p>\n<p>Wissen, wer wann welche T\u00fcren ge\u00f6ffnet hat, auf der gesamten Liegenschaft, von B\u00fcrot\u00fcren und Parkplatzzufahrten bis zu Computer-Racks und Dokumentenschr\u00e4nken.<\/p>\n<p><strong>Optimierte Geb\u00e4udenutzung<\/strong><\/p>\n<p>Durch das flexible \u00c4ndern von Zutrittsberechtigungen lassen sich B\u00fcros, Umkleidekabinen oder auch Besprechungs- und Konferenzr\u00e4ume durch wechselnde Personengruppen individuell und ggf. zeitlich begrenzt nutzen, z.B. f\u00fcr Events oder Meetings.<\/p>\n<\/div><\/section><\/div>\n<style type=\"text\/css\" data-created_by=\"avia_inline_auto\" id=\"style-css-av-av_one_half-0aa7055fe62c3622faec82866afbaeb2\">\n.flex_column.av-av_one_half-0aa7055fe62c3622faec82866afbaeb2{\nborder-radius:0px 0px 0px 0px;\npadding:0px 0px 0px 0px;\n}\n<\/style>\n<div  class='flex_column av-av_one_half-0aa7055fe62c3622faec82866afbaeb2 av_one_half  avia-builder-el-15  el_after_av_one_half  avia-builder-el-last  flex_column_div av-zero-column-padding  '     ><section  class='av_textblock_section av-av_textblock-396ddf1f42196ca838231e61a4602801 '   itemscope=\"itemscope\" itemtype=\"https:\/\/schema.org\/CreativeWork\" ><div class='avia_textblock'  itemprop=\"text\" ><p><strong>Dem Andrang gewachsen sein<\/strong><\/p>\n<p>Bei Schichtwechseln sorgt bew\u00e4hrte RFID-Technologie f\u00fcr ein schnelles Lesen und Schreiben der Ausweise, womit Engp\u00e4sse an Ein- und Ausg\u00e4ngen vermieden werden.<\/p>\n<p><strong>Nahtlose Integration<\/strong><\/p>\n<p>Kombination von unterschiedlichen Sicherheitsgewerken durch die Anbindung an Gefahrenmanagementsysteme (Physical Security Information Management Systems, PSIM) und Geb\u00e4udeautomationssystemen, auch die Integration mit Zutrittsl\u00f6sungen von Drittanbietern ist m\u00f6glich.<\/p>\n<\/div><\/section><\/div><\/div><\/div><\/div><!-- close content main div --><\/div><\/div><div id='av_section_3'  class='avia-section av-av_section-34308a9d7c2dacc662a4dd8535ad44d4 alternate_color avia-section-default avia-no-shadow  avia-builder-el-17  el_after_av_section  el_before_av_one_full  avia-bg-style-scroll container_wrap sidebar_right'  ><div class='container av-section-cont-open' ><div class='template-page content  av-content-small alpha units'><div class='post-entry post-entry-type-page post-entry-3700'><div class='entry-content-wrapper clearfix'>\n<section  class='av_textblock_section av-av_textblock-396ddf1f42196ca838231e61a4602801 '   itemscope=\"itemscope\" itemtype=\"https:\/\/schema.org\/CreativeWork\" ><div class='avia_textblock'  itemprop=\"text\" ><h2 class=\"p1\" style=\"text-align: center;\"><span class=\"s1\">SALTO-L\u00f6sungen in Hotelbetrieben<\/span><\/h2>\n<\/div><\/section>\n<div  class='hr av-av_hr-4a566f4a73ae78223e1997276585dc3a hr-short  avia-builder-el-19  el_after_av_textblock  avia-builder-el-last  hr-center'><span class='hr-inner '><span class=\"hr-inner-style\"><\/span><\/span><\/div>\n<\/div><\/div><\/div><!-- close content main div --><\/div><\/div><div id='after_section_3'  class='main_color av_default_container_wrap container_wrap sidebar_right'  ><div class='container av-section-cont-open' ><div class='template-page content  av-content-small alpha units'><div class='post-entry post-entry-type-page post-entry-3700'><div class='entry-content-wrapper clearfix'><\/p>\n\n<style type=\"text\/css\" data-created_by=\"avia_inline_auto\" id=\"style-css-av-av_one_full-6126cab7d8fab8d08143dd2dacdf673c\">\n.flex_column.av-av_one_full-6126cab7d8fab8d08143dd2dacdf673c{\nborder-radius:0px 0px 0px 0px;\npadding:0px 0px 0px 0px;\n}\n<\/style>\n<div  class='flex_column av-av_one_full-6126cab7d8fab8d08143dd2dacdf673c av_one_full  avia-builder-el-20  el_after_av_section  el_before_av_one_half  avia-builder-el-first  first flex_column_div av-zero-column-padding  '     ><section  class='av_textblock_section av-av_textblock-396ddf1f42196ca838231e61a4602801 '   itemscope=\"itemscope\" itemtype=\"https:\/\/schema.org\/CreativeWork\" ><div class='avia_textblock'  itemprop=\"text\" ><h3><\/h3>\n<p>SALTO L\u00f6sungen finden sich weltweit <strong>in \u00fcber 6.000 Hotelobjekten<\/strong>, u.a. in Designhotels, Luxushotels, Resorthotels, Businesshotels, Familienhotels, Ferienanlagen und Urlaubsresorts.<\/p>\n<h3><strong>Zuverl\u00e4ssige Sicherheit rund um die Uhr f\u00fcr das gesamte Hotel:<\/strong><\/h3>\n<\/div><\/section><\/div>\n\n<style type=\"text\/css\" data-created_by=\"avia_inline_auto\" id=\"style-css-av-av_one_half-6126cab7d8fab8d08143dd2dacdf673c\">\n.flex_column.av-av_one_half-6126cab7d8fab8d08143dd2dacdf673c{\nborder-radius:0px 0px 0px 0px;\npadding:0px 0px 0px 0px;\n}\n<\/style>\n<div  class='flex_column av-av_one_half-6126cab7d8fab8d08143dd2dacdf673c av_one_half  avia-builder-el-22  el_after_av_one_full  el_before_av_one_half  first flex_column_div av-zero-column-padding  column-top-margin'     ><section  class='av_textblock_section av-av_textblock-396ddf1f42196ca838231e61a4602801 '   itemscope=\"itemscope\" itemtype=\"https:\/\/schema.org\/CreativeWork\" ><div class='avia_textblock'  itemprop=\"text\" ><ul>\n<li><strong>Mehr Komfort:<\/strong> Mit JustIN Mobile Key k\u00f6nnen G\u00e4ste ihr Hotelzimmer mit dem Smartphone \u00f6ffnen.<\/li>\n<li><strong>Besser managen:<\/strong> Effizienteres Hotelmanagement mit sofortigem Zimmerwechsel, Gruppen-Check-in und Aufenthaltsverl\u00e4ngerung.<\/li>\n<li><strong>Optimierte Hotelnutzung:<\/strong> Durch das flexible \u00c4ndern von Zutrittsberechtigungen lassen sich z.B. Seminarr\u00e4ume, Konferenzs\u00e4le, Fitnesscenter, Spa, Sporteinrichtungen und Parkpl\u00e4tze individuell und zeitlich begrenzt nutzen.<\/li>\n<\/ul>\n<\/div><\/section><\/div>\n\n<style type=\"text\/css\" data-created_by=\"avia_inline_auto\" id=\"style-css-av-av_one_half-0aa7055fe62c3622faec82866afbaeb2\">\n.flex_column.av-av_one_half-0aa7055fe62c3622faec82866afbaeb2{\nborder-radius:0px 0px 0px 0px;\npadding:0px 0px 0px 0px;\n}\n<\/style>\n<div  class='flex_column av-av_one_half-0aa7055fe62c3622faec82866afbaeb2 av_one_half  avia-builder-el-24  el_after_av_one_half  el_before_av_section  avia-builder-el-last  flex_column_div av-zero-column-padding  column-top-margin'     ><section  class='av_textblock_section av-av_textblock-396ddf1f42196ca838231e61a4602801 '   itemscope=\"itemscope\" itemtype=\"https:\/\/schema.org\/CreativeWork\" ><div class='avia_textblock'  itemprop=\"text\" ><ul>\n<li><strong>Ruhe:<\/strong> Der Privatsph\u00e4renmodus zeigt an, ob sich ein Gast zurzeit im Zimmer befindet. So werden St\u00f6rungen vermieden.<\/li>\n<li><strong>Vielseitig:<\/strong> Eine gro\u00dfe Auswahl an Identmedien, von der Smartphone App \u00fcber kontaktlose Karten bis zu Schl\u00fcsselanh\u00e4ngern und wasserdichten Armb\u00e4ndern, auch im hoteleigenen Design.<\/li>\n<\/ul>\n<\/div><\/section><\/div>\n<\/div><\/div><\/div><!-- close content main div --><\/div><\/div><div id='av_section_4'  class='avia-section av-av_section-34308a9d7c2dacc662a4dd8535ad44d4 alternate_color avia-section-default avia-no-shadow  avia-builder-el-26  el_after_av_one_half  el_before_av_one_full  avia-bg-style-scroll container_wrap sidebar_right'  ><div class='container av-section-cont-open' ><div class='template-page content  av-content-small alpha units'><div class='post-entry post-entry-type-page post-entry-3700'><div class='entry-content-wrapper clearfix'>\n<section  class='av_textblock_section av-av_textblock-396ddf1f42196ca838231e61a4602801 '   itemscope=\"itemscope\" itemtype=\"https:\/\/schema.org\/CreativeWork\" ><div class='avia_textblock'  itemprop=\"text\" ><h2 class=\"p1\" style=\"text-align: center;\"><span class=\"s1\">SALTO-L\u00f6sungen in \u00f6ffentlichen Geb\u00e4uden<\/span><\/h2>\n<\/div><\/section>\n<div  class='hr av-av_hr-4a566f4a73ae78223e1997276585dc3a hr-short  avia-builder-el-28  el_after_av_textblock  avia-builder-el-last  hr-center'><span class='hr-inner '><span class=\"hr-inner-style\"><\/span><\/span><\/div>\n<\/div><\/div><\/div><!-- close content main div --><\/div><\/div><div id='after_section_4'  class='main_color av_default_container_wrap container_wrap sidebar_right'  ><div class='container av-section-cont-open' ><div class='template-page content  av-content-small alpha units'><div class='post-entry post-entry-type-page post-entry-3700'><div class='entry-content-wrapper clearfix'>\n\n<style type=\"text\/css\" data-created_by=\"avia_inline_auto\" id=\"style-css-av-av_one_full-6126cab7d8fab8d08143dd2dacdf673c\">\n.flex_column.av-av_one_full-6126cab7d8fab8d08143dd2dacdf673c{\nborder-radius:0px 0px 0px 0px;\npadding:0px 0px 0px 0px;\n}\n<\/style>\n<div  class='flex_column av-av_one_full-6126cab7d8fab8d08143dd2dacdf673c av_one_full  avia-builder-el-29  el_after_av_section  el_before_av_one_half  avia-builder-el-first  first flex_column_div av-zero-column-padding  '     ><section  class='av_textblock_section av-av_textblock-396ddf1f42196ca838231e61a4602801 '   itemscope=\"itemscope\" itemtype=\"https:\/\/schema.org\/CreativeWork\" ><div class='avia_textblock'  itemprop=\"text\" ><h3><\/h3>\n<p>SALTO L\u00f6sungen finden sich <strong>weltweit auf Bundes-, L\u00e4nder-, Kantons- und kommunaler Ebene<\/strong> u.a. in Parlamenten, Ministerien, Rath\u00e4usern, \u00c4mtern und Verwaltungen, Polizeipr\u00e4sidien, Justizeinrichtungen und Milit\u00e4ranlagen.<\/p>\n<h3>Eine sichere und komfortable Umgebung f\u00fcr Mitarbeiter, B\u00fcrger und externe Dienstleister:<\/h3>\n<\/div><\/section><\/div>\n\n<style type=\"text\/css\" data-created_by=\"avia_inline_auto\" id=\"style-css-av-av_one_half-6126cab7d8fab8d08143dd2dacdf673c\">\n.flex_column.av-av_one_half-6126cab7d8fab8d08143dd2dacdf673c{\nborder-radius:0px 0px 0px 0px;\npadding:0px 0px 0px 0px;\n}\n<\/style>\n<div  class='flex_column av-av_one_half-6126cab7d8fab8d08143dd2dacdf673c av_one_half  avia-builder-el-31  el_after_av_one_full  el_before_av_one_half  first flex_column_div av-zero-column-padding  column-top-margin'     ><section  class='av_textblock_section av-av_textblock-396ddf1f42196ca838231e61a4602801 '   itemscope=\"itemscope\" itemtype=\"https:\/\/schema.org\/CreativeWork\" ><div class='avia_textblock'  itemprop=\"text\" ><ul>\n<li><strong>Abgrenzung von \u00f6ffentlichen und nicht-\u00f6ffentlichen Bereichen:<\/strong> Einfache Vergabe von Zutrittsrechten an Personen oder Personengruppen zu unterschiedlichen Bereichen, wie Foyers, Wartebereiche, Sitzungss\u00e4le, B\u00fcros, Flure oder auch ganze Geb\u00e4ude.<\/li>\n<li><strong>Optimierte Geb\u00e4udenutzung:<\/strong> Durch das flexible \u00c4ndern von Zutrittsberechtigungen lassen sich Bibliotheken, Parkpl\u00e4tze, S\u00e4le etc., durch wechselnde Personengruppen individuell und ggf. zeitlich begrenzt nutzen, z.B. f\u00fcr Konferenzen oder kulturelle Veranstaltungen.<\/li>\n<li><strong>Unter Kontrolle:<\/strong> In bestimmten Gefahrensituationen kann die Notschlie\u00dfung zur Deeskalation der Lage beitragen.<\/li>\n<\/ul>\n<\/div><\/section><\/div>\n\n<style type=\"text\/css\" data-created_by=\"avia_inline_auto\" id=\"style-css-av-av_one_half-0aa7055fe62c3622faec82866afbaeb2\">\n.flex_column.av-av_one_half-0aa7055fe62c3622faec82866afbaeb2{\nborder-radius:0px 0px 0px 0px;\npadding:0px 0px 0px 0px;\n}\n<\/style>\n<div  class='flex_column av-av_one_half-0aa7055fe62c3622faec82866afbaeb2 av_one_half  avia-builder-el-33  el_after_av_one_half  avia-builder-el-last  flex_column_div av-zero-column-padding  column-top-margin'     ><section  class='av_textblock_section av-av_textblock-396ddf1f42196ca838231e61a4602801 '   itemscope=\"itemscope\" itemtype=\"https:\/\/schema.org\/CreativeWork\" ><div class='avia_textblock'  itemprop=\"text\" ><ul>\n<li><strong>Hart im Nehmen:<\/strong> Die elektronischen T\u00fcrkomponenten sind f\u00fcr einen harten Alltagseinsatz ausgelegt und erf\u00fcllen die Normen und Richtlinien, die f\u00fcr einen Einsatz in \u00f6ffentlichen Einrichtungen gefordert werden.<\/li>\n<li><strong>Unaufdringliche Sicherheit:<\/strong> Verbreitung von Systeminformationen \u00fcber das SALTO Virtual Network (SVN) in einem Geb\u00e4ude sowie \u00fcber mehrere Geb\u00e4ude hinweg durch die Nutzung des gleichen Identmediums in allen Einrichtungen.<\/li>\n<\/ul>\n<\/div><\/section><\/div>\n","protected":false},"excerpt":{"rendered":"","protected":false},"author":2,"featured_media":0,"parent":3526,"menu_order":0,"comment_status":"closed","ping_status":"closed","template":"","meta":{"footnotes":""},"class_list":["post-3700","page","type-page","status-publish","hentry"],"_links":{"self":[{"href":"https:\/\/mahschliesstechnik.de\/index.php\/wp-json\/wp\/v2\/pages\/3700","targetHints":{"allow":["GET"]}}],"collection":[{"href":"https:\/\/mahschliesstechnik.de\/index.php\/wp-json\/wp\/v2\/pages"}],"about":[{"href":"https:\/\/mahschliesstechnik.de\/index.php\/wp-json\/wp\/v2\/types\/page"}],"author":[{"embeddable":true,"href":"https:\/\/mahschliesstechnik.de\/index.php\/wp-json\/wp\/v2\/users\/2"}],"replies":[{"embeddable":true,"href":"https:\/\/mahschliesstechnik.de\/index.php\/wp-json\/wp\/v2\/comments?post=3700"}],"version-history":[{"count":8,"href":"https:\/\/mahschliesstechnik.de\/index.php\/wp-json\/wp\/v2\/pages\/3700\/revisions"}],"predecessor-version":[{"id":4077,"href":"https:\/\/mahschliesstechnik.de\/index.php\/wp-json\/wp\/v2\/pages\/3700\/revisions\/4077"}],"up":[{"embeddable":true,"href":"https:\/\/mahschliesstechnik.de\/index.php\/wp-json\/wp\/v2\/pages\/3526"}],"wp:attachment":[{"href":"https:\/\/mahschliesstechnik.de\/index.php\/wp-json\/wp\/v2\/media?parent=3700"}],"curies":[{"name":"wp","href":"https:\/\/api.w.org\/{rel}","templated":true}]}}