{"id":3717,"date":"2017-08-24T12:53:45","date_gmt":"2017-08-24T10:53:45","guid":{"rendered":"http:\/\/w7fuy97he.homepage.t-online.de\/wordpress\/?page_id=3717"},"modified":"2018-03-19T14:16:06","modified_gmt":"2018-03-19T13:16:06","slug":"wilka","status":"publish","type":"page","link":"https:\/\/mahschliesstechnik.de\/index.php\/produkte-schliesssysteme\/wilka\/","title":{"rendered":"WILKA"},"content":{"rendered":"<div id='av_section_1'  class='avia-section av-av_section-34308a9d7c2dacc662a4dd8535ad44d4 alternate_color avia-section-default avia-no-shadow  avia-builder-el-0  el_before_av_section  avia-builder-el-first  avia-bg-style-scroll container_wrap sidebar_right'  ><div class='container av-section-cont-open' ><main  role=\"main\" itemprop=\"mainContentOfPage\"  class='template-page content  av-content-small alpha units'><div class='post-entry post-entry-type-page post-entry-3717'><div class='entry-content-wrapper clearfix'>\n<section  class='av_textblock_section av-av_textblock-396ddf1f42196ca838231e61a4602801 '   itemscope=\"itemscope\" itemtype=\"https:\/\/schema.org\/CreativeWork\" ><div class='avia_textblock'  itemprop=\"text\" ><h2 style=\"text-align: center;\">Schlie\u00dfanlagen von WILKA<\/h2>\n<\/div><\/section>\n<div  class='hr av-av_hr-4a566f4a73ae78223e1997276585dc3a hr-short  avia-builder-el-2  el_after_av_textblock  avia-builder-el-last  hr-center'><span class='hr-inner '><span class=\"hr-inner-style\"><\/span><\/span><\/div>\n\n<\/div><\/div><\/main><!-- close content main element --><\/div><\/div><div id='av_section_2'  class='avia-section av-av_section-e21b66684440a49bfeb269226a4c2f83 main_color avia-section-default avia-no-shadow  avia-builder-el-3  el_after_av_section  el_before_av_section  avia-bg-style-scroll container_wrap sidebar_right'  ><div class='container av-section-cont-open' ><div class='template-page content  av-content-small alpha units'><div class='post-entry post-entry-type-page post-entry-3717'><div class='entry-content-wrapper clearfix'>\n<div  class='flex_column av-av_two_fifth-2a9015ff38129c418a3f2eafba3e9512 av_two_fifth  avia-builder-el-4  el_before_av_three_fifth  avia-builder-el-first  first flex_column_div  '     ><section  class='av_textblock_section av-av_textblock-396ddf1f42196ca838231e61a4602801 '   itemscope=\"itemscope\" itemtype=\"https:\/\/schema.org\/CreativeWork\" ><div class='avia_textblock'  itemprop=\"text\" ><p>Eine pr\u00e4zise Fertigung auf Grundlage technisch ausgereifter Entwicklungen mit umfangreichen Qualit\u00e4tskontrollen sind Garanten f\u00fcr die Produkte mit hohem Qualit\u00e4tsstandard von WILKA. St\u00e4ndige Innovationen auf der Grundlage problemorientierter, marktnaher Aufgabenstellungen sind Ausdruck der zukunftgerichteten Unternehmenspolitik.<\/p>\n<p>Mit einer\u00a0umfangreichen Produktpalette deckt\u00a0WILKA das Feld\u00a0zukunftsorientierter Schlie\u00dfsysteme ab.<\/p>\n<\/div><\/section><\/div>\n<style type=\"text\/css\" data-created_by=\"avia_inline_auto\" id=\"style-css-av-av_three_fifth-0aa7055fe62c3622faec82866afbaeb2\">\n.flex_column.av-av_three_fifth-0aa7055fe62c3622faec82866afbaeb2{\nborder-radius:0px 0px 0px 0px;\npadding:0px 0px 0px 0px;\n}\n<\/style>\n<div  class='flex_column av-av_three_fifth-0aa7055fe62c3622faec82866afbaeb2 av_three_fifth  avia-builder-el-6  el_after_av_two_fifth  avia-builder-el-last  flex_column_div av-zero-column-padding  '     ><p>\n<style type=\"text\/css\" data-created_by=\"avia_inline_auto\" id=\"style-css-av-av_image-9768381f86138cf09f0b83c6d7d983b5\">\n.avia-image-container.av-av_image-9768381f86138cf09f0b83c6d7d983b5 img.avia_image{\nbox-shadow:none;\n}\n.avia-image-container.av-av_image-9768381f86138cf09f0b83c6d7d983b5 .av-image-caption-overlay-center{\ncolor:#ffffff;\nfont-size:10px;\n}\n<\/style>\n<div  class='avia-image-container av-av_image-9768381f86138cf09f0b83c6d7d983b5 av-styling- avia-align-center  avia-builder-el-7  el_before_av_textblock  avia-builder-el-first '   itemprop=\"image\" itemscope=\"itemscope\" itemtype=\"https:\/\/schema.org\/ImageObject\" ><div class=\"avia-image-container-inner\"><div class=\"avia-image-overlay-wrap\"><img fetchpriority=\"high\" class='wp-image-3786 avia-img-lazy-loading-not-3786 avia_image ' src='https:\/\/mahschliesstechnik.de\/wp-content\/uploads\/2017\/08\/WILKA_Schliesssysteme.jpg' alt='Schlie\u00dfsysteme von WILKA' title='WILKA Schlie\u00dfsysteme'  height=\"300\" width=\"1000\"  itemprop=\"thumbnailUrl\"  \/><\/div><\/div><\/div><br \/>\n<section  class='av_textblock_section av-av_textblock-396ddf1f42196ca838231e61a4602801 '   itemscope=\"itemscope\" itemtype=\"https:\/\/schema.org\/CreativeWork\" ><div class='avia_textblock'  itemprop=\"text\" ><p style=\"text-align: right;\">Bildquelle: Roman Bracht Fotografie<\/p>\n<\/div><\/section><\/p><\/div><\/div><\/div><\/div><!-- close content main div --><\/div><\/div><div id='av_section_3'  class='avia-section av-av_section-34308a9d7c2dacc662a4dd8535ad44d4 alternate_color avia-section-default avia-no-shadow  avia-builder-el-9  el_after_av_section  el_before_av_one_half  avia-bg-style-scroll container_wrap sidebar_right'  ><div class='container av-section-cont-open' ><div class='template-page content  av-content-small alpha units'><div class='post-entry post-entry-type-page post-entry-3717'><div class='entry-content-wrapper clearfix'>\n<section  class='av_textblock_section av-av_textblock-396ddf1f42196ca838231e61a4602801 '   itemscope=\"itemscope\" itemtype=\"https:\/\/schema.org\/CreativeWork\" ><div class='avia_textblock'  itemprop=\"text\" ><h2 class=\"p1\" style=\"text-align: center;\"><span class=\"s1\">Schlie\u00dfanlagen<\/span><\/h2>\n<\/div><\/section>\n<div  class='hr av-av_hr-4a566f4a73ae78223e1997276585dc3a hr-short  avia-builder-el-11  el_after_av_textblock  avia-builder-el-last  hr-center'><span class='hr-inner '><span class=\"hr-inner-style\"><\/span><\/span><\/div>\n<\/div><\/div><\/div><!-- close content main div --><\/div><\/div><div id='after_section_3'  class='main_color av_default_container_wrap container_wrap sidebar_right'  ><div class='container av-section-cont-open' ><div class='template-page content  av-content-small alpha units'><div class='post-entry post-entry-type-page post-entry-3717'><div class='entry-content-wrapper clearfix'><\/p>\n\n<style type=\"text\/css\" data-created_by=\"avia_inline_auto\" id=\"style-css-av-av_one_half-6126cab7d8fab8d08143dd2dacdf673c\">\n.flex_column.av-av_one_half-6126cab7d8fab8d08143dd2dacdf673c{\nborder-radius:0px 0px 0px 0px;\npadding:0px 0px 0px 0px;\n}\n<\/style>\n<div  class='flex_column av-av_one_half-6126cab7d8fab8d08143dd2dacdf673c av_one_half  avia-builder-el-12  el_after_av_section  el_before_av_one_half  avia-builder-el-first  first flex_column_div av-zero-column-padding  '     ><section  class='av_textblock_section av-av_textblock-396ddf1f42196ca838231e61a4602801 '   itemscope=\"itemscope\" itemtype=\"https:\/\/schema.org\/CreativeWork\" ><div class='avia_textblock'  itemprop=\"text\" ><h3>Schlie\u00dfanlagen<\/h3>\n<p>Schlie\u00dfanlagen sind <strong>Kombinationen von Schlie\u00dfzylindern und zugeh\u00f6rigen Schl\u00fcsseln<\/strong>, die es dem Eigent\u00fcmer erm\u00f6glichen die Absicherung seines Geb\u00e4udes individuell zu gestalten. Innerhalb des Geb\u00e4udes k\u00f6nnen unterschiedliche Zutrittsrechte vergeben werden. Jeder Schl\u00fcssel\u00a0 kann unterschiedliche T\u00fcren \u00f6ffnen, die Erweiterung ist jederzeit m\u00f6glich. Auch eine Einbindung von elektronischen Zylindern ist m\u00f6glich. Durch die Nutzung <strong>patentrechtlich gesch\u00fctzter Profilsysteme<\/strong> ist ein langzeitiger Schutz der Schlie\u00dfanlagen gegen unberechtigte Schl\u00fcsselkopien gew\u00e4hrleistet.<\/p>\n<\/div><\/section><\/div>\n\n<style type=\"text\/css\" data-created_by=\"avia_inline_auto\" id=\"style-css-av-av_one_half-0aa7055fe62c3622faec82866afbaeb2\">\n.flex_column.av-av_one_half-0aa7055fe62c3622faec82866afbaeb2{\nborder-radius:0px 0px 0px 0px;\npadding:0px 0px 0px 0px;\n}\n<\/style>\n<div  class='flex_column av-av_one_half-0aa7055fe62c3622faec82866afbaeb2 av_one_half  avia-builder-el-14  el_after_av_one_half  el_before_av_hr  flex_column_div av-zero-column-padding  '     ><section  class='av_textblock_section av-av_textblock-396ddf1f42196ca838231e61a4602801 '   itemscope=\"itemscope\" itemtype=\"https:\/\/schema.org\/CreativeWork\" ><div class='avia_textblock'  itemprop=\"text\" ><h3>Fluchtt\u00fcrschl\u00f6sser<\/h3>\n<p>Wir bieten Ihnen <strong>Komplettl\u00f6sungen f\u00fcr ein- und zweifl\u00fcgelige Fluchtt\u00fcren<\/strong>, die entsprechend der europ\u00e4isch harmonisierten Fluchtwegnormen EN 179, EN 1125 und EN 12209 zertifiziert sind.<\/p>\n<p>In diesem Zusammenhang ist f\u00fcr Sie als Architekt, Planer oder Nutzer wichtig, dass nur Verschlusskomponenten als Verschlusssystem verbaut werden d\u00fcrfen, die miteinander gepr\u00fcft und zertifiziert sind.<\/p>\n<\/div><\/section><\/div>\n\n<style type=\"text\/css\" data-created_by=\"avia_inline_auto\" id=\"style-css-av-av_hr-4474f20d2389e2e5ecf918a02da5132e\">\n#top .hr.hr-invisible.av-av_hr-4474f20d2389e2e5ecf918a02da5132e{\nheight:50px;\n}\n<\/style>\n<div  class='hr av-av_hr-4474f20d2389e2e5ecf918a02da5132e hr-invisible  avia-builder-el-16  el_after_av_one_half  el_before_av_one_half '><span class='hr-inner '><span class=\"hr-inner-style\"><\/span><\/span><\/div>\n\n<style type=\"text\/css\" data-created_by=\"avia_inline_auto\" id=\"style-css-av-av_one_half-6126cab7d8fab8d08143dd2dacdf673c\">\n.flex_column.av-av_one_half-6126cab7d8fab8d08143dd2dacdf673c{\nborder-radius:0px 0px 0px 0px;\npadding:0px 0px 0px 0px;\n}\n<\/style>\n<div  class='flex_column av-av_one_half-6126cab7d8fab8d08143dd2dacdf673c av_one_half  avia-builder-el-17  el_after_av_hr  el_before_av_one_half  first flex_column_div av-zero-column-padding  '     ><style type=\"text\/css\" data-created_by=\"avia_inline_auto\" id=\"style-css-av-av_image-81373b8eac69ce27ea661a95fd0faae4\">\n.avia-image-container.av-av_image-81373b8eac69ce27ea661a95fd0faae4 img.avia_image{\nbox-shadow:none;\n}\n.avia-image-container.av-av_image-81373b8eac69ce27ea661a95fd0faae4 .av-image-caption-overlay-center{\ncolor:#ffffff;\n}\n<\/style>\n<div  class='avia-image-container av-av_image-81373b8eac69ce27ea661a95fd0faae4 av-styling- avia-align-center  avia-builder-el-18  avia-builder-el-no-sibling '   itemprop=\"image\" itemscope=\"itemscope\" itemtype=\"https:\/\/schema.org\/ImageObject\" ><div class=\"avia-image-container-inner\"><div class=\"avia-image-overlay-wrap\"><img fetchpriority=\"high\" class='wp-image-3823 avia-img-lazy-loading-not-3823 avia_image ' src='https:\/\/mahschliesstechnik.de\/wp-content\/uploads\/2017\/08\/WILKA-Partner.jpg' alt='Wir sind WILKA Partner' title='WILKA Partner'  height=\"94\" width=\"605\"  itemprop=\"thumbnailUrl\"  \/><\/div><\/div><\/div><\/div>\n\n<style type=\"text\/css\" data-created_by=\"avia_inline_auto\" id=\"style-css-av-av_one_half-0aa7055fe62c3622faec82866afbaeb2\">\n.flex_column.av-av_one_half-0aa7055fe62c3622faec82866afbaeb2{\nborder-radius:0px 0px 0px 0px;\npadding:0px 0px 0px 0px;\n}\n<\/style>\n<div  class='flex_column av-av_one_half-0aa7055fe62c3622faec82866afbaeb2 av_one_half  avia-builder-el-19  el_after_av_one_half  el_before_av_section  avia-builder-el-last  flex_column_div av-zero-column-padding  '     ><section  class='av_textblock_section av-av_textblock-396ddf1f42196ca838231e61a4602801 '   itemscope=\"itemscope\" itemtype=\"https:\/\/schema.org\/CreativeWork\" ><div class='avia_textblock'  itemprop=\"text\" ><p>Hier handelt es sich um Fluchtwegprodukte, Zubeh\u00f6rteile wie Schlie\u00dfbleche, Treibriegelstangen usw. bis hin zu Beschl\u00e4gen und E-\u00d6ffnern. Unser <strong>Fluchtwegprogramm<\/strong> wird permanent erweitert und angepasst. Alle zertifizierten und damit zugelassenen Komponenten k\u00f6nnen Sie unseren offiziellen Zertifikaten entnehmen.<\/p>\n<\/div><\/section><\/div>\n<\/div><\/div><\/div><!-- close content main div --><\/div><\/div><div id='av_section_4'  class='avia-section av-av_section-34308a9d7c2dacc662a4dd8535ad44d4 alternate_color avia-section-default avia-no-shadow  avia-builder-el-21  el_after_av_one_half  el_before_av_two_third  avia-bg-style-scroll container_wrap sidebar_right'  ><div class='container av-section-cont-open' ><div class='template-page content  av-content-small alpha units'><div class='post-entry post-entry-type-page post-entry-3717'><div class='entry-content-wrapper clearfix'>\n<section  class='av_textblock_section av-av_textblock-396ddf1f42196ca838231e61a4602801 '   itemscope=\"itemscope\" itemtype=\"https:\/\/schema.org\/CreativeWork\" ><div class='avia_textblock'  itemprop=\"text\" ><h2 style=\"text-align: center;\">Das WILKA Rohrrahmenprogramm<\/h2>\n<\/div><\/section>\n<div  class='hr av-av_hr-4a566f4a73ae78223e1997276585dc3a hr-short  avia-builder-el-23  el_after_av_textblock  avia-builder-el-last  hr-center'><span class='hr-inner '><span class=\"hr-inner-style\"><\/span><\/span><\/div>\n<\/div><\/div><\/div><!-- close content main div --><\/div><\/div><div id='after_section_4'  class='main_color av_default_container_wrap container_wrap sidebar_right'  ><div class='container av-section-cont-open' ><div class='template-page content  av-content-small alpha units'><div class='post-entry post-entry-type-page post-entry-3717'><div class='entry-content-wrapper clearfix'>\n\n<style type=\"text\/css\" data-created_by=\"avia_inline_auto\" id=\"style-css-av-av_two_third-6126cab7d8fab8d08143dd2dacdf673c\">\n.flex_column.av-av_two_third-6126cab7d8fab8d08143dd2dacdf673c{\nborder-radius:0px 0px 0px 0px;\npadding:0px 0px 0px 0px;\n}\n<\/style>\n<div  class='flex_column av-av_two_third-6126cab7d8fab8d08143dd2dacdf673c av_two_third  avia-builder-el-24  el_after_av_section  el_before_av_one_third  avia-builder-el-first  first flex_column_div av-zero-column-padding  '     ><section  class='av_textblock_section av-av_textblock-396ddf1f42196ca838231e61a4602801 '   itemscope=\"itemscope\" itemtype=\"https:\/\/schema.org\/CreativeWork\" ><div class='avia_textblock'  itemprop=\"text\" ><p class=\"p1\"><span class=\"s1\">WILKA bietet Ihnen einen gro\u00dfen Entscheidungsspielraum, da sehr viele Beschlaghersteller und Hersteller von Verschlusskomponenten in unsere Systeml\u00f6sungen integriert wurden.<\/span><\/p>\n<p>Produktportfolio im Metallbau umfassen Schl\u00f6sser, Zubeh\u00f6r und Beschl\u00e4ge von hoher Qualit\u00e4t.\u00a0Durch intelligente Produktl\u00f6sungen entstehen f\u00fcr\u00a0die Marktpartner Synergieeffekte und Alleinstellungsmerkmale.<\/p>\n<p>Das <strong>WILKA-Rohrrahmenprogramm<\/strong> bietet au\u00dferhalb der Fluchtwegsysteme\u00a0alle Ausstattungsmerkmale, die\u00a0man von einem f\u00fchrenden Hersteller von Schlie\u00dftechnik erwarten kann.<\/p>\n<p>Eine Besonderheit sind Rohrrahmenschl\u00f6sser bis hin zu Fluchtwegprodukten mit gleichen Stulp- und Kastenma\u00dfen. Selbst bei Gangfl\u00fcgelschl\u00f6ssern mit Zusatzverriegelung nach oben\u00a0wird ein gleiches\u00a0Rasterma\u00df realisiert. Dies bietet gro\u00dfe\u00a0Vorteile bei der Verarbeitung.<\/p>\n<\/div><\/section><\/div>\n\n<style type=\"text\/css\" data-created_by=\"avia_inline_auto\" id=\"style-css-av-av_one_third-0aa7055fe62c3622faec82866afbaeb2\">\n.flex_column.av-av_one_third-0aa7055fe62c3622faec82866afbaeb2{\nborder-radius:0px 0px 0px 0px;\npadding:0px 0px 0px 0px;\n}\n<\/style>\n<div  class='flex_column av-av_one_third-0aa7055fe62c3622faec82866afbaeb2 av_one_third  avia-builder-el-26  el_after_av_two_third  avia-builder-el-last  flex_column_div av-zero-column-padding  '     ><p>\n<style type=\"text\/css\" data-created_by=\"avia_inline_auto\" id=\"style-css-av-av_image-deb05f1217f4fe6d7379289a6a1ac198\">\n.avia-image-container.av-av_image-deb05f1217f4fe6d7379289a6a1ac198 img.avia_image{\nbox-shadow:none;\n}\n.avia-image-container.av-av_image-deb05f1217f4fe6d7379289a6a1ac198 .av-image-caption-overlay-center{\ncolor:#ffffff;\n}\n<\/style>\n<div  class='avia-image-container av-av_image-deb05f1217f4fe6d7379289a6a1ac198 av-styling- avia-align-center  avia-builder-el-27  el_before_av_textblock  avia-builder-el-first '   itemprop=\"image\" itemscope=\"itemscope\" itemtype=\"https:\/\/schema.org\/ImageObject\" ><div class=\"avia-image-container-inner\"><div class=\"avia-image-overlay-wrap\"><img fetchpriority=\"high\" class='wp-image-3785 avia-img-lazy-loading-not-3785 avia_image ' src='https:\/\/mahschliesstechnik.de\/wp-content\/uploads\/2017\/08\/WILKA_Schliessanlagen.jpg' alt='Schlie\u00dfanlagen von WILKA' title='WILKA Schlie\u00dfanlagen'  height=\"1000\" width=\"1000\"  itemprop=\"thumbnailUrl\"  \/><\/div><\/div><\/div><br \/>\n<section  class='av_textblock_section av-av_textblock-396ddf1f42196ca838231e61a4602801 '   itemscope=\"itemscope\" itemtype=\"https:\/\/schema.org\/CreativeWork\" ><div class='avia_textblock'  itemprop=\"text\" ><p style=\"text-align: right;\">Bildquelle: Roman Bracht Fotografie<\/p>\n<\/div><\/section><\/p><\/div>\n","protected":false},"excerpt":{"rendered":"","protected":false},"author":2,"featured_media":0,"parent":3526,"menu_order":0,"comment_status":"closed","ping_status":"closed","template":"","meta":{"footnotes":""},"class_list":["post-3717","page","type-page","status-publish","hentry"],"_links":{"self":[{"href":"https:\/\/mahschliesstechnik.de\/index.php\/wp-json\/wp\/v2\/pages\/3717","targetHints":{"allow":["GET"]}}],"collection":[{"href":"https:\/\/mahschliesstechnik.de\/index.php\/wp-json\/wp\/v2\/pages"}],"about":[{"href":"https:\/\/mahschliesstechnik.de\/index.php\/wp-json\/wp\/v2\/types\/page"}],"author":[{"embeddable":true,"href":"https:\/\/mahschliesstechnik.de\/index.php\/wp-json\/wp\/v2\/users\/2"}],"replies":[{"embeddable":true,"href":"https:\/\/mahschliesstechnik.de\/index.php\/wp-json\/wp\/v2\/comments?post=3717"}],"version-history":[{"count":7,"href":"https:\/\/mahschliesstechnik.de\/index.php\/wp-json\/wp\/v2\/pages\/3717\/revisions"}],"predecessor-version":[{"id":5873,"href":"https:\/\/mahschliesstechnik.de\/index.php\/wp-json\/wp\/v2\/pages\/3717\/revisions\/5873"}],"up":[{"embeddable":true,"href":"https:\/\/mahschliesstechnik.de\/index.php\/wp-json\/wp\/v2\/pages\/3526"}],"wp:attachment":[{"href":"https:\/\/mahschliesstechnik.de\/index.php\/wp-json\/wp\/v2\/media?parent=3717"}],"curies":[{"name":"wp","href":"https:\/\/api.w.org\/{rel}","templated":true}]}}