{"id":3722,"date":"2017-08-24T15:14:33","date_gmt":"2017-08-24T13:14:33","guid":{"rendered":"http:\/\/w7fuy97he.homepage.t-online.de\/wordpress\/?page_id=3722"},"modified":"2018-03-19T15:23:47","modified_gmt":"2018-03-19T14:23:47","slug":"gu-bks","status":"publish","type":"page","link":"https:\/\/mahschliesstechnik.de\/index.php\/produkte-schliesssysteme\/gu-bks\/","title":{"rendered":"Gretsch-Unitas (GU)"},"content":{"rendered":"\n<style type=\"text\/css\" data-created_by=\"avia_inline_auto\" id=\"style-css-av-av_one_full-6126cab7d8fab8d08143dd2dacdf673c\">\n.flex_column.av-av_one_full-6126cab7d8fab8d08143dd2dacdf673c{\nborder-radius:0px 0px 0px 0px;\npadding:0px 0px 0px 0px;\n}\n<\/style>\n<div  class='flex_column av-av_one_full-6126cab7d8fab8d08143dd2dacdf673c av_one_full  avia-builder-el-0  el_before_av_one_half  avia-builder-el-first  first flex_column_div av-zero-column-padding  '     ><section  class='av_textblock_section av-av_textblock-396ddf1f42196ca838231e61a4602801 '   itemscope=\"itemscope\" itemtype=\"https:\/\/schema.org\/CreativeWork\" ><div class='avia_textblock'  itemprop=\"text\" ><h1 class=\"main-title entry-title\" style=\"text-align: center;\">Gretsch-Unitas (GU)<\/h1>\n<\/div><\/section><br \/>\n<div  class='hr av-av_hr-4a566f4a73ae78223e1997276585dc3a hr-short  avia-builder-el-2  el_after_av_textblock  avia-builder-el-last  hr-center'><span class='hr-inner '><span class=\"hr-inner-style\"><\/span><\/span><\/div><\/p><\/div>\n\n<style type=\"text\/css\" data-created_by=\"avia_inline_auto\" id=\"style-css-av-av_one_half-6126cab7d8fab8d08143dd2dacdf673c\">\n.flex_column.av-av_one_half-6126cab7d8fab8d08143dd2dacdf673c{\nborder-radius:0px 0px 0px 0px;\npadding:0px 0px 0px 0px;\n}\n<\/style>\n<div  class='flex_column av-av_one_half-6126cab7d8fab8d08143dd2dacdf673c av_one_half  avia-builder-el-3  el_after_av_one_full  el_before_av_one_half  first flex_column_div av-zero-column-padding  column-top-margin'     ><section  class='av_textblock_section av-av_textblock-396ddf1f42196ca838231e61a4602801 '   itemscope=\"itemscope\" itemtype=\"https:\/\/schema.org\/CreativeWork\" ><div class='avia_textblock'  itemprop=\"text\" ><h3><span class=\"s1\">T\u00fcrtechnik von\u00a0GU<\/span><\/h3>\n<p class=\"p1\">F\u00fcr komfor\u00adtable und sichere T\u00fcr\u00adfunk\u00adtionen bieten wir mit unserem Partner, der Gretsch-Unitas-Gruppe alles, um ein reibungs\u00adloses Funk\u00adti\u00adons\u00adzu\u00adsam\u00admen\u00adspiel zu gew\u00e4hrleisten: eine gro\u00dfe Aus\u00adwahl an Pro\u00addukten, tech\u00adni\u00adsche Innova\u00adtionen, und hoher Qualit\u00e4t.<\/p>\n<p class=\"p1\">Dazu geh\u00f6rt nat\u00fcr\u00adlich auch die fach\u00adliche Bera\u00adtung \u2013 bei schwie\u00adrigen Auf\u00adgaben gen\u00fcgt ein Anruf und Sie k\u00f6nnen auf unsere Unter\u00adst\u00fctzung bauen.<\/p>\n<p>GU ist unser zuverl\u00e4ssiger Partner in Sachen <strong>Flucht- und Rettungstechnik<\/strong>.<\/p>\n<\/div><\/section><br \/>\n\n<style type=\"text\/css\" data-created_by=\"avia_inline_auto\" id=\"style-css-av-av_hr-4474f20d2389e2e5ecf918a02da5132e\">\n#top .hr.hr-invisible.av-av_hr-4474f20d2389e2e5ecf918a02da5132e{\nheight:50px;\n}\n<\/style>\n<div  class='hr av-av_hr-4474f20d2389e2e5ecf918a02da5132e hr-invisible  avia-builder-el-5  el_after_av_textblock  el_before_av_image '><span class='hr-inner '><span class=\"hr-inner-style\"><\/span><\/span><\/div><br \/>\n\n<style type=\"text\/css\" data-created_by=\"avia_inline_auto\" id=\"style-css-av-av_image-c76201f8305a7f364f1e02ad8f120b2f\">\n.avia-image-container.av-av_image-c76201f8305a7f364f1e02ad8f120b2f img.avia_image{\nbox-shadow:none;\n}\n.avia-image-container.av-av_image-c76201f8305a7f364f1e02ad8f120b2f .av-image-caption-overlay-center{\ncolor:#ffffff;\n}\n<\/style>\n<div  class='avia-image-container av-av_image-c76201f8305a7f364f1e02ad8f120b2f av-styling- avia-align-center  avia-builder-el-6  el_after_av_hr  avia-builder-el-last '   itemprop=\"image\" itemscope=\"itemscope\" itemtype=\"https:\/\/schema.org\/ImageObject\" ><div class=\"avia-image-container-inner\"><div class=\"avia-image-overlay-wrap\"><img fetchpriority=\"high\" class='wp-image-3822 avia-img-lazy-loading-not-3822 avia_image ' src='https:\/\/mahschliesstechnik.de\/wp-content\/uploads\/2017\/08\/GU-BKS.png' alt='Produkte von GU und BKS' title='GU BKS'  height=\"45\" width=\"462\"  itemprop=\"thumbnailUrl\"  \/><\/div><\/div><\/div><\/p><\/div>\n<style type=\"text\/css\" data-created_by=\"avia_inline_auto\" id=\"style-css-av-av_one_half-0aa7055fe62c3622faec82866afbaeb2\">\n.flex_column.av-av_one_half-0aa7055fe62c3622faec82866afbaeb2{\nborder-radius:0px 0px 0px 0px;\npadding:0px 0px 0px 0px;\n}\n<\/style>\n<div  class='flex_column av-av_one_half-0aa7055fe62c3622faec82866afbaeb2 av_one_half  avia-builder-el-7  el_after_av_one_half  el_before_av_hr  flex_column_div av-zero-column-padding  column-top-margin'     ><p><div  class='avia-video av-av_video-b0c451cc8caf6b3b5399dbf25276f86a avia-video-16-9 av-no-preview-image avia-video-load-always av-lazyload-immediate av-lazyload-video-embed'  itemprop=\"video\" itemtype=\"https:\/\/schema.org\/VideoObject\"  data-original_url='https:\/\/youtu.be\/C3bP7essAEM'><script type='text\/html' class='av-video-tmpl'><div class='avia-iframe-wrap'><iframe loading=\"lazy\" width=\"1500\" height=\"844\" src=\"https:\/\/www.youtube.com\/embed\/C3bP7essAEM?feature=oembed&autoplay=0&loop=0&controls=1&mute=0\" frameborder=\"0\" allowfullscreen><\/iframe><\/div><\/script><div class='av-click-to-play-overlay'><div class=\"avia_playpause_icon\"><\/div><\/div><\/div><br \/>\n<section  class='av_textblock_section av-av_textblock-396ddf1f42196ca838231e61a4602801 '   itemscope=\"itemscope\" itemtype=\"https:\/\/schema.org\/CreativeWork\" ><div class='avia_textblock'  itemprop=\"text\" ><p>Quelle: <a href=\"https:\/\/youtu.be\/C3bP7essAEM\">YouTube<\/a>\u00a0(externer Link)<\/p>\n<\/div><\/section><\/p><\/div>\n<style type=\"text\/css\" data-created_by=\"avia_inline_auto\" id=\"style-css-av-av_hr-4474f20d2389e2e5ecf918a02da5132e\">\n#top .hr.hr-invisible.av-av_hr-4474f20d2389e2e5ecf918a02da5132e{\nheight:50px;\n}\n<\/style>\n<div  class='hr av-av_hr-4474f20d2389e2e5ecf918a02da5132e hr-invisible  avia-builder-el-10  el_after_av_one_half  el_before_av_one_full '><span class='hr-inner '><span class=\"hr-inner-style\"><\/span><\/span><\/div><\/p>\n\n<style type=\"text\/css\" data-created_by=\"avia_inline_auto\" id=\"style-css-av-av_one_full-6126cab7d8fab8d08143dd2dacdf673c\">\n.flex_column.av-av_one_full-6126cab7d8fab8d08143dd2dacdf673c{\nborder-radius:0px 0px 0px 0px;\npadding:0px 0px 0px 0px;\n}\n<\/style>\n<div  class='flex_column av-av_one_full-6126cab7d8fab8d08143dd2dacdf673c av_one_full  avia-builder-el-11  el_after_av_hr  el_before_av_one_third  first flex_column_div av-zero-column-padding  '     ><section  class='av_textblock_section av-av_textblock-396ddf1f42196ca838231e61a4602801 '   itemscope=\"itemscope\" itemtype=\"https:\/\/schema.org\/CreativeWork\" ><div class='avia_textblock'  itemprop=\"text\" ><h3 style=\"text-align: center;\"><span class=\"s1\">Systeme von\u00a0GU und BKS<\/span><\/h3>\n<\/div><\/section><br \/>\n<div  class='hr av-av_hr-4a566f4a73ae78223e1997276585dc3a hr-short  avia-builder-el-13  el_after_av_textblock  avia-builder-el-last  hr-center'><span class='hr-inner '><span class=\"hr-inner-style\"><\/span><\/span><\/div><\/p><\/div>\n\n<style type=\"text\/css\" data-created_by=\"avia_inline_auto\" id=\"style-css-av-av_one_third-6126cab7d8fab8d08143dd2dacdf673c\">\n.flex_column.av-av_one_third-6126cab7d8fab8d08143dd2dacdf673c{\nborder-radius:0px 0px 0px 0px;\npadding:0px 0px 0px 0px;\n}\n<\/style>\n<div  class='flex_column av-av_one_third-6126cab7d8fab8d08143dd2dacdf673c av_one_third  avia-builder-el-14  el_after_av_one_full  el_before_av_one_third  first flex_column_div av-zero-column-padding  column-top-margin'     ><style type=\"text\/css\" data-created_by=\"avia_inline_auto\" id=\"style-css-av-av_image-fb9ad29efa768040bd9aae2a4ffe5f29\">\n.avia-image-container.av-av_image-fb9ad29efa768040bd9aae2a4ffe5f29 img.avia_image{\nbox-shadow:none;\n}\n.avia-image-container.av-av_image-fb9ad29efa768040bd9aae2a4ffe5f29 .av-image-caption-overlay-center{\ncolor:#ffffff;\n}\n<\/style>\n<div  class='avia-image-container av-av_image-fb9ad29efa768040bd9aae2a4ffe5f29 av-styling- avia-align-left  avia-builder-el-15  avia-builder-el-no-sibling '   itemprop=\"image\" itemscope=\"itemscope\" itemtype=\"https:\/\/schema.org\/ImageObject\" ><div class=\"avia-image-container-inner\"><div class=\"avia-image-overlay-wrap\"><img fetchpriority=\"high\" class='wp-image-3794 avia-img-lazy-loading-not-3794 avia_image ' src='https:\/\/mahschliesstechnik.de\/wp-content\/uploads\/2017\/08\/1483d353f20.jpeg' alt='Einsteckschl\u00f6sser von GU BKS' title='Einsteckschl\u00f6sser von GU BKS'  height=\"199\" width=\"248\"  itemprop=\"thumbnailUrl\"  \/><\/div><\/div><\/div><\/div>\n\n<style type=\"text\/css\" data-created_by=\"avia_inline_auto\" id=\"style-css-av-av_one_third-0aa7055fe62c3622faec82866afbaeb2\">\n.flex_column.av-av_one_third-0aa7055fe62c3622faec82866afbaeb2{\nborder-radius:0px 0px 0px 0px;\npadding:0px 0px 0px 0px;\n}\n<\/style>\n<div  class='flex_column av-av_one_third-0aa7055fe62c3622faec82866afbaeb2 av_one_third  avia-builder-el-16  el_after_av_one_third  el_before_av_one_third  flex_column_div av-zero-column-padding  column-top-margin'     ><style type=\"text\/css\" data-created_by=\"avia_inline_auto\" id=\"style-css-av-av_image-932279b782ec4f675d858a5c7c1404c8\">\n.avia-image-container.av-av_image-932279b782ec4f675d858a5c7c1404c8 img.avia_image{\nbox-shadow:none;\n}\n.avia-image-container.av-av_image-932279b782ec4f675d858a5c7c1404c8 .av-image-caption-overlay-center{\ncolor:#ffffff;\n}\n<\/style>\n<div  class='avia-image-container av-av_image-932279b782ec4f675d858a5c7c1404c8 av-styling- avia-align-left  avia-builder-el-17  avia-builder-el-no-sibling '   itemprop=\"image\" itemscope=\"itemscope\" itemtype=\"https:\/\/schema.org\/ImageObject\" ><div class=\"avia-image-container-inner\"><div class=\"avia-image-overlay-wrap\"><img fetchpriority=\"high\" class='wp-image-3789 avia-img-lazy-loading-not-3789 avia_image ' src='https:\/\/mahschliesstechnik.de\/wp-content\/uploads\/2017\/08\/1483d3b78a6.jpeg' alt='Schlie\u00dfsysteme von GU BKS' title='Schlie\u00dfsysteme von GU BKS'  height=\"199\" width=\"248\"  itemprop=\"thumbnailUrl\"  \/><\/div><\/div><\/div><\/div>\n\n<style type=\"text\/css\" data-created_by=\"avia_inline_auto\" id=\"style-css-av-av_one_third-0aa7055fe62c3622faec82866afbaeb2\">\n.flex_column.av-av_one_third-0aa7055fe62c3622faec82866afbaeb2{\nborder-radius:0px 0px 0px 0px;\npadding:0px 0px 0px 0px;\n}\n<\/style>\n<div  class='flex_column av-av_one_third-0aa7055fe62c3622faec82866afbaeb2 av_one_third  avia-builder-el-18  el_after_av_one_third  el_before_av_one_third  flex_column_div av-zero-column-padding  column-top-margin'     ><style type=\"text\/css\" data-created_by=\"avia_inline_auto\" id=\"style-css-av-av_image-ac6666120b67fe6beef33e516b7df7a2\">\n.avia-image-container.av-av_image-ac6666120b67fe6beef33e516b7df7a2 img.avia_image{\nbox-shadow:none;\n}\n.avia-image-container.av-av_image-ac6666120b67fe6beef33e516b7df7a2 .av-image-caption-overlay-center{\ncolor:#ffffff;\n}\n<\/style>\n<div  class='avia-image-container av-av_image-ac6666120b67fe6beef33e516b7df7a2 av-styling- avia-align-left  avia-builder-el-19  avia-builder-el-no-sibling '   itemprop=\"image\" itemscope=\"itemscope\" itemtype=\"https:\/\/schema.org\/ImageObject\" ><div class=\"avia-image-container-inner\"><div class=\"avia-image-overlay-wrap\"><img fetchpriority=\"high\" class='wp-image-3791 avia-img-lazy-loading-not-3791 avia_image ' src='https:\/\/mahschliesstechnik.de\/wp-content\/uploads\/2017\/08\/1483d3ea1b3.jpeg' alt='T\u00fcrschlie\u00dfer von GU BKS' title='T\u00fcrschlie\u00dfer von GU BKS'  height=\"199\" width=\"248\"  itemprop=\"thumbnailUrl\"  \/><\/div><\/div><\/div><\/div>\n\n<style type=\"text\/css\" data-created_by=\"avia_inline_auto\" id=\"style-css-av-av_one_third-6126cab7d8fab8d08143dd2dacdf673c\">\n.flex_column.av-av_one_third-6126cab7d8fab8d08143dd2dacdf673c{\nborder-radius:0px 0px 0px 0px;\npadding:0px 0px 0px 0px;\n}\n<\/style>\n<div  class='flex_column av-av_one_third-6126cab7d8fab8d08143dd2dacdf673c av_one_third  avia-builder-el-20  el_after_av_one_third  el_before_av_one_third  first flex_column_div av-zero-column-padding  column-top-margin'     ><section  class='av_textblock_section av-av_textblock-396ddf1f42196ca838231e61a4602801 '   itemscope=\"itemscope\" itemtype=\"https:\/\/schema.org\/CreativeWork\" ><div class='avia_textblock'  itemprop=\"text\" ><p><strong>Ein\u00adsteck\u00adschl\u00f6sser<\/strong><\/p>\n<p>Vom Panik\u00adschloss f\u00fcr Flucht\u00adt\u00fcren nach EN 179 \/ EN 1125 bis zum ein\u00adfa\u00adchen Ein\u00adsteckschloss nach DIN 18251. Sie Fragen, wir Antworten.<\/p>\n<\/div><\/section><\/div>\n\n<style type=\"text\/css\" data-created_by=\"avia_inline_auto\" id=\"style-css-av-av_one_third-0aa7055fe62c3622faec82866afbaeb2\">\n.flex_column.av-av_one_third-0aa7055fe62c3622faec82866afbaeb2{\nborder-radius:0px 0px 0px 0px;\npadding:0px 0px 0px 0px;\n}\n<\/style>\n<div  class='flex_column av-av_one_third-0aa7055fe62c3622faec82866afbaeb2 av_one_third  avia-builder-el-22  el_after_av_one_third  el_before_av_one_third  flex_column_div av-zero-column-padding  column-top-margin'     ><section  class='av_textblock_section av-av_textblock-396ddf1f42196ca838231e61a4602801 '   itemscope=\"itemscope\" itemtype=\"https:\/\/schema.org\/CreativeWork\" ><div class='avia_textblock'  itemprop=\"text\" ><p class=\"p1\"><strong><span class=\"s1\">Schlie\u00dfsysteme<\/span><\/strong><\/p>\n<p class=\"p1\">Unabh\u00e4ngig davon, ob Sie eine mo\u00adder\u00adne Schlie\u00df\u00adanlage planen oder eine ein\u00adzelne T\u00fcr absi\u00adchern wollen, BKS-Schlie\u00df\u00adsysteme passen immer. Mecha\u00adni\u00adsche oder mecha\u00adtro\u00adni\u00adsche Zylinder bzw. deren Kombi\u00adna\u00adtion inn\u00ader\u00adhalb einer Anlage ergeben in\u00addi\u00advi\u00addu\u00adelle, wirt\u00adschaft\u00adliche, komfor\u00adtable L\u00f6sun\u00adgen.<\/p>\n<\/div><\/section><\/div>\n\n<style type=\"text\/css\" data-created_by=\"avia_inline_auto\" id=\"style-css-av-av_one_third-0aa7055fe62c3622faec82866afbaeb2\">\n.flex_column.av-av_one_third-0aa7055fe62c3622faec82866afbaeb2{\nborder-radius:0px 0px 0px 0px;\npadding:0px 0px 0px 0px;\n}\n<\/style>\n<div  class='flex_column av-av_one_third-0aa7055fe62c3622faec82866afbaeb2 av_one_third  avia-builder-el-24  el_after_av_one_third  el_before_av_hr  flex_column_div av-zero-column-padding  column-top-margin'     ><section  class='av_textblock_section av-av_textblock-396ddf1f42196ca838231e61a4602801 '   itemscope=\"itemscope\" itemtype=\"https:\/\/schema.org\/CreativeWork\" ><div class='avia_textblock'  itemprop=\"text\" ><p class=\"p1\"><strong><span class=\"s1\">T\u00fcrschlie\u00dfer<\/span><\/strong><\/p>\n<p class=\"p1\">Mit T\u00fcr\u00adschlie\u00dfern von GU stehen Ihnen alle M\u00f6glichkeiten offen \u2013 dank unter\u00adschied\u00adlicher Ein\u00adstell\u00adm\u00f6g\u00adlichkeiten und Schlie\u00dfkraftgr\u00f6\u00dfen. \u00dcbri\u00adgens finden Sie hier auch Fest\u00adstell\u00adanlagen, die Ihre T\u00fcren ge\u00f6ffnet halten und nur im Brand\u00adfall selb\u00adst\u00e4ndig schlie\u00dfen.<\/p>\n<\/div><\/section><\/div>\n\n<style type=\"text\/css\" data-created_by=\"avia_inline_auto\" id=\"style-css-av-av_hr-4474f20d2389e2e5ecf918a02da5132e\">\n#top .hr.hr-invisible.av-av_hr-4474f20d2389e2e5ecf918a02da5132e{\nheight:50px;\n}\n<\/style>\n<div  class='hr av-av_hr-4474f20d2389e2e5ecf918a02da5132e hr-invisible  avia-builder-el-26  el_after_av_one_third  el_before_av_one_third '><span class='hr-inner '><span class=\"hr-inner-style\"><\/span><\/span><\/div>\n\n<style type=\"text\/css\" data-created_by=\"avia_inline_auto\" id=\"style-css-av-av_one_third-6126cab7d8fab8d08143dd2dacdf673c\">\n.flex_column.av-av_one_third-6126cab7d8fab8d08143dd2dacdf673c{\nborder-radius:0px 0px 0px 0px;\npadding:0px 0px 0px 0px;\n}\n<\/style>\n<div  class='flex_column av-av_one_third-6126cab7d8fab8d08143dd2dacdf673c av_one_third  avia-builder-el-27  el_after_av_hr  el_before_av_one_third  first flex_column_div av-zero-column-padding  '     ><style type=\"text\/css\" data-created_by=\"avia_inline_auto\" id=\"style-css-av-av_image-67368f5b1c75ffc8ee3de9c392d3e011\">\n.avia-image-container.av-av_image-67368f5b1c75ffc8ee3de9c392d3e011 img.avia_image{\nbox-shadow:none;\n}\n.avia-image-container.av-av_image-67368f5b1c75ffc8ee3de9c392d3e011 .av-image-caption-overlay-center{\ncolor:#ffffff;\n}\n<\/style>\n<div  class='avia-image-container av-av_image-67368f5b1c75ffc8ee3de9c392d3e011 av-styling- avia-align-left  avia-builder-el-28  avia-builder-el-no-sibling '   itemprop=\"image\" itemscope=\"itemscope\" itemtype=\"https:\/\/schema.org\/ImageObject\" ><div class=\"avia-image-container-inner\"><div class=\"avia-image-overlay-wrap\"><img fetchpriority=\"high\" class='wp-image-3792 avia-img-lazy-loading-not-3792 avia_image ' src='https:\/\/mahschliesstechnik.de\/wp-content\/uploads\/2017\/08\/1483d36e593.jpeg' alt='Mehrfachverriegelung von GU BKS' title='Mehrfachverriegelung von GU BKS'  height=\"199\" width=\"248\"  itemprop=\"thumbnailUrl\"  \/><\/div><\/div><\/div><\/div>\n\n<style type=\"text\/css\" data-created_by=\"avia_inline_auto\" id=\"style-css-av-av_one_third-0aa7055fe62c3622faec82866afbaeb2\">\n.flex_column.av-av_one_third-0aa7055fe62c3622faec82866afbaeb2{\nborder-radius:0px 0px 0px 0px;\npadding:0px 0px 0px 0px;\n}\n<\/style>\n<div  class='flex_column av-av_one_third-0aa7055fe62c3622faec82866afbaeb2 av_one_third  avia-builder-el-29  el_after_av_one_third  el_before_av_one_third  flex_column_div av-zero-column-padding  '     ><style type=\"text\/css\" data-created_by=\"avia_inline_auto\" id=\"style-css-av-av_image-3ea705e3252988caf69ac59975664ea5\">\n.avia-image-container.av-av_image-3ea705e3252988caf69ac59975664ea5 img.avia_image{\nbox-shadow:none;\n}\n.avia-image-container.av-av_image-3ea705e3252988caf69ac59975664ea5 .av-image-caption-overlay-center{\ncolor:#ffffff;\n}\n<\/style>\n<div  class='avia-image-container av-av_image-3ea705e3252988caf69ac59975664ea5 av-styling- avia-align-left  avia-builder-el-30  avia-builder-el-no-sibling '   itemprop=\"image\" itemscope=\"itemscope\" itemtype=\"https:\/\/schema.org\/ImageObject\" ><div class=\"avia-image-container-inner\"><div class=\"avia-image-overlay-wrap\"><img fetchpriority=\"high\" class='wp-image-3790 avia-img-lazy-loading-not-3790 avia_image ' src='https:\/\/mahschliesstechnik.de\/wp-content\/uploads\/2017\/08\/1483d3cc966.jpeg' alt='T\u00fcrbeschl\u00e4ge von GU BKS' title='T\u00fcrbeschl\u00e4ge von GU BKS'  height=\"199\" width=\"248\"  itemprop=\"thumbnailUrl\"  \/><\/div><\/div><\/div><\/div>\n\n<style type=\"text\/css\" data-created_by=\"avia_inline_auto\" id=\"style-css-av-av_one_third-0aa7055fe62c3622faec82866afbaeb2\">\n.flex_column.av-av_one_third-0aa7055fe62c3622faec82866afbaeb2{\nborder-radius:0px 0px 0px 0px;\npadding:0px 0px 0px 0px;\n}\n<\/style>\n<div  class='flex_column av-av_one_third-0aa7055fe62c3622faec82866afbaeb2 av_one_third  avia-builder-el-31  el_after_av_one_third  el_before_av_one_third  flex_column_div av-zero-column-padding  '     ><style type=\"text\/css\" data-created_by=\"avia_inline_auto\" id=\"style-css-av-av_image-5e28d43a3f1b76638f5fec8a2ec4c845\">\n.avia-image-container.av-av_image-5e28d43a3f1b76638f5fec8a2ec4c845 img.avia_image{\nbox-shadow:none;\n}\n.avia-image-container.av-av_image-5e28d43a3f1b76638f5fec8a2ec4c845 .av-image-caption-overlay-center{\ncolor:#ffffff;\n}\n<\/style>\n<div  class='avia-image-container av-av_image-5e28d43a3f1b76638f5fec8a2ec4c845 av-styling- avia-align-left  avia-builder-el-32  avia-builder-el-no-sibling '   itemprop=\"image\" itemscope=\"itemscope\" itemtype=\"https:\/\/schema.org\/ImageObject\" ><div class=\"avia-image-container-inner\"><div class=\"avia-image-overlay-wrap\"><img fetchpriority=\"high\" class='wp-image-3793 avia-img-lazy-loading-not-3793 avia_image ' src='https:\/\/mahschliesstechnik.de\/wp-content\/uploads\/2017\/08\/1483d45ac6a.jpeg' alt='Elektro-T\u00fcr\u00f6ffner von GU BKS' title='Elektro-T\u00fcr\u00f6ffner von GU BKS'  height=\"199\" width=\"248\"  itemprop=\"thumbnailUrl\"  \/><\/div><\/div><\/div><\/div>\n\n<style type=\"text\/css\" data-created_by=\"avia_inline_auto\" id=\"style-css-av-av_one_third-6126cab7d8fab8d08143dd2dacdf673c\">\n.flex_column.av-av_one_third-6126cab7d8fab8d08143dd2dacdf673c{\nborder-radius:0px 0px 0px 0px;\npadding:0px 0px 0px 0px;\n}\n<\/style>\n<div  class='flex_column av-av_one_third-6126cab7d8fab8d08143dd2dacdf673c av_one_third  avia-builder-el-33  el_after_av_one_third  el_before_av_one_third  first flex_column_div av-zero-column-padding  column-top-margin'     ><section  class='av_textblock_section av-av_textblock-396ddf1f42196ca838231e61a4602801 '   itemscope=\"itemscope\" itemtype=\"https:\/\/schema.org\/CreativeWork\" ><div class='avia_textblock'  itemprop=\"text\" ><p><strong>Mehr\u00adfachver\u00adriege\u00adlungen<\/strong><\/p>\n<p>Mehr\u00adfachver\u00adriege\u00adlungen f\u00fcr mehr\u00adfache Sicher\u00adheit! So ein\u00adfach ist es, wenn Sie an Au\u00dfen- oder Fas\u00adsaden\u00adt\u00fcren &#8222;Sicher\u00adheit&#8220; installieren m\u00f6chten: Ganz egal, ob Holz\u00ad-, Stahl-, Alu- oder Kunst\u00adstofft\u00fcr.<\/p>\n<\/div><\/section><\/div>\n\n<style type=\"text\/css\" data-created_by=\"avia_inline_auto\" id=\"style-css-av-av_one_third-0aa7055fe62c3622faec82866afbaeb2\">\n.flex_column.av-av_one_third-0aa7055fe62c3622faec82866afbaeb2{\nborder-radius:0px 0px 0px 0px;\npadding:0px 0px 0px 0px;\n}\n<\/style>\n<div  class='flex_column av-av_one_third-0aa7055fe62c3622faec82866afbaeb2 av_one_third  avia-builder-el-35  el_after_av_one_third  el_before_av_one_third  flex_column_div av-zero-column-padding  column-top-margin'     ><section  class='av_textblock_section av-av_textblock-396ddf1f42196ca838231e61a4602801 '   itemscope=\"itemscope\" itemtype=\"https:\/\/schema.org\/CreativeWork\" ><div class='avia_textblock'  itemprop=\"text\" ><p><strong>T\u00fcrbeschl\u00e4ge<\/strong><\/p>\n<p class=\"p1\">F\u00fcr Ihre Holz\u00ad-, Stahl-, Aluminium- oder Kunst\u00adstoff\u00adt\u00fcren erhalten Sie eine Viel\u00adzahl von T\u00fcrdr\u00fc\u00adc\u00adkern, Stan\u00adgen\u00adgriffen und Druck\u00adstangen. Auch f\u00fcr Flucht\u00adt\u00fcren bzw. als Schutz\u00adbe\u00adschl\u00e4ge f\u00fcr Wohnungs\u00adein\u00adgangs- und Objekt\u00adt\u00fcren.<\/p>\n<\/div><\/section><\/div>\n\n<style type=\"text\/css\" data-created_by=\"avia_inline_auto\" id=\"style-css-av-av_one_third-0aa7055fe62c3622faec82866afbaeb2\">\n.flex_column.av-av_one_third-0aa7055fe62c3622faec82866afbaeb2{\nborder-radius:0px 0px 0px 0px;\npadding:0px 0px 0px 0px;\n}\n<\/style>\n<div  class='flex_column av-av_one_third-0aa7055fe62c3622faec82866afbaeb2 av_one_third  avia-builder-el-37  el_after_av_one_third  avia-builder-el-last  flex_column_div av-zero-column-padding  column-top-margin'     ><section  class='av_textblock_section av-av_textblock-396ddf1f42196ca838231e61a4602801 '   itemscope=\"itemscope\" itemtype=\"https:\/\/schema.org\/CreativeWork\" ><div class='avia_textblock'  itemprop=\"text\" ><p class=\"p1\"><strong><span class=\"s1\">Elektro-T\u00fcr\u00f6ffner<\/span><\/strong><\/p>\n<p class=\"p1\"><span class=\"s1\">Bei der Elektro-T\u00fcr\u00ad\u00f6ffner\u00adserie von GU k\u00f6nnen Sie mit wenigen Bau\u00adteilen alle markt\u00fcb\u00adl\u00adi\u00adchen Aus\u00adf\u00fch\u00adrungen erzeugen. Das passt bei fast jedem Profilsystem \u2013 sogar ohne Aus\u00adfr\u00e4sung an der Pro\u00adfil\u00adkante.<\/span><\/p>\n<\/div><\/section><\/div>\n","protected":false},"excerpt":{"rendered":"","protected":false},"author":2,"featured_media":0,"parent":3526,"menu_order":0,"comment_status":"closed","ping_status":"closed","template":"","meta":{"footnotes":""},"class_list":["post-3722","page","type-page","status-publish","hentry"],"_links":{"self":[{"href":"https:\/\/mahschliesstechnik.de\/index.php\/wp-json\/wp\/v2\/pages\/3722","targetHints":{"allow":["GET"]}}],"collection":[{"href":"https:\/\/mahschliesstechnik.de\/index.php\/wp-json\/wp\/v2\/pages"}],"about":[{"href":"https:\/\/mahschliesstechnik.de\/index.php\/wp-json\/wp\/v2\/types\/page"}],"author":[{"embeddable":true,"href":"https:\/\/mahschliesstechnik.de\/index.php\/wp-json\/wp\/v2\/users\/2"}],"replies":[{"embeddable":true,"href":"https:\/\/mahschliesstechnik.de\/index.php\/wp-json\/wp\/v2\/comments?post=3722"}],"version-history":[{"count":9,"href":"https:\/\/mahschliesstechnik.de\/index.php\/wp-json\/wp\/v2\/pages\/3722\/revisions"}],"predecessor-version":[{"id":4275,"href":"https:\/\/mahschliesstechnik.de\/index.php\/wp-json\/wp\/v2\/pages\/3722\/revisions\/4275"}],"up":[{"embeddable":true,"href":"https:\/\/mahschliesstechnik.de\/index.php\/wp-json\/wp\/v2\/pages\/3526"}],"wp:attachment":[{"href":"https:\/\/mahschliesstechnik.de\/index.php\/wp-json\/wp\/v2\/media?parent=3722"}],"curies":[{"name":"wp","href":"https:\/\/api.w.org\/{rel}","templated":true}]}}