{"id":3729,"date":"2017-08-24T15:37:54","date_gmt":"2017-08-24T13:37:54","guid":{"rendered":"http:\/\/w7fuy97he.homepage.t-online.de\/wordpress\/?page_id=3729"},"modified":"2018-03-19T15:24:40","modified_gmt":"2018-03-19T14:24:40","slug":"dom","status":"publish","type":"page","link":"https:\/\/mahschliesstechnik.de\/index.php\/produkte-schliesssysteme\/dom\/","title":{"rendered":"DOM"},"content":{"rendered":"<div id='av_section_1'  class='avia-section av-av_section-34308a9d7c2dacc662a4dd8535ad44d4 alternate_color avia-section-default avia-no-shadow  avia-builder-el-0  el_before_av_section  avia-builder-el-first  avia-bg-style-scroll container_wrap sidebar_right'  ><div class='container av-section-cont-open' ><main  role=\"main\" itemprop=\"mainContentOfPage\"  class='template-page content  av-content-small alpha units'><div class='post-entry post-entry-type-page post-entry-3729'><div class='entry-content-wrapper clearfix'>\n<section  class='av_textblock_section av-av_textblock-396ddf1f42196ca838231e61a4602801 '   itemscope=\"itemscope\" itemtype=\"https:\/\/schema.org\/CreativeWork\" ><div class='avia_textblock'  itemprop=\"text\" ><h2 class=\"p1\" style=\"text-align: center;\"><span class=\"s1\">Sicherheit, Qualit\u00e4t, DOM<\/span><\/h2>\n<\/div><\/section>\n<div  class='hr av-av_hr-4a566f4a73ae78223e1997276585dc3a hr-short  avia-builder-el-2  el_after_av_textblock  avia-builder-el-last  hr-center'><span class='hr-inner '><span class=\"hr-inner-style\"><\/span><\/span><\/div>\n\n<\/div><\/div><\/main><!-- close content main element --><\/div><\/div><div id='av_section_2'  class='avia-section av-av_section-e21b66684440a49bfeb269226a4c2f83 main_color avia-section-default avia-no-shadow  avia-builder-el-3  el_after_av_section  el_before_av_section  avia-bg-style-scroll container_wrap sidebar_right'  ><div class='container av-section-cont-open' ><div class='template-page content  av-content-small alpha units'><div class='post-entry post-entry-type-page post-entry-3729'><div class='entry-content-wrapper clearfix'>\n<div  class='flex_column av-av_two_third-2a9015ff38129c418a3f2eafba3e9512 av_two_third  avia-builder-el-4  el_before_av_one_third  avia-builder-el-first  first flex_column_div  '     ><section  class='av_textblock_section av-av_textblock-396ddf1f42196ca838231e61a4602801 '   itemscope=\"itemscope\" itemtype=\"https:\/\/schema.org\/CreativeWork\" ><div class='avia_textblock'  itemprop=\"text\" ><h3>DOM: F\u00fcr kleine &amp; gro\u00dfe Schl\u00fcsselkinder<\/h3>\n<blockquote>\n<p>Sie m\u00f6chten als Hausbesitzer f\u00fcr mehr Kontrolle und mehr Sicherheit sorgen?<\/p>\n<\/blockquote>\n<p>Die kleine <strong>Zentralschlie\u00dfanlage<\/strong> ist das beste System, um alle Bewohner unter einen Hut zu bekommen. Mit einem zentralen Haust\u00fcrzylinder und eigenen Wohnungst\u00fcrschl\u00fcsseln sind Sie auf der sicheren Seite und haben jederzeit \u00dcberblick \u00fcber die Anzahl an Schl\u00fcsseln.<\/p>\n<p>Eine Schlie\u00dfanlage ist eine Kombination aus Schlie\u00dfzylinder und Schl\u00fcsseln, die mehrere T\u00fcren \u00f6ffnen k\u00f6nnen. Den Zylindern sind je nach Anforderung unterschiedliche Schl\u00fcssel zugeordnet. Die kleine Schlie\u00dfanlage ist zum Beispiel f\u00fcr Mehrfamilienh\u00e4user mit gemeinsamer Haust\u00fcr geeignet.<\/p>\n<p>In der Regel handelt es sich um eine <strong>Zentralschlie\u00df-Anlage<\/strong>: Durch die zentrale Haust\u00fcr kommt jeder, danach aber jeder nur in seine Wohnung.<\/p>\n<\/div><\/section><\/div>\n<style type=\"text\/css\" data-created_by=\"avia_inline_auto\" id=\"style-css-av-av_one_third-0aa7055fe62c3622faec82866afbaeb2\">\n.flex_column.av-av_one_third-0aa7055fe62c3622faec82866afbaeb2{\nborder-radius:0px 0px 0px 0px;\npadding:0px 0px 0px 0px;\n}\n<\/style>\n<div  class='flex_column av-av_one_third-0aa7055fe62c3622faec82866afbaeb2 av_one_third  avia-builder-el-6  el_after_av_two_third  el_before_av_hr  flex_column_div av-zero-column-padding  '     ><style type=\"text\/css\" data-created_by=\"avia_inline_auto\" id=\"style-css-av-av_image-f1aac3d98f772b5e033a8648a1fadbb0\">\n.avia-image-container.av-av_image-f1aac3d98f772b5e033a8648a1fadbb0 img.avia_image{\nbox-shadow:none;\n}\n.avia-image-container.av-av_image-f1aac3d98f772b5e033a8648a1fadbb0 .av-image-caption-overlay-center{\ncolor:#ffffff;\n}\n<\/style>\n<div  class='avia-image-container av-av_image-f1aac3d98f772b5e033a8648a1fadbb0 av-styling- avia-align-center  avia-builder-el-7  avia-builder-el-no-sibling '   itemprop=\"image\" itemscope=\"itemscope\" itemtype=\"https:\/\/schema.org\/ImageObject\" ><div class=\"avia-image-container-inner\"><div class=\"avia-image-overlay-wrap\"><img fetchpriority=\"high\" class='wp-image-3817 avia-img-lazy-loading-not-3817 avia_image ' src='https:\/\/mahschliesstechnik.de\/wp-content\/uploads\/2017\/08\/Produkte_DOM.png' alt='Schlie\u00dftechnik von DOM' title='Schlie\u00dftechnik von DOM'  height=\"1000\" width=\"1000\"  itemprop=\"thumbnailUrl\"  \/><\/div><\/div><\/div><\/div>\n<style type=\"text\/css\" data-created_by=\"avia_inline_auto\" id=\"style-css-av-av_hr-4474f20d2389e2e5ecf918a02da5132e\">\n#top .hr.hr-invisible.av-av_hr-4474f20d2389e2e5ecf918a02da5132e{\nheight:50px;\n}\n<\/style>\n<div  class='hr av-av_hr-4474f20d2389e2e5ecf918a02da5132e hr-invisible  avia-builder-el-8  el_after_av_one_third  el_before_av_one_half '><span class='hr-inner '><span class=\"hr-inner-style\"><\/span><\/span><\/div>\n<div  class='flex_column av-av_one_half-2a9015ff38129c418a3f2eafba3e9512 av_one_half  avia-builder-el-9  el_after_av_hr  el_before_av_one_half  first flex_column_div  '     ><p>\n<style type=\"text\/css\" data-created_by=\"avia_inline_auto\" id=\"style-css-av-av_hr-4474f20d2389e2e5ecf918a02da5132e\">\n#top .hr.hr-invisible.av-av_hr-4474f20d2389e2e5ecf918a02da5132e{\nheight:50px;\n}\n<\/style>\n<div  class='hr av-av_hr-4474f20d2389e2e5ecf918a02da5132e hr-invisible  avia-builder-el-10  el_before_av_video  avia-builder-el-first '><span class='hr-inner '><span class=\"hr-inner-style\"><\/span><\/span><\/div><br \/>\n<div  class='avia-video av-av_video-fb41d61a24e1040da1b8ffc4b71e2546 avia-video-16-9 av-no-preview-image avia-video-load-always av-lazyload-immediate av-lazyload-video-embed'  itemprop=\"video\" itemtype=\"https:\/\/schema.org\/VideoObject\"  data-original_url='https:\/\/youtu.be\/icldVgfmuCM'><script type='text\/html' class='av-video-tmpl'><div class='avia-iframe-wrap'><iframe loading=\"lazy\" width=\"1500\" height=\"844\" src=\"https:\/\/www.youtube.com\/embed\/icldVgfmuCM?feature=oembed&autoplay=0&loop=0&controls=1&mute=0\" frameborder=\"0\" allowfullscreen><\/iframe><\/div><\/script><div class='av-click-to-play-overlay'><div class=\"avia_playpause_icon\"><\/div><\/div><\/div><br \/>\n<section  class='av_textblock_section av-av_textblock-396ddf1f42196ca838231e61a4602801 '   itemscope=\"itemscope\" itemtype=\"https:\/\/schema.org\/CreativeWork\" ><div class='avia_textblock'  itemprop=\"text\" ><p>Quelle: <a href=\"https:\/\/youtu.be\/icldVgfmuCM\">YouTube<\/a>\u00a0(externer Link)<\/p>\n<\/div><\/section><\/p><\/div>\n<style type=\"text\/css\" data-created_by=\"avia_inline_auto\" id=\"style-css-av-av_one_half-0aa7055fe62c3622faec82866afbaeb2\">\n.flex_column.av-av_one_half-0aa7055fe62c3622faec82866afbaeb2{\nborder-radius:0px 0px 0px 0px;\npadding:0px 0px 0px 0px;\n}\n<\/style>\n<div  class='flex_column av-av_one_half-0aa7055fe62c3622faec82866afbaeb2 av_one_half  avia-builder-el-13  el_after_av_one_half  el_before_av_hr  flex_column_div av-zero-column-padding  '     ><p>\n<style type=\"text\/css\" data-created_by=\"avia_inline_auto\" id=\"style-css-av-av_hr-4474f20d2389e2e5ecf918a02da5132e\">\n#top .hr.hr-invisible.av-av_hr-4474f20d2389e2e5ecf918a02da5132e{\nheight:50px;\n}\n<\/style>\n<div  class='hr av-av_hr-4474f20d2389e2e5ecf918a02da5132e hr-invisible  avia-builder-el-14  el_before_av_textblock  avia-builder-el-first '><span class='hr-inner '><span class=\"hr-inner-style\"><\/span><\/span><\/div><br \/>\n<section  class='av_textblock_section av-av_textblock-396ddf1f42196ca838231e61a4602801 '   itemscope=\"itemscope\" itemtype=\"https:\/\/schema.org\/CreativeWork\" ><div class='avia_textblock'  itemprop=\"text\" ><h3>Ausgezeichnete Sicherheit von DOM<\/h3>\n<blockquote>\n<p>Das 3-Sterne-System von DOM f\u00fcr jede Anforderung<\/p>\n<\/blockquote>\n<p>Die VdS Schadenverh\u00fctung GmbH hat in Zusammenarbeit mit der Polizei ein 3-Sterne-System entwickelt, das mechanische Schlie\u00dfsysteme in <strong>drei unterschiedliche Sicherheitsklassen<\/strong> einteilt und Ihnen so einen schnellen \u00dcberblick \u00fcber die jeweilige Sicherheitsstufe verschafft. Nat\u00fcrlich sind auch die DOM Schlie\u00dfsysteme nach diesem System bewertet und klar gekennzeichnet. Wir bieten Ihnen f\u00fcr jeden Sicherheitsbedarf einen passenden Schlie\u00dfzylinder.<\/p>\n<p>Entscheiden Sie selbst, welches mechanische System am besten passt.<\/p>\n<\/div><\/section><\/p><\/div>\n<style type=\"text\/css\" data-created_by=\"avia_inline_auto\" id=\"style-css-av-av_hr-4474f20d2389e2e5ecf918a02da5132e\">\n#top .hr.hr-invisible.av-av_hr-4474f20d2389e2e5ecf918a02da5132e{\nheight:50px;\n}\n<\/style>\n<div  class='hr av-av_hr-4474f20d2389e2e5ecf918a02da5132e hr-invisible  avia-builder-el-16  el_after_av_one_half  avia-builder-el-last '><span class='hr-inner '><span class=\"hr-inner-style\"><\/span><\/span><\/div>\n<\/div><\/div><\/div><!-- close content main div --><\/div><\/div><div id='av_section_3'  class='avia-section av-av_section-34308a9d7c2dacc662a4dd8535ad44d4 alternate_color avia-section-default avia-no-shadow  avia-builder-el-17  el_after_av_section  el_before_av_one_third  avia-bg-style-scroll container_wrap sidebar_right'  ><div class='container av-section-cont-open' ><div class='template-page content  av-content-small alpha units'><div class='post-entry post-entry-type-page post-entry-3729'><div class='entry-content-wrapper clearfix'>\n<section  class='av_textblock_section av-av_textblock-396ddf1f42196ca838231e61a4602801 '   itemscope=\"itemscope\" itemtype=\"https:\/\/schema.org\/CreativeWork\" ><div class='avia_textblock'  itemprop=\"text\" ><h2 class=\"p1\" style=\"text-align: center;\"><span class=\"s1\">Schlie\u00dfanlagen von DOM<\/span><\/h2>\n<\/div><\/section>\n<div  class='hr av-av_hr-4a566f4a73ae78223e1997276585dc3a hr-short  avia-builder-el-19  el_after_av_textblock  avia-builder-el-last  hr-center'><span class='hr-inner '><span class=\"hr-inner-style\"><\/span><\/span><\/div>\n<\/div><\/div><\/div><!-- close content main div --><\/div><\/div><div id='after_section_3'  class='main_color av_default_container_wrap container_wrap sidebar_right'  ><div class='container av-section-cont-open' ><div class='template-page content  av-content-small alpha units'><div class='post-entry post-entry-type-page post-entry-3729'><div class='entry-content-wrapper clearfix'><\/p>\n\n<style type=\"text\/css\" data-created_by=\"avia_inline_auto\" id=\"style-css-av-av_one_third-6126cab7d8fab8d08143dd2dacdf673c\">\n.flex_column.av-av_one_third-6126cab7d8fab8d08143dd2dacdf673c{\nborder-radius:0px 0px 0px 0px;\npadding:0px 0px 0px 0px;\n}\n<\/style>\n<div  class='flex_column av-av_one_third-6126cab7d8fab8d08143dd2dacdf673c av_one_third  avia-builder-el-20  el_after_av_section  el_before_av_one_third  avia-builder-el-first  first flex_column_div av-zero-column-padding  '     ><section  class='av_textblock_section av-av_textblock-396ddf1f42196ca838231e61a4602801 '   itemscope=\"itemscope\" itemtype=\"https:\/\/schema.org\/CreativeWork\" ><div class='avia_textblock'  itemprop=\"text\" ><h3 class=\"p1\"><span class=\"s1\">DOM diamant<\/span><\/h3>\n<p>Mit extremen Leistungswerten \u00fcberzeugt das System diamant. Hier erleben Sie Hochwertigkeit einer anderen Generation \u2013 made by DOM.<\/p>\n<p>Das System<strong> diamant<\/strong> l\u00e4sst weitaus h\u00f6here Anforderungen des Schutzes und des Schlie\u00dfkomforts zu. M\u00f6glich macht dies das Stahl Schlie\u00dfwerk mit 21 rotierenden Stahlscheiben.<\/p>\n<p>Bis ins Detail steht hier jede Einzelkomponente vom Material bis zu den Schlie\u00dfmechanismen f\u00fcr kompromisslose Qualit\u00e4t.<\/p>\n<\/div><\/section><\/div>\n\n<style type=\"text\/css\" data-created_by=\"avia_inline_auto\" id=\"style-css-av-av_one_third-0aa7055fe62c3622faec82866afbaeb2\">\n.flex_column.av-av_one_third-0aa7055fe62c3622faec82866afbaeb2{\nborder-radius:0px 0px 0px 0px;\npadding:0px 0px 0px 0px;\n}\n<\/style>\n<div  class='flex_column av-av_one_third-0aa7055fe62c3622faec82866afbaeb2 av_one_third  avia-builder-el-22  el_after_av_one_third  el_before_av_one_third  flex_column_div av-zero-column-padding  '     ><section  class='av_textblock_section av-av_textblock-396ddf1f42196ca838231e61a4602801 '   itemscope=\"itemscope\" itemtype=\"https:\/\/schema.org\/CreativeWork\" ><div class='avia_textblock'  itemprop=\"text\" ><h3>DOM ix Saturn<\/h3>\n<p>Entdecken Sie eine neue Dimension der Qualit\u00e4t im Bereich der mechanischen Schlie\u00dfsysteme <strong>ix Saturn<\/strong> gew\u00e4hrleistet einen Sicherheitsstandard, der h\u00f6chste Ma\u00dfst\u00e4be setzt. Nat\u00fcrlich kann das mechanische Grundsystem mit elektronischen Komponenten modular erweitert werden und verbindet so die Vorteile der Mechanik mit den Vorz\u00fcgen der Elektronik: ganz nach individuellen Kundenanspr\u00fcchen.<\/p>\n<p>Viele starke Argumente machen DOM ix Saturn als codierte Einzelschlie\u00dfung zu einem echten Sicherheits-Star.<\/p>\n<div id=\"widgetcontainer_CMTOI_cm4all_com_widgets_SeparatorToi_13919471\" class=\"cm_widget_block cm_widget cm4all_com_widgets_SeparatorToi cm_widget_block_center cm-pixel-large cm-pixel-xlarge\"><\/div>\n<\/div><\/section><\/div>\n\n<style type=\"text\/css\" data-created_by=\"avia_inline_auto\" id=\"style-css-av-av_one_third-0aa7055fe62c3622faec82866afbaeb2\">\n.flex_column.av-av_one_third-0aa7055fe62c3622faec82866afbaeb2{\nborder-radius:0px 0px 0px 0px;\npadding:0px 0px 0px 0px;\n}\n<\/style>\n<div  class='flex_column av-av_one_third-0aa7055fe62c3622faec82866afbaeb2 av_one_third  avia-builder-el-24  el_after_av_one_third  el_before_av_one_third  flex_column_div av-zero-column-padding  '     ><section  class='av_textblock_section av-av_textblock-396ddf1f42196ca838231e61a4602801 '   itemscope=\"itemscope\" itemtype=\"https:\/\/schema.org\/CreativeWork\" ><div class='avia_textblock'  itemprop=\"text\" ><h3>DOM RS 8<\/h3>\n<p>Auch eine vielfach bew\u00e4hrte Schlie\u00dftechnologie bleibt f\u00fcr uns eine Herausforderung, sie noch weiter zu verbessern. Ergebnis: Das System <strong>RS 8<\/strong>. Gr\u00f6\u00dftm\u00f6gliche Widerstandswerte sorgen f\u00fcr das rundum beruhigende Gef\u00fchl, T\u00fcren und Zug\u00e4nge herausragend abgesichert zu haben. Im wahrsten Sinne des Wortes, denn eine neue Technik mit seitlich aufgesetzter Steuer- und Stabilisierungsrippe verleiht dem Schl\u00fcssel einen extrem hohen Kopierschutz.<\/p>\n<p>So bietet das System <strong>RS 8<\/strong> h\u00f6chstm\u00f6gliche Sicherheit im Einbruchschutz. Zur Sicherung Ihrer Werte zu Hause oder in Ihrem Unternehmen. Und f\u00fcr Ihr pers\u00f6nliches \u201egutes Gef\u00fchl\u201c. Darauf k\u00f6nnen Sie sich verlassen.<\/p>\n<\/div><\/section><\/div>\n\n<style type=\"text\/css\" data-created_by=\"avia_inline_auto\" id=\"style-css-av-av_one_third-6126cab7d8fab8d08143dd2dacdf673c\">\n.flex_column.av-av_one_third-6126cab7d8fab8d08143dd2dacdf673c{\nborder-radius:0px 0px 0px 0px;\npadding:0px 0px 0px 0px;\n}\n<\/style>\n<div  class='flex_column av-av_one_third-6126cab7d8fab8d08143dd2dacdf673c av_one_third  avia-builder-el-26  el_after_av_one_third  el_before_av_one_third  first flex_column_div av-zero-column-padding  column-top-margin'     ><section  class='av_textblock_section av-av_textblock-396ddf1f42196ca838231e61a4602801 '   itemscope=\"itemscope\" itemtype=\"https:\/\/schema.org\/CreativeWork\" ><div class='avia_textblock'  itemprop=\"text\" ><p><strong>Technische Daten:<\/strong><\/p>\n<ul>\n<li>Anzahl rotierende, kugelgelagerte Segmente je Schlie\u00dfseite: 21<\/li>\n<li>Schlie\u00dfberechtigungsabfragen: 35<\/li>\n<li>3D gefr\u00e4ster Schl\u00fcssel<\/li>\n<li>Beidseitig schlie\u00dfend<\/li>\n<li>Verschlusssicherheitsklasse<br \/>\ngem\u00e4\u00df DIN EN 1303 04\/2005: 6<\/li>\n<li>Modulartechnik<\/li>\n<li>H\u00f6chstm\u00f6gliche VdS-Klasse (modular): BZ+<\/li>\n<\/ul>\n<\/div><\/section><\/div>\n\n<style type=\"text\/css\" data-created_by=\"avia_inline_auto\" id=\"style-css-av-av_one_third-0aa7055fe62c3622faec82866afbaeb2\">\n.flex_column.av-av_one_third-0aa7055fe62c3622faec82866afbaeb2{\nborder-radius:0px 0px 0px 0px;\npadding:0px 0px 0px 0px;\n}\n<\/style>\n<div  class='flex_column av-av_one_third-0aa7055fe62c3622faec82866afbaeb2 av_one_third  avia-builder-el-28  el_after_av_one_third  el_before_av_one_third  flex_column_div av-zero-column-padding  column-top-margin'     ><section  class='av_textblock_section av-av_textblock-396ddf1f42196ca838231e61a4602801 '   itemscope=\"itemscope\" itemtype=\"https:\/\/schema.org\/CreativeWork\" ><div class='avia_textblock'  itemprop=\"text\" ><p><strong>Technische Daten:<\/strong><\/p>\n<ul>\n<li>Anzahl Zuhaltungen (gefederte): 9<\/li>\n<li>Schlie\u00dfberechtigungsabfragen: 20<\/li>\n<li>45\u00b0 schwimmend gelagerter Rollk\u00f6rper<br \/>\nim Schl\u00fcssel (Kopierschutz)<\/li>\n<li>Wendeschl\u00fcssel<\/li>\n<li>Kompatibilit\u00e4t zur DOM Elektronik durch den ClipTag<\/li>\n<li>Verschlusssicherheitsklasse<br \/>\ngem\u00e4\u00df DIN EN 1303 04\/2005: 6<\/li>\n<li>Widerstandsf\u00e4higkeit gegen Aufbohren<br \/>\ngem\u00e4\u00df DIN EN 1303 04\/2005: 2<\/li>\n<li>Patentlaufzeit: 2023<\/li>\n<li>Modulartechnik<\/li>\n<li>H\u00f6chstm\u00f6gliche VdS-Klasse (modular): BZ+<\/li>\n<li>Beidseitig schlie\u00dfend<\/li>\n<\/ul>\n<div id=\"widgetcontainer_CMTOI_cm4all_com_widgets_SeparatorToi_13919471\" class=\"cm_widget_block cm_widget cm4all_com_widgets_SeparatorToi cm_widget_block_center cm-pixel-large cm-pixel-xlarge\"><\/div>\n<\/div><\/section><\/div>\n\n<style type=\"text\/css\" data-created_by=\"avia_inline_auto\" id=\"style-css-av-av_one_third-0aa7055fe62c3622faec82866afbaeb2\">\n.flex_column.av-av_one_third-0aa7055fe62c3622faec82866afbaeb2{\nborder-radius:0px 0px 0px 0px;\npadding:0px 0px 0px 0px;\n}\n<\/style>\n<div  class='flex_column av-av_one_third-0aa7055fe62c3622faec82866afbaeb2 av_one_third  avia-builder-el-30  el_after_av_one_third  avia-builder-el-last  flex_column_div av-zero-column-padding  column-top-margin'     ><section  class='av_textblock_section av-av_textblock-396ddf1f42196ca838231e61a4602801 '   itemscope=\"itemscope\" itemtype=\"https:\/\/schema.org\/CreativeWork\" ><div class='avia_textblock'  itemprop=\"text\" ><p><strong>Technische Daten:<\/strong><\/p>\n<ul>\n<li>Anzahl Zuhaltungen (gefederte): 8<\/li>\n<li>Schlie\u00dfberechtigungsabfragen: 13<\/li>\n<li>Seitlich aufgesetzte Rippe auf dem Schl\u00fcssel (Kopierschutz)<\/li>\n<li>Konventioneller Schl\u00fcssel<\/li>\n<li>Kompatibilit\u00e4t zur DOM Elektronik durch den ClipTag<\/li>\n<li>Verschlusssicherheitsklasse<br \/>\ngem\u00e4\u00df DIN EN 1303 04\/2005: 6<\/li>\n<li>Widerstandsf\u00e4higkeit gegen Aufbohren<br \/>\ngem\u00e4\u00df DIN EN 1303 04\/2005: 2<\/li>\n<li>Modulartechnik<\/li>\n<li>Patentlaufzeit: 2024<\/li>\n<li>H\u00f6chstm\u00f6gliche VdS-Klasse (modular): BZ+<\/li>\n<li>Beidseitig schlie\u00dfend<\/li>\n<\/ul>\n<\/div><\/section><\/div>\n","protected":false},"excerpt":{"rendered":"","protected":false},"author":2,"featured_media":0,"parent":3526,"menu_order":0,"comment_status":"closed","ping_status":"closed","template":"","meta":{"footnotes":""},"class_list":["post-3729","page","type-page","status-publish","hentry"],"_links":{"self":[{"href":"https:\/\/mahschliesstechnik.de\/index.php\/wp-json\/wp\/v2\/pages\/3729","targetHints":{"allow":["GET"]}}],"collection":[{"href":"https:\/\/mahschliesstechnik.de\/index.php\/wp-json\/wp\/v2\/pages"}],"about":[{"href":"https:\/\/mahschliesstechnik.de\/index.php\/wp-json\/wp\/v2\/types\/page"}],"author":[{"embeddable":true,"href":"https:\/\/mahschliesstechnik.de\/index.php\/wp-json\/wp\/v2\/users\/2"}],"replies":[{"embeddable":true,"href":"https:\/\/mahschliesstechnik.de\/index.php\/wp-json\/wp\/v2\/comments?post=3729"}],"version-history":[{"count":9,"href":"https:\/\/mahschliesstechnik.de\/index.php\/wp-json\/wp\/v2\/pages\/3729\/revisions"}],"predecessor-version":[{"id":4001,"href":"https:\/\/mahschliesstechnik.de\/index.php\/wp-json\/wp\/v2\/pages\/3729\/revisions\/4001"}],"up":[{"embeddable":true,"href":"https:\/\/mahschliesstechnik.de\/index.php\/wp-json\/wp\/v2\/pages\/3526"}],"wp:attachment":[{"href":"https:\/\/mahschliesstechnik.de\/index.php\/wp-json\/wp\/v2\/media?parent=3729"}],"curies":[{"name":"wp","href":"https:\/\/api.w.org\/{rel}","templated":true}]}}