{"id":5154,"date":"2018-11-17T12:18:53","date_gmt":"2018-11-17T11:18:53","guid":{"rendered":"https:\/\/mahschliesstechnik.de\/?page_id=5154"},"modified":"2022-01-16T13:50:07","modified_gmt":"2022-01-16T12:50:07","slug":"kfw-einbruchschutz","status":"publish","type":"page","link":"https:\/\/mahschliesstechnik.de\/index.php\/sicherheit-in-frankfurt\/kfw-einbruchschutz\/","title":{"rendered":"KfW-F\u00f6rderbarometer Einbruchschutz"},"content":{"rendered":"<section  class='av_textblock_section av-av_textblock-396ddf1f42196ca838231e61a4602801 '   itemscope=\"itemscope\" itemtype=\"https:\/\/schema.org\/CreativeWork\" ><div class='avia_textblock'  itemprop=\"text\" ><h1 class=\"p1\" style=\"text-align: center;\"><span class=\"s1\">KfW-F\u00f6rderbarometer Einbruchschutz<\/span><\/h1>\n<\/div><\/section>\n<div  class='hr av-av_hr-34b6fe9e9f66a46e6d69cf6e4e15f130 hr-short  avia-builder-el-1  el_after_av_textblock  el_before_av_one_full  hr-center'><span class='hr-inner '><span class=\"hr-inner-style\"><\/span><\/span><\/div>\n\n<style type=\"text\/css\" data-created_by=\"avia_inline_auto\" id=\"style-css-av-av_one_full-6126cab7d8fab8d08143dd2dacdf673c\">\n.flex_column.av-av_one_full-6126cab7d8fab8d08143dd2dacdf673c{\nborder-radius:0px 0px 0px 0px;\npadding:0px 0px 0px 0px;\n}\n<\/style>\n<div  class='flex_column av-av_one_full-6126cab7d8fab8d08143dd2dacdf673c av_one_full  avia-builder-el-2  el_after_av_hr  el_before_av_hr  first flex_column_div av-zero-column-padding  '     ><section  class='av_textblock_section av-av_textblock-396ddf1f42196ca838231e61a4602801 '   itemscope=\"itemscope\" itemtype=\"https:\/\/schema.org\/CreativeWork\" ><div class='avia_textblock'  itemprop=\"text\" ><h3><span style=\"color: #ff0000;\"><strong>AKTUELLER HINWEIS:<\/strong><\/span><\/h3>\n<h3 class=\"prim-color\"><span style=\"color: #ff0000;\"><strong>Derzeit k\u00f6nnen keine Antr\u00e4ge in dem F\u00f6rderprogramm \u201eEinbruchschutz-Investitionszuschuss 455-E\u201c gestellt werden, da aufgrund der vorl\u00e4ufigen Haushaltsf\u00fchrung nach der Bundestagswahl aktuell keine F\u00f6rdermittel zur Verf\u00fcgung stehen. Die F\u00f6rderung kann erst mit Inkrafttreten des Bundeshaushalts 2022 wieder aufgenommen werden.<\/strong><\/span><\/h3>\n<\/div><\/section><\/div>\n<style type=\"text\/css\" data-created_by=\"avia_inline_auto\" id=\"style-css-av-av_hr-4474f20d2389e2e5ecf918a02da5132e\">\n#top .hr.hr-invisible.av-av_hr-4474f20d2389e2e5ecf918a02da5132e{\nheight:50px;\n}\n<\/style>\n<div  class='hr av-av_hr-4474f20d2389e2e5ecf918a02da5132e hr-invisible  avia-builder-el-4  el_after_av_one_full  el_before_av_one_third '><span class='hr-inner '><span class=\"hr-inner-style\"><\/span><\/span><\/div><\/p>\n\n<style type=\"text\/css\" data-created_by=\"avia_inline_auto\" id=\"style-css-av-av_one_third-b18ec1635791c30194c2fc90ea77ba9c\">\n.flex_column.av-av_one_third-b18ec1635791c30194c2fc90ea77ba9c{\nborder-radius:0px 0px 0px 0px;\npadding:0px 0px 0px 0px;\n}\n<\/style>\n<div  class='flex_column av-av_one_third-b18ec1635791c30194c2fc90ea77ba9c av_one_third  avia-builder-el-5  el_after_av_hr  el_before_av_two_third  first flex_column_div av-zero-column-padding  '     ><style type=\"text\/css\" data-created_by=\"avia_inline_auto\" id=\"style-css-av-av_image-f67f4f81216bed0a44072fc799252bce\">\n.avia-image-container.av-av_image-f67f4f81216bed0a44072fc799252bce img.avia_image{\nbox-shadow:none;\n}\n.avia-image-container.av-av_image-f67f4f81216bed0a44072fc799252bce .av-image-caption-overlay-center{\ncolor:#ffffff;\n}\n<\/style>\n<div  class='avia-image-container av-av_image-f67f4f81216bed0a44072fc799252bce av-styling- avia-align-center  avia-builder-el-6  avia-builder-el-no-sibling '   itemprop=\"image\" itemscope=\"itemscope\" itemtype=\"https:\/\/schema.org\/ImageObject\" ><div class=\"avia-image-container-inner\"><div class=\"avia-image-overlay-wrap\"><img fetchpriority=\"high\" class='wp-image-5163 avia-img-lazy-loading-not-5163 avia_image ' src='https:\/\/mahschliesstechnik.de\/wp-content\/uploads\/2018\/11\/kfw-einbruchschutz.gif' alt='KfW Einbruchschutz' title='KfW Einbruchschutz'  height=\"626\" width=\"300\"  itemprop=\"thumbnailUrl\"  \/><\/div><\/div><\/div><\/div>\n\n<style type=\"text\/css\" data-created_by=\"avia_inline_auto\" id=\"style-css-av-av_two_third-0aa7055fe62c3622faec82866afbaeb2\">\n.flex_column.av-av_two_third-0aa7055fe62c3622faec82866afbaeb2{\nborder-radius:0px 0px 0px 0px;\npadding:0px 0px 0px 0px;\n}\n<\/style>\n<div  class='flex_column av-av_two_third-0aa7055fe62c3622faec82866afbaeb2 av_two_third  avia-builder-el-7  el_after_av_one_third  avia-builder-el-last  flex_column_div av-zero-column-padding  '     ><section  class='av_textblock_section av-av_textblock-396ddf1f42196ca838231e61a4602801 '   itemscope=\"itemscope\" itemtype=\"https:\/\/schema.org\/CreativeWork\" ><div class='avia_textblock'  itemprop=\"text\" ><h3>Investitionszusch\u00fcsse von 200 Euro bis zu 6.250 Euro<\/h3>\n<p>Bei einbruchhemmenden Ma\u00dfnahmen, zum Beispiel dem Einbau von Alarmanlagen und Gegensprechanlagen, dem Einbau und der Nachr\u00fcstung von einbruchhemmenden T\u00fcren sowie bei der Nachr\u00fcstung von Fenstern k\u00f6nnen Investitionszusch\u00fcsse von 200 Euro bis maximal 1.500 Euro beantragt werden.<\/p>\n<p>Werden Einbruchsicherungen w\u00e4hrend eines altersgerechten Umbaus integriert, k\u00f6nnen sogar Zusch\u00fcsse bis zu 5.000 Euro beantragt werden. Wird der F\u00f6rderstandard \u201eAltersgerechtes Haus\u201c ber\u00fccksichtigt, steigt der Maximalzuschuss sogar auf 6.250 Euro.<\/p>\n<h3>F\u00f6rderf\u00e4hig: Material- und Handwerkerkosten<\/h3>\n<p>F\u00f6rderf\u00e4hig sind Material- und Handwerkerkosten unter der Voraussetzung, dass die Umbauarbeiten durch ein Fachunternehmen des Handwerks durchgef\u00fchrt werden.<\/p>\n<h3>So erhalten Sie F\u00f6rderungen der KfW<\/h3>\n<p>Um einen Kredit bei der KfW zu bekommen, muss ein entsprechender Antrag vor Beginn der Umbauma\u00dfnahmen bei der Hausbank gestellt werden. Diese \u00fcbernimmt dann die Regelung der Kreditdetails und die Abwicklung mit der staatlichen F\u00f6rderbank. Die Antragspr\u00fcfung durch die KfW dauert mindestens 4 bis 6 Wochen. Die Auszahlung erfolgt erst nach Abschluss der Ma\u00dfnahmen. Genauere Informationen \u00fcber Voraussetzungen und Rahmenbedingungen des F\u00f6rderprogramms finden Sie auf der\u00a0<a href=\"https:\/\/www.kfw.de\/inlandsfoerderung\/Privatpersonen\/Bestandsimmobilie\/Einbruchschutz\/\" target=\"_blank\" rel=\"noopener\">Themenwebsite der KfW<\/a>.<\/p>\n<\/div><\/section><\/div>\n","protected":false},"excerpt":{"rendered":"","protected":false},"author":2,"featured_media":0,"parent":1195,"menu_order":0,"comment_status":"closed","ping_status":"closed","template":"","meta":{"footnotes":""},"class_list":["post-5154","page","type-page","status-publish","hentry"],"_links":{"self":[{"href":"https:\/\/mahschliesstechnik.de\/index.php\/wp-json\/wp\/v2\/pages\/5154","targetHints":{"allow":["GET"]}}],"collection":[{"href":"https:\/\/mahschliesstechnik.de\/index.php\/wp-json\/wp\/v2\/pages"}],"about":[{"href":"https:\/\/mahschliesstechnik.de\/index.php\/wp-json\/wp\/v2\/types\/page"}],"author":[{"embeddable":true,"href":"https:\/\/mahschliesstechnik.de\/index.php\/wp-json\/wp\/v2\/users\/2"}],"replies":[{"embeddable":true,"href":"https:\/\/mahschliesstechnik.de\/index.php\/wp-json\/wp\/v2\/comments?post=5154"}],"version-history":[{"count":6,"href":"https:\/\/mahschliesstechnik.de\/index.php\/wp-json\/wp\/v2\/pages\/5154\/revisions"}],"predecessor-version":[{"id":5960,"href":"https:\/\/mahschliesstechnik.de\/index.php\/wp-json\/wp\/v2\/pages\/5154\/revisions\/5960"}],"up":[{"embeddable":true,"href":"https:\/\/mahschliesstechnik.de\/index.php\/wp-json\/wp\/v2\/pages\/1195"}],"wp:attachment":[{"href":"https:\/\/mahschliesstechnik.de\/index.php\/wp-json\/wp\/v2\/media?parent=5154"}],"curies":[{"name":"wp","href":"https:\/\/api.w.org\/{rel}","templated":true}]}}