{"id":5612,"date":"2020-08-25T21:49:49","date_gmt":"2020-08-25T19:49:49","guid":{"rendered":"https:\/\/mahschliesstechnik.de\/?page_id=5612"},"modified":"2020-08-25T21:49:49","modified_gmt":"2020-08-25T19:49:49","slug":"iloq","status":"publish","type":"page","link":"https:\/\/mahschliesstechnik.de\/index.php\/produkte-schliesssysteme\/iloq\/","title":{"rendered":"iLOQ"},"content":{"rendered":"<div id='av_section_1'  class='avia-section av-av_section-34308a9d7c2dacc662a4dd8535ad44d4 alternate_color avia-section-default avia-no-shadow  avia-builder-el-0  el_before_av_section  avia-builder-el-first  avia-bg-style-scroll container_wrap sidebar_right'  ><div class='container av-section-cont-open' ><main  role=\"main\" itemprop=\"mainContentOfPage\"  class='template-page content  av-content-small alpha units'><div class='post-entry post-entry-type-page post-entry-5612'><div class='entry-content-wrapper clearfix'>\n<section  class='av_textblock_section av-av_textblock-396ddf1f42196ca838231e61a4602801 '   itemscope=\"itemscope\" itemtype=\"https:\/\/schema.org\/CreativeWork\" ><div class='avia_textblock'  itemprop=\"text\" ><h2 class=\"p1\" style=\"text-align: center;\"><span class=\"s1\">iLOQ: Making life accessible<\/span><\/h2>\n<\/div><\/section>\n<div  class='hr av-av_hr-4a566f4a73ae78223e1997276585dc3a hr-short  avia-builder-el-2  el_after_av_textblock  avia-builder-el-last  hr-center'><span class='hr-inner '><span class=\"hr-inner-style\"><\/span><\/span><\/div>\n<\/div><\/div><\/main><!-- close content main element --><\/div><\/div><div id='av_section_2'  class='avia-section av-av_section-e21b66684440a49bfeb269226a4c2f83 main_color avia-section-default avia-no-shadow  avia-builder-el-3  el_after_av_section  el_before_av_section  avia-bg-style-scroll container_wrap sidebar_right'  ><div class='container av-section-cont-open' ><div class='template-page content  av-content-small alpha units'><div class='post-entry post-entry-type-page post-entry-5612'><div class='entry-content-wrapper clearfix'>\n<div  class='flex_column av-av_two_third-2a9015ff38129c418a3f2eafba3e9512 av_two_third  avia-builder-el-4  el_before_av_one_third  avia-builder-el-first  first flex_column_div  '     ><section  class='av_textblock_section av-av_textblock-396ddf1f42196ca838231e61a4602801 '   itemscope=\"itemscope\" itemtype=\"https:\/\/schema.org\/CreativeWork\" ><div class='avia_textblock'  itemprop=\"text\" ><blockquote>\n<h2>Die einzigartigen Vorteile der iLOQ 5-Serie<\/h2>\n<p>Zuerst gab es die digitale Schl\u00fcssel-basierte L\u00f6sung. Danach eine Smartphone-basierte L\u00f6sung. Jetzt gibt es eine hochintelligente, benutzerfreundliche L\u00f6sung die beide Schlie\u00dfsysteme verwaltet und gleichzeitig Ihre Lebenszykluskosten minimiert.<\/p>\n<\/blockquote>\n<\/div><\/section><\/div>\n<style type=\"text\/css\" data-created_by=\"avia_inline_auto\" id=\"style-css-av-av_one_third-0aa7055fe62c3622faec82866afbaeb2\">\n.flex_column.av-av_one_third-0aa7055fe62c3622faec82866afbaeb2{\nborder-radius:0px 0px 0px 0px;\npadding:0px 0px 0px 0px;\n}\n<\/style>\n<div  class='flex_column av-av_one_third-0aa7055fe62c3622faec82866afbaeb2 av_one_third  avia-builder-el-6  el_after_av_two_third  el_before_av_hr  flex_column_div av-zero-column-padding  '     ><style type=\"text\/css\" data-created_by=\"avia_inline_auto\" id=\"style-css-av-av_image-a11057522d2fcd08e6d649393d1214a5\">\n.avia-image-container.av-av_image-a11057522d2fcd08e6d649393d1214a5 img.avia_image{\nbox-shadow:none;\n}\n.avia-image-container.av-av_image-a11057522d2fcd08e6d649393d1214a5 .av-image-caption-overlay-center{\ncolor:#ffffff;\n}\n<\/style>\n<div  class='avia-image-container av-av_image-a11057522d2fcd08e6d649393d1214a5 av-styling- avia-align-center  avia-builder-el-7  avia-builder-el-no-sibling '   itemprop=\"image\" itemscope=\"itemscope\" itemtype=\"https:\/\/schema.org\/ImageObject\" ><div class=\"avia-image-container-inner\"><div class=\"avia-image-overlay-wrap\"><img fetchpriority=\"high\" class='wp-image-5613 avia-img-lazy-loading-not-5613 avia_image ' src='https:\/\/mahschliesstechnik.de\/wp-content\/uploads\/2020\/08\/iLOQ_logo_slogan_rgb-300x212.jpg' alt='' title='iLOQ_logo_slogan_rgb'  height=\"212\" width=\"300\"  itemprop=\"thumbnailUrl\"  \/><\/div><\/div><\/div><\/div>\n<style type=\"text\/css\" data-created_by=\"avia_inline_auto\" id=\"style-css-av-av_hr-4474f20d2389e2e5ecf918a02da5132e\">\n#top .hr.hr-invisible.av-av_hr-4474f20d2389e2e5ecf918a02da5132e{\nheight:50px;\n}\n<\/style>\n<div  class='hr av-av_hr-4474f20d2389e2e5ecf918a02da5132e hr-invisible  avia-builder-el-8  el_after_av_one_third  el_before_av_one_half '><span class='hr-inner '><span class=\"hr-inner-style\"><\/span><\/span><\/div>\n<div  class='flex_column av-av_one_half-2a9015ff38129c418a3f2eafba3e9512 av_one_half  avia-builder-el-9  el_after_av_hr  el_before_av_one_half  first flex_column_div  '     ><p>\n<style type=\"text\/css\" data-created_by=\"avia_inline_auto\" id=\"style-css-av-av_hr-4474f20d2389e2e5ecf918a02da5132e\">\n#top .hr.hr-invisible.av-av_hr-4474f20d2389e2e5ecf918a02da5132e{\nheight:50px;\n}\n<\/style>\n<div  class='hr av-av_hr-4474f20d2389e2e5ecf918a02da5132e hr-invisible  avia-builder-el-10  el_before_av_video  avia-builder-el-first '><span class='hr-inner '><span class=\"hr-inner-style\"><\/span><\/span><\/div><br \/>\n<div  class='avia-video av-av_video-b97e3e48a582584513b0f7139f4c58e3 avia-video-16-9 av-no-preview-image avia-video-load-always av-lazyload-immediate av-lazyload-video-embed'  itemprop=\"video\" itemtype=\"https:\/\/schema.org\/VideoObject\"  data-original_url='https:\/\/www.youtube.com\/watch?v=wIDsh05UOyk'><script type='text\/html' class='av-video-tmpl'><div class='avia-iframe-wrap'><iframe loading=\"lazy\" width=\"1500\" height=\"844\" src=\"https:\/\/www.youtube.com\/embed\/wIDsh05UOyk?feature=oembed&autoplay=0&loop=0&controls=1&mute=0\" frameborder=\"0\" allow=\"accelerometer; autoplay; encrypted-media; gyroscope; picture-in-picture\" allowfullscreen><\/iframe><\/div><\/script><div class='av-click-to-play-overlay'><div class=\"avia_playpause_icon\"><\/div><\/div><\/div><br \/>\n<section  class='av_textblock_section av-av_textblock-396ddf1f42196ca838231e61a4602801 '   itemscope=\"itemscope\" itemtype=\"https:\/\/schema.org\/CreativeWork\" ><div class='avia_textblock'  itemprop=\"text\" ><p>Quelle: <a href=\"https:\/\/youtu.be\/icldVgfmuCM\">YouTube<\/a>\u00a0(externer Link)<\/p>\n<\/div><\/section><\/p><\/div>\n<style type=\"text\/css\" data-created_by=\"avia_inline_auto\" id=\"style-css-av-av_one_half-0aa7055fe62c3622faec82866afbaeb2\">\n.flex_column.av-av_one_half-0aa7055fe62c3622faec82866afbaeb2{\nborder-radius:0px 0px 0px 0px;\npadding:0px 0px 0px 0px;\n}\n<\/style>\n<div  class='flex_column av-av_one_half-0aa7055fe62c3622faec82866afbaeb2 av_one_half  avia-builder-el-13  el_after_av_one_half  el_before_av_hr  flex_column_div av-zero-column-padding  '     ><p>\n<style type=\"text\/css\" data-created_by=\"avia_inline_auto\" id=\"style-css-av-av_hr-4474f20d2389e2e5ecf918a02da5132e\">\n#top .hr.hr-invisible.av-av_hr-4474f20d2389e2e5ecf918a02da5132e{\nheight:50px;\n}\n<\/style>\n<div  class='hr av-av_hr-4474f20d2389e2e5ecf918a02da5132e hr-invisible  avia-builder-el-14  el_before_av_textblock  avia-builder-el-first '><span class='hr-inner '><span class=\"hr-inner-style\"><\/span><\/span><\/div><br \/>\n<section  class='av_textblock_section av-av_textblock-396ddf1f42196ca838231e61a4602801 '   itemscope=\"itemscope\" itemtype=\"https:\/\/schema.org\/CreativeWork\" ><div class='avia_textblock'  itemprop=\"text\" ><h3>Mehrere Zugangsm\u00f6glichkeiten<\/h3>\n<p>Bei iLOQ S5 k\u00f6nnen Sie bequem ausw\u00e4hlen, welchen \u201eSchl\u00fcssel\u201c Sie verwenden m\u00f6chten: den digitalen iLOQ S5 Schl\u00fcssel, das Smartphone als Schl\u00fcssel (iOS oder Android), einen Key Fob (Schl\u00fcsselanh\u00e4nger) oder einen PIN-Code. Weiterhin sind, wie bei allen iLOQ-L\u00f6sungen, weder Batterien oder Kabel erforderlich \u2013 Sie haben die Wahl.<\/p>\n<\/div><\/section><\/p><\/div>\n<style type=\"text\/css\" data-created_by=\"avia_inline_auto\" id=\"style-css-av-av_hr-4474f20d2389e2e5ecf918a02da5132e\">\n#top .hr.hr-invisible.av-av_hr-4474f20d2389e2e5ecf918a02da5132e{\nheight:50px;\n}\n<\/style>\n<div  class='hr av-av_hr-4474f20d2389e2e5ecf918a02da5132e hr-invisible  avia-builder-el-16  el_after_av_one_half  avia-builder-el-last '><span class='hr-inner '><span class=\"hr-inner-style\"><\/span><\/span><\/div>\n<\/div><\/div><\/div><!-- close content main div --><\/div><\/div><div id='av_section_3'  class='avia-section av-av_section-34308a9d7c2dacc662a4dd8535ad44d4 alternate_color avia-section-default avia-no-shadow  avia-builder-el-17  el_after_av_section  el_before_av_one_third  avia-bg-style-scroll container_wrap sidebar_right'  ><div class='container av-section-cont-open' ><div class='template-page content  av-content-small alpha units'><div class='post-entry post-entry-type-page post-entry-5612'><div class='entry-content-wrapper clearfix'>\n<section  class='av_textblock_section av-av_textblock-396ddf1f42196ca838231e61a4602801 '   itemscope=\"itemscope\" itemtype=\"https:\/\/schema.org\/CreativeWork\" ><div class='avia_textblock'  itemprop=\"text\" ><h1>Digitale und mobile Zugangsmanagement-Systeme mit eigener Energieerzeugung<\/h1>\n<\/div><\/section>\n<div  class='hr av-av_hr-4a566f4a73ae78223e1997276585dc3a hr-short  avia-builder-el-19  el_after_av_textblock  avia-builder-el-last  hr-center'><span class='hr-inner '><span class=\"hr-inner-style\"><\/span><\/span><\/div>\n<\/div><\/div><\/div><!-- close content main div --><\/div><\/div><div id='after_section_3'  class='main_color av_default_container_wrap container_wrap sidebar_right'  ><div class='container av-section-cont-open' ><div class='template-page content  av-content-small alpha units'><div class='post-entry post-entry-type-page post-entry-5612'><div class='entry-content-wrapper clearfix'>\n<style type=\"text\/css\" data-created_by=\"avia_inline_auto\" id=\"style-css-av-av_one_third-6126cab7d8fab8d08143dd2dacdf673c\">\n.flex_column.av-av_one_third-6126cab7d8fab8d08143dd2dacdf673c{\nborder-radius:0px 0px 0px 0px;\npadding:0px 0px 0px 0px;\n}\n<\/style>\n<div  class='flex_column av-av_one_third-6126cab7d8fab8d08143dd2dacdf673c av_one_third  avia-builder-el-20  el_after_av_section  el_before_av_one_third  avia-builder-el-first  first flex_column_div av-zero-column-padding  '     ><section  class='av_textblock_section av-av_textblock-396ddf1f42196ca838231e61a4602801 '   itemscope=\"itemscope\" itemtype=\"https:\/\/schema.org\/CreativeWork\" ><div class='avia_textblock'  itemprop=\"text\" ><h3>Einfachere &amp; smartere Verwaltung<\/h3>\n<p>Die Programmierung von iLOQ S5- und iLOQ S50 Schl\u00fcsseln &amp; Schlie\u00dfzylindern, erfolgt \u00fcber eine einfach bedienbare cloudbasierte Verwaltungssoftware. Die fortschrittliche Ger\u00e4t zu Ger\u00e4t-Kommunikation erm\u00f6glicht es, eine gro\u00dfe Menge an Daten (wie z.B. Liste der gesperrten Schl\u00fcssel, Zeitbeschr\u00e4nkungen, letzte Uhrzeit, Ereignislisten und T\u00fcrbegehung der Schl\u00fcssel) schnell zwischen der Verwaltungssoftware und Leseger\u00e4ten, Schl\u00fcsseln und Schlie\u00dfzylindern in beide Richtungen auszutauschen, bevor die T\u00fcr auf- oder abgeschlossen wird. Dies minimiert die Fahrten zwischen den jeweiligen Standorten und der Verwaltung, um Daten manuell in Schlie\u00dfzylinder und Schl\u00fcssel zu \u00fcbertragen, was wiederum die Lebenszykluskosten und die Auswirkungen auf die Umwelt reduziert.<\/p>\n<div id=\"widgetcontainer_CMTOI_cm4all_com_widgets_SeparatorToi_13919471\" class=\"cm_widget_block cm_widget cm4all_com_widgets_SeparatorToi cm_widget_block_center cm-pixel-large cm-pixel-xlarge\"><\/div>\n<\/div><\/section><\/div>\n<style type=\"text\/css\" data-created_by=\"avia_inline_auto\" id=\"style-css-av-av_one_third-0aa7055fe62c3622faec82866afbaeb2\">\n.flex_column.av-av_one_third-0aa7055fe62c3622faec82866afbaeb2{\nborder-radius:0px 0px 0px 0px;\npadding:0px 0px 0px 0px;\n}\n<\/style>\n<div  class='flex_column av-av_one_third-0aa7055fe62c3622faec82866afbaeb2 av_one_third  avia-builder-el-22  el_after_av_one_third  el_before_av_one_third  flex_column_div av-zero-column-padding  '     ><section  class='av_textblock_section av-av_textblock-396ddf1f42196ca838231e61a4602801 '   itemscope=\"itemscope\" itemtype=\"https:\/\/schema.org\/CreativeWork\" ><div class='avia_textblock'  itemprop=\"text\" ><h3>Sicherheit auf dem neuesten Stand der Technik<\/h3>\n<p>Da alle Ger\u00e4te miteinander verbunden sind und untereinander kommunizieren, wird die Sicherheit maximiert, w\u00e4hrend die Verwaltungskosten minimiert werden. Verlorene, gestohlene oder nicht zur\u00fcckgegebene Schl\u00fcssel k\u00f6nnen leicht aus dem System gel\u00f6scht und neu zugeordnet werden. Die \u201eneueste Zeitfunktion\u201c stellt sicher, dass abgelaufene Schl\u00fcssel ohne administrative Ma\u00dfnahmen keinen Zugriff haben<\/p>\n<\/div><\/section><\/div>\n<style type=\"text\/css\" data-created_by=\"avia_inline_auto\" id=\"style-css-av-av_one_third-0aa7055fe62c3622faec82866afbaeb2\">\n.flex_column.av-av_one_third-0aa7055fe62c3622faec82866afbaeb2{\nborder-radius:0px 0px 0px 0px;\npadding:0px 0px 0px 0px;\n}\n<\/style>\n<div  class='flex_column av-av_one_third-0aa7055fe62c3622faec82866afbaeb2 av_one_third  avia-builder-el-24  el_after_av_one_third  el_before_av_one_half  flex_column_div av-zero-column-padding  '     ><section  class='av_textblock_section av-av_textblock-396ddf1f42196ca838231e61a4602801 '   itemscope=\"itemscope\" itemtype=\"https:\/\/schema.org\/CreativeWork\" ><div class='avia_textblock'  itemprop=\"text\" ><div class=\"text\">\n<h3>Optimierte Prozesse<\/h3>\n<p>Die offene Anwendungsprogrammierschnittstelle (API) der iLOQ S5-Serie erm\u00f6glicht die Integration moderner Systeme zum Informationsaustausch und zur Buchung mit Kundendatenbanken. Dies erm\u00f6glicht viele hilfreiche Anwendungsf\u00e4lle; so kann beispielsweise die Buchung von Gemeinschaftsr\u00e4umen \u00fcber Touchscreens aktualisiert oder durch mobile Apps an Schl\u00fcssel \u00fcbertragen werden. Und das ohne zus\u00e4tzliche Verkabelung an der T\u00fcr.<\/p>\n<\/div>\n<div class=\"text\"><\/div>\n<\/div><\/section><\/div>\n<style type=\"text\/css\" data-created_by=\"avia_inline_auto\" id=\"style-css-av-av_one_half-6126cab7d8fab8d08143dd2dacdf673c\">\n.flex_column.av-av_one_half-6126cab7d8fab8d08143dd2dacdf673c{\nborder-radius:0px 0px 0px 0px;\npadding:0px 0px 0px 0px;\n}\n<\/style>\n<div  class='flex_column av-av_one_half-6126cab7d8fab8d08143dd2dacdf673c av_one_half  avia-builder-el-26  el_after_av_one_third  el_before_av_one_half  first flex_column_div av-zero-column-padding  column-top-margin'     ><section  class='av_textblock_section av-av_textblock-396ddf1f42196ca838231e61a4602801 '   itemscope=\"itemscope\" itemtype=\"https:\/\/schema.org\/CreativeWork\" ><div class='avia_textblock'  itemprop=\"text\" ><h1>DAS ERSTE ELEKTRONISCHE SCHLIE\u00dfSYSTEM DER WELT DAS OHNE BATTERIEN UND KABEL FUNKTIONIERT<\/h1>\n<p>iLOQ S5 ist eine elektrische digitale Schlie\u00dfanlage mit autonomer Energieversorgung durch Schl\u00fcsseleinschub. Das bedeutet, Schlie\u00dfzylinder und Schl\u00fcssel werden ohne Batterien betrieben.<\/p>\n<p>Die Wartung der batteriefreien Schlie\u00dfanlage ist einfach und kosteng\u00fcnstig. F\u00fcr den Betrieb des Systems besteht keine Notwendigkeit, Batterien auszutauschen, da die Schlie\u00dfzylinder oder Schl\u00fcssel stets funktionsf\u00e4hig sind. Im Laufe der Zeit sparen Sie mit dem iLOQ-System viel Geld aufgrund minimaler Wartungskosten.<\/p>\n<div id=\"widgetcontainer_CMTOI_cm4all_com_widgets_SeparatorToi_13919471\" class=\"cm_widget_block cm_widget cm4all_com_widgets_SeparatorToi cm_widget_block_center cm-pixel-large cm-pixel-xlarge\"><\/div>\n<\/div><\/section><\/div>\n<style type=\"text\/css\" data-created_by=\"avia_inline_auto\" id=\"style-css-av-av_one_half-0aa7055fe62c3622faec82866afbaeb2\">\n.flex_column.av-av_one_half-0aa7055fe62c3622faec82866afbaeb2{\nborder-radius:0px 0px 0px 0px;\npadding:0px 0px 0px 0px;\n}\n<\/style>\n<div  class='flex_column av-av_one_half-0aa7055fe62c3622faec82866afbaeb2 av_one_half  avia-builder-el-28  el_after_av_one_half  el_before_av_one_half  flex_column_div av-zero-column-padding  column-top-margin'     ><section  class='av_textblock_section av-av_textblock-396ddf1f42196ca838231e61a4602801 '   itemscope=\"itemscope\" itemtype=\"https:\/\/schema.org\/CreativeWork\" ><div class='avia_textblock'  itemprop=\"text\" ><div class=\"text\">\n<h1>ZUGANGSMANAGEMENT-SYSTEM f\u00fcr Schlie\u00dfanlagen von mehreren Geb\u00e4uden<\/h1>\n<p>Smartphone-basierte, intelligente Schlie\u00dfzylinder sind die einzige sinnvolle L\u00f6sung f\u00fcr geografisch verstreute Schlie\u00dfanlagen mit \u00fcbergeordneten Schl\u00fcsseln. Die Herausforderung hier war die Energiequelle, die von intelligenten Schl\u00f6ssern ben\u00f6tigt wird, sprich die Wahl zwischen teurer Verkabelung und st\u00e4ndigem Batteriewechsel. Die L\u00f6sung ist der intelligente iLOQ S50 Schlie\u00dfzylinder, der mittels eines NFC-f\u00e4higem Mobiltelefons mit Energie versorgt wird. Somit er\u00fcbrigen sich auch die Batterien und Kabel.<\/p>\n<\/div>\n<div class=\"text\"><\/div>\n<\/div><\/section><\/div>\n<style type=\"text\/css\" data-created_by=\"avia_inline_auto\" id=\"style-css-av-av_one_half-6126cab7d8fab8d08143dd2dacdf673c\">\n.flex_column.av-av_one_half-6126cab7d8fab8d08143dd2dacdf673c{\nborder-radius:0px 0px 0px 0px;\npadding:0px 0px 0px 0px;\n}\n<\/style>\n<div  class='flex_column av-av_one_half-6126cab7d8fab8d08143dd2dacdf673c av_one_half  avia-builder-el-30  el_after_av_one_half  el_before_av_one_half  first flex_column_div av-zero-column-padding  column-top-margin'     ><section  class='av_textblock_section av-av_textblock-396ddf1f42196ca838231e61a4602801 '   itemscope=\"itemscope\" itemtype=\"https:\/\/schema.org\/CreativeWork\" ><div class='avia_textblock'  itemprop=\"text\" ><p><a href=\"https:\/\/mahschliesstechnik.de\/wp-content\/uploads\/2020\/08\/iLOQ_S5_brochure__German.pdf\">iLOQ_S5_brochure__German<\/a><\/p>\n<\/div><\/section><\/div>\n<style type=\"text\/css\" data-created_by=\"avia_inline_auto\" id=\"style-css-av-av_one_half-0aa7055fe62c3622faec82866afbaeb2\">\n.flex_column.av-av_one_half-0aa7055fe62c3622faec82866afbaeb2{\nborder-radius:0px 0px 0px 0px;\npadding:0px 0px 0px 0px;\n}\n<\/style>\n<div  class='flex_column av-av_one_half-0aa7055fe62c3622faec82866afbaeb2 av_one_half  avia-builder-el-32  el_after_av_one_half  avia-builder-el-last  flex_column_div av-zero-column-padding  column-top-margin'     ><section  class='av_textblock_section av-av_textblock-396ddf1f42196ca838231e61a4602801 '   itemscope=\"itemscope\" itemtype=\"https:\/\/schema.org\/CreativeWork\" ><div class='avia_textblock'  itemprop=\"text\" ><p><a href=\"https:\/\/mahschliesstechnik.de\/wp-content\/uploads\/2020\/08\/iLOQ_S50_brochure_Ger.pdf\">iLOQ_S50_brochure_Ger<\/a><\/p>\n<\/div><\/section><\/div><\/p>\n","protected":false},"excerpt":{"rendered":"","protected":false},"author":2,"featured_media":0,"parent":3526,"menu_order":0,"comment_status":"closed","ping_status":"closed","template":"","meta":{"footnotes":""},"class_list":["post-5612","page","type-page","status-publish","hentry"],"_links":{"self":[{"href":"https:\/\/mahschliesstechnik.de\/index.php\/wp-json\/wp\/v2\/pages\/5612","targetHints":{"allow":["GET"]}}],"collection":[{"href":"https:\/\/mahschliesstechnik.de\/index.php\/wp-json\/wp\/v2\/pages"}],"about":[{"href":"https:\/\/mahschliesstechnik.de\/index.php\/wp-json\/wp\/v2\/types\/page"}],"author":[{"embeddable":true,"href":"https:\/\/mahschliesstechnik.de\/index.php\/wp-json\/wp\/v2\/users\/2"}],"replies":[{"embeddable":true,"href":"https:\/\/mahschliesstechnik.de\/index.php\/wp-json\/wp\/v2\/comments?post=5612"}],"version-history":[{"count":2,"href":"https:\/\/mahschliesstechnik.de\/index.php\/wp-json\/wp\/v2\/pages\/5612\/revisions"}],"predecessor-version":[{"id":6290,"href":"https:\/\/mahschliesstechnik.de\/index.php\/wp-json\/wp\/v2\/pages\/5612\/revisions\/6290"}],"up":[{"embeddable":true,"href":"https:\/\/mahschliesstechnik.de\/index.php\/wp-json\/wp\/v2\/pages\/3526"}],"wp:attachment":[{"href":"https:\/\/mahschliesstechnik.de\/index.php\/wp-json\/wp\/v2\/media?parent=5612"}],"curies":[{"name":"wp","href":"https:\/\/api.w.org\/{rel}","templated":true}]}}