{"id":6250,"date":"2024-06-19T20:55:52","date_gmt":"2024-06-19T18:55:52","guid":{"rendered":"https:\/\/mahschliesstechnik.de\/?page_id=6250"},"modified":"2024-06-19T21:43:04","modified_gmt":"2024-06-19T19:43:04","slug":"jablotron","status":"publish","type":"page","link":"https:\/\/mahschliesstechnik.de\/index.php\/produkte-schliesssysteme\/jablotron\/","title":{"rendered":"Jablotron Alarmsysteme"},"content":{"rendered":"<div id='av_section_1'  class='avia-section av-av_section-34308a9d7c2dacc662a4dd8535ad44d4 alternate_color avia-section-default avia-no-shadow  avia-builder-el-0  el_before_av_section  avia-builder-el-first  avia-bg-style-scroll container_wrap sidebar_right'  ><div class='container av-section-cont-open' ><main  role=\"main\" itemprop=\"mainContentOfPage\"  class='template-page content  av-content-small alpha units'><div class='post-entry post-entry-type-page post-entry-6250'><div class='entry-content-wrapper clearfix'>\n<section  class='av_textblock_section av-av_textblock-396ddf1f42196ca838231e61a4602801 '   itemscope=\"itemscope\" itemtype=\"https:\/\/schema.org\/CreativeWork\" ><div class='avia_textblock'  itemprop=\"text\" ><h1 class=\"text-xxxl\" style=\"text-align: center;\"><strong>Intelligente L\u00f6sung f\u00fcr Sicherheit und Schutz<\/strong><\/h1>\n<\/div><\/section>\n<div  class='hr av-av_hr-4a566f4a73ae78223e1997276585dc3a hr-short  avia-builder-el-2  el_after_av_textblock  avia-builder-el-last  hr-center'><span class='hr-inner '><span class=\"hr-inner-style\"><\/span><\/span><\/div>\n\n<\/div><\/div><\/main><!-- close content main element --><\/div><\/div><div id='av_section_2'  class='avia-section av-av_section-e21b66684440a49bfeb269226a4c2f83 main_color avia-section-default avia-no-shadow  avia-builder-el-3  el_after_av_section  el_before_av_section  avia-bg-style-scroll container_wrap sidebar_right'  ><div class='container av-section-cont-open' ><div class='template-page content  av-content-small alpha units'><div class='post-entry post-entry-type-page post-entry-6250'><div class='entry-content-wrapper clearfix'>\n<div  class='flex_column av-av_two_third-2a9015ff38129c418a3f2eafba3e9512 av_two_third  avia-builder-el-4  el_before_av_one_third  avia-builder-el-first  first flex_column_div  '     ><section  class='av_textblock_section av-av_textblock-396ddf1f42196ca838231e61a4602801 '   itemscope=\"itemscope\" itemtype=\"https:\/\/schema.org\/CreativeWork\" ><div class='avia_textblock'  itemprop=\"text\" ><blockquote>\n<h2>JABLOTRON 100+<\/h2>\n<p>JABLOTRON 100+ ist ein professionelles Sicherheitssystem, das Ihre Wohnung, Ihr Haus oder Ihr Unternehmen umfassend sch\u00fctzt und Ihnen gleichzeitig dank der Automatisierungsoptionen das Leben erleichtert.<\/p>\n<p>Unser Angebot reicht von der Alarmanlage f\u00fcr Ein- und Mehrfamilienh\u00e4user bis hin zu komplexen Sicherheitssystemen f\u00fcr Unternehmen aus dem Einzel- und Gro\u00dfhandel. Dabei setzen wir auf ein auf zertifizierte und hochwertige Sicherheitstechnik unseres Systempartners Jablotron.<\/p>\n<p>Durch die Aufschaltung auf die zertifizierte Leitstelle der N\u00fcrnberger Wach- und Schlie\u00dfgesellschaft garantieren wir eine Echtzeit\u00fcberwachung 24 Stunden am Tag, 365 Tage im Jahr.<\/p>\n<p>Schnelle Alarmierung der Polizei oder wahlweise des Wachdienstes im Einbruchsfall machen unser Sicherheitssystem besonders effektiv.<\/p>\n<\/blockquote>\n<\/div><\/section><\/div>\n<style type=\"text\/css\" data-created_by=\"avia_inline_auto\" id=\"style-css-av-av_one_third-0aa7055fe62c3622faec82866afbaeb2\">\n.flex_column.av-av_one_third-0aa7055fe62c3622faec82866afbaeb2{\nborder-radius:0px 0px 0px 0px;\npadding:0px 0px 0px 0px;\n}\n<\/style>\n<div  class='flex_column av-av_one_third-0aa7055fe62c3622faec82866afbaeb2 av_one_third  avia-builder-el-6  el_after_av_two_third  el_before_av_hr  flex_column_div av-zero-column-padding  '     ><style type=\"text\/css\" data-created_by=\"avia_inline_auto\" id=\"style-css-av-av_image-1d778d031546abdf69c6fd9aa1d7770b\">\n.avia-image-container.av-av_image-1d778d031546abdf69c6fd9aa1d7770b img.avia_image{\nbox-shadow:none;\n}\n.avia-image-container.av-av_image-1d778d031546abdf69c6fd9aa1d7770b .av-image-caption-overlay-center{\ncolor:#ffffff;\n}\n<\/style>\n<div  class='avia-image-container av-av_image-1d778d031546abdf69c6fd9aa1d7770b av-styling- avia-align-center  avia-builder-el-7  avia-builder-el-no-sibling '   itemprop=\"image\" itemscope=\"itemscope\" itemtype=\"https:\/\/schema.org\/ImageObject\" ><div class=\"avia-image-container-inner\"><div class=\"avia-image-overlay-wrap\"><img fetchpriority=\"high\" class='wp-image-6268 avia-img-lazy-loading-not-6268 avia_image ' src='https:\/\/mahschliesstechnik.de\/wp-content\/uploads\/2024\/06\/jablo-100-300x275.jpeg' alt='' title='jablo 100'  height=\"275\" width=\"300\"  itemprop=\"thumbnailUrl\"  \/><\/div><\/div><\/div><\/div>\n<style type=\"text\/css\" data-created_by=\"avia_inline_auto\" id=\"style-css-av-av_hr-4474f20d2389e2e5ecf918a02da5132e\">\n#top .hr.hr-invisible.av-av_hr-4474f20d2389e2e5ecf918a02da5132e{\nheight:50px;\n}\n<\/style>\n<div  class='hr av-av_hr-4474f20d2389e2e5ecf918a02da5132e hr-invisible  avia-builder-el-8  el_after_av_one_third  el_before_av_one_half '><span class='hr-inner '><span class=\"hr-inner-style\"><\/span><\/span><\/div>\n<div  class='flex_column av-av_one_half-2a9015ff38129c418a3f2eafba3e9512 av_one_half  avia-builder-el-9  el_after_av_hr  el_before_av_one_half  first flex_column_div  '     ><p>\n<style type=\"text\/css\" data-created_by=\"avia_inline_auto\" id=\"style-css-av-av_hr-4474f20d2389e2e5ecf918a02da5132e\">\n#top .hr.hr-invisible.av-av_hr-4474f20d2389e2e5ecf918a02da5132e{\nheight:50px;\n}\n<\/style>\n<div  class='hr av-av_hr-4474f20d2389e2e5ecf918a02da5132e hr-invisible  avia-builder-el-10  el_before_av_video  avia-builder-el-first '><span class='hr-inner '><span class=\"hr-inner-style\"><\/span><\/span><\/div><br \/>\n<div  class='avia-video av-av_video-0ab407fea6049e552d0ed78ec2e81b65 avia-video-16-9 av-no-preview-image avia-video-load-always av-lazyload-immediate av-lazyload-video-embed'  itemprop=\"video\" itemtype=\"https:\/\/schema.org\/VideoObject\"  data-original_url='https:\/\/www.youtube.com\/watch?v=B9UCSUtgu7o'><script type='text\/html' class='av-video-tmpl'><div class='avia-iframe-wrap'><iframe loading=\"lazy\" title=\"JABLOTRON 100 - Introduction - DE\" width=\"1500\" height=\"844\" src=\"https:\/\/www.youtube.com\/embed\/B9UCSUtgu7o?feature=oembed&autoplay=0&loop=0&controls=1&mute=0\" frameborder=\"0\" allow=\"accelerometer; autoplay; clipboard-write; encrypted-media; gyroscope; picture-in-picture; web-share\" referrerpolicy=\"strict-origin-when-cross-origin\" allowfullscreen><\/iframe><\/div><\/script><div class='av-click-to-play-overlay'><div class=\"avia_playpause_icon\"><\/div><\/div><\/div><br \/>\n<section  class='av_textblock_section av-av_textblock-396ddf1f42196ca838231e61a4602801 '   itemscope=\"itemscope\" itemtype=\"https:\/\/schema.org\/CreativeWork\" ><div class='avia_textblock'  itemprop=\"text\" ><p>Quelle: <a href=\"https:\/\/youtu.be\/icldVgfmuCM\">YouTube<\/a>\u00a0(externer Link)<\/p>\n<\/div><\/section><\/p><\/div>\n<style type=\"text\/css\" data-created_by=\"avia_inline_auto\" id=\"style-css-av-av_one_half-0aa7055fe62c3622faec82866afbaeb2\">\n.flex_column.av-av_one_half-0aa7055fe62c3622faec82866afbaeb2{\nborder-radius:0px 0px 0px 0px;\npadding:0px 0px 0px 0px;\n}\n<\/style>\n<div  class='flex_column av-av_one_half-0aa7055fe62c3622faec82866afbaeb2 av_one_half  avia-builder-el-13  el_after_av_one_half  el_before_av_hr  flex_column_div av-zero-column-padding  '     ><p>\n<style type=\"text\/css\" data-created_by=\"avia_inline_auto\" id=\"style-css-av-av_hr-4474f20d2389e2e5ecf918a02da5132e\">\n#top .hr.hr-invisible.av-av_hr-4474f20d2389e2e5ecf918a02da5132e{\nheight:50px;\n}\n<\/style>\n<div  class='hr av-av_hr-4474f20d2389e2e5ecf918a02da5132e hr-invisible  avia-builder-el-14  el_before_av_textblock  avia-builder-el-first '><span class='hr-inner '><span class=\"hr-inner-style\"><\/span><\/span><\/div><br \/>\n<section  class='av_textblock_section av-av_textblock-396ddf1f42196ca838231e61a4602801 '   itemscope=\"itemscope\" itemtype=\"https:\/\/schema.org\/CreativeWork\" ><div class='avia_textblock'  itemprop=\"text\" ><h3><strong>Ihr Sicherheitssystem im \u00dcberblick<\/strong><\/h3>\n<ul>\n<li>24\/7 \u00dcberwachung Ihres Objektes<\/li>\n<li>Bei Alarmausl\u00f6sung sofort alarmiert durch die Sicherheitszentrale<\/li>\n<li>\u00dcberfallknopf mit sofortiger Alarmierung der Polizei<\/li>\n<li>Bundesweit einheitliche Vorgehensweise<\/li>\n<li>Regelm\u00e4\u00dfige Funktionspr\u00fcfung der Anlage<\/li>\n<li>Individuell abgestimmter Sicherheitsplan<\/li>\n<li>Fachm\u00e4nnische Installation sowie betriebsbereite \u00dcbergabe<\/li>\n<li>Pers\u00f6nlicher Kontakt zur Vermeidung von m\u00f6glichem Fehlalarm Erweiterung des Systems wie z.B. Rauchmelder jederzeit m\u00f6glich<\/li>\n<li>System lokal und per App steuerbar<\/li>\n<\/ul>\n<\/div><\/section><\/p><\/div>\n<style type=\"text\/css\" data-created_by=\"avia_inline_auto\" id=\"style-css-av-av_hr-4474f20d2389e2e5ecf918a02da5132e\">\n#top .hr.hr-invisible.av-av_hr-4474f20d2389e2e5ecf918a02da5132e{\nheight:50px;\n}\n<\/style>\n<div  class='hr av-av_hr-4474f20d2389e2e5ecf918a02da5132e hr-invisible  avia-builder-el-16  el_after_av_one_half  avia-builder-el-last '><span class='hr-inner '><span class=\"hr-inner-style\"><\/span><\/span><\/div>\n\n<\/div><\/div><\/div><!-- close content main div --><\/div><\/div><div id='av_section_3'  class='avia-section av-av_section-34308a9d7c2dacc662a4dd8535ad44d4 alternate_color avia-section-default avia-no-shadow  avia-builder-el-17  el_after_av_section  el_before_av_one_third  avia-bg-style-scroll container_wrap sidebar_right'  ><div class='container av-section-cont-open' ><div class='template-page content  av-content-small alpha units'><div class='post-entry post-entry-type-page post-entry-6250'><div class='entry-content-wrapper clearfix'>\n<section  class='av_textblock_section av-av_textblock-396ddf1f42196ca838231e61a4602801 '   itemscope=\"itemscope\" itemtype=\"https:\/\/schema.org\/CreativeWork\" ><div class='avia_textblock'  itemprop=\"text\" ><h1 style=\"text-align: center;\"><span data-mce-mark=\"1\">Wir liefern das Gesamtpaket<\/span><\/h1>\n<\/div><\/section>\n<div  class='hr av-av_hr-4a566f4a73ae78223e1997276585dc3a hr-short  avia-builder-el-19  el_after_av_textblock  avia-builder-el-last  hr-center'><span class='hr-inner '><span class=\"hr-inner-style\"><\/span><\/span><\/div>\n<\/div><\/div><\/div><!-- close content main div --><\/div><\/div><div id='after_section_3'  class='main_color av_default_container_wrap container_wrap sidebar_right'  ><div class='container av-section-cont-open' ><div class='template-page content  av-content-small alpha units'><div class='post-entry post-entry-type-page post-entry-6250'><div class='entry-content-wrapper clearfix'>\n\n<style type=\"text\/css\" data-created_by=\"avia_inline_auto\" id=\"style-css-av-av_one_third-6126cab7d8fab8d08143dd2dacdf673c\">\n.flex_column.av-av_one_third-6126cab7d8fab8d08143dd2dacdf673c{\nborder-radius:0px 0px 0px 0px;\npadding:0px 0px 0px 0px;\n}\n<\/style>\n<div  class='flex_column av-av_one_third-6126cab7d8fab8d08143dd2dacdf673c av_one_third  avia-builder-el-20  el_after_av_section  el_before_av_one_third  avia-builder-el-first  first flex_column_div av-zero-column-padding  '     ><section  class='av_textblock_section av-av_textblock-396ddf1f42196ca838231e61a4602801 '   itemscope=\"itemscope\" itemtype=\"https:\/\/schema.org\/CreativeWork\" ><div class='avia_textblock'  itemprop=\"text\" ><h3 class=\"gcol ds12 ts12 ms12 text-center mb-xl\">Sicherheit, Schutz und Komfort<\/h3>\n<p>JABLOTRON 100+ kann den Besitzer auf m\u00f6gliche Einbr\u00fcche hinweisen (\u00d6ffnen von Fenstern oder T\u00fcren, Einschlagen von Glasscheiben, Bewegung von Personen im Geb\u00e4ude).<\/p>\n<p>Zudem kann das System eine drohende Gefahr in Form eines Brandes (Raucherkennung, Temperaturanstieg), einer \u00dcberschwemmung oder eines Gasaustritts erkennen und Sie alarmieren.<\/p>\n<p>Die Sicherheitsoptionen werden durch\u00a0<a href=\"https:\/\/www.jablotron.com\/de\/unsere-loesungen\/smarte-steuerung\/kameras\/\">Kameras<\/a>\u00a0erweitert. Dank der Verbindung mit der MyJABLOTRON-App k\u00f6nnen Sie Ihr Eigentum vollst\u00e4ndig kontrollieren, ohne Ihr Telefon st\u00e4ndig \u00fcberwachen zu m\u00fcssen.<\/p>\n<p>Au\u00dferdem bietet es intelligente Automatisierungsfunktionen, die Ihnen das Leben erleichtern. So k\u00f6nnen Sie z. B. Beleuchtung, Heizung oder Bew\u00e4sserung aus der Ferne steuern.<\/p>\n<div id=\"widgetcontainer_CMTOI_cm4all_com_widgets_SeparatorToi_13919471\" class=\"cm_widget_block cm_widget cm4all_com_widgets_SeparatorToi cm_widget_block_center cm-pixel-large cm-pixel-xlarge\"><\/div>\n<\/div><\/section><\/div>\n\n<style type=\"text\/css\" data-created_by=\"avia_inline_auto\" id=\"style-css-av-av_one_third-0aa7055fe62c3622faec82866afbaeb2\">\n.flex_column.av-av_one_third-0aa7055fe62c3622faec82866afbaeb2{\nborder-radius:0px 0px 0px 0px;\npadding:0px 0px 0px 0px;\n}\n<\/style>\n<div  class='flex_column av-av_one_third-0aa7055fe62c3622faec82866afbaeb2 av_one_third  avia-builder-el-22  el_after_av_one_third  el_before_av_one_third  flex_column_div av-zero-column-padding  '     ><section  class='av_textblock_section av-av_textblock-396ddf1f42196ca838231e61a4602801 '   itemscope=\"itemscope\" itemtype=\"https:\/\/schema.org\/CreativeWork\" ><div class='avia_textblock'  itemprop=\"text\" ><h3>Steuerung &amp; Bedienung<\/h3>\n<p>JABLOTRON 100+ bietet mehrere Steuerungsm\u00f6glichkeiten, die je nach Vorlieben der einzelnen Benutzer kombiniert werden k\u00f6nnen. Alle Bedienelemente des Systems sind so gestaltet, dass sie intuitiv zu bedienen sind, so dass sich jeder schnell und einfach mit dem System vertraut machen kann. Das System verwendet eine Ampel-Logik:\u00a0gr\u00fcn &#8211; UNSCHARF \/ rot &#8211; SCHARF<\/p>\n<\/div><\/section><\/div>\n\n<style type=\"text\/css\" data-created_by=\"avia_inline_auto\" id=\"style-css-av-av_one_third-0aa7055fe62c3622faec82866afbaeb2\">\n.flex_column.av-av_one_third-0aa7055fe62c3622faec82866afbaeb2{\nborder-radius:0px 0px 0px 0px;\npadding:0px 0px 0px 0px;\n}\n<\/style>\n<div  class='flex_column av-av_one_third-0aa7055fe62c3622faec82866afbaeb2 av_one_third  avia-builder-el-24  el_after_av_one_third  el_before_av_one_half  flex_column_div av-zero-column-padding  '     ><section  class='av_textblock_section av-av_textblock-396ddf1f42196ca838231e61a4602801 '   itemscope=\"itemscope\" itemtype=\"https:\/\/schema.org\/CreativeWork\" ><div class='avia_textblock'  itemprop=\"text\" ><div class=\"text\">\n<h3 class=\"gcol ds12 ts12 ms12 text-center mb-xl\">Professionelle &amp; fachgerechte Installation<\/h3>\n<p>JABLOTRON 100+ ist ein professionelles Sicherheitssystem, das von Fachleuten &#8211; unseren zertifizierten Installationspartnern &#8211; konzipiert und installiert wird und die Ihnen einen umfassenden Service bieten, einschlie\u00dflich anschlie\u00dfender regelm\u00e4\u00dfiger Wartungsinspektionen. Dies garantiert einen zuverl\u00e4ssigen und effizienten Betrieb des Systems, damit Sie sich jederzeit sicher f\u00fchlen k\u00f6nnen.<\/p>\n<p>Das JABLOTRON 100+ System kann auf verschiedene Arten installiert werden. In fertiggestellten und voll eingerichteten Geb\u00e4uden erfolgt die Installation i.d.R. kabellos &#8211; mit Funk-Komponenten. Diese Methode ist innenraumschonend und erfordert keine baulichen Ver\u00e4nderungen.<\/p>\n<p>In Neubauten und bei Geb\u00e4ude-Renovierungen wird die Installation in der Regel mit einer Kombination aus drahtgebundenen und drahtlosen Komponenten durchgef\u00fchrt.<\/p>\n<\/div>\n<div class=\"text\"><\/div>\n<\/div><\/section><\/div>\n\n<style type=\"text\/css\" data-created_by=\"avia_inline_auto\" id=\"style-css-av-av_one_half-6126cab7d8fab8d08143dd2dacdf673c\">\n.flex_column.av-av_one_half-6126cab7d8fab8d08143dd2dacdf673c{\nborder-radius:0px 0px 0px 0px;\npadding:0px 0px 0px 0px;\n}\n<\/style>\n<div  class='flex_column av-av_one_half-6126cab7d8fab8d08143dd2dacdf673c av_one_half  avia-builder-el-26  el_after_av_one_third  el_before_av_one_half  first flex_column_div av-zero-column-padding  column-top-margin'     ><section  class='av_textblock_section av-av_textblock-396ddf1f42196ca838231e61a4602801 '   itemscope=\"itemscope\" itemtype=\"https:\/\/schema.org\/CreativeWork\" ><div class='avia_textblock'  itemprop=\"text\" ><h1 class=\"gcol ds12 ts12 ms12 text-center mb-xl\">L\u00f6sung f\u00fcr Privat- und Gewerbeobjekte<\/h1>\n<p>JABLOTRON 100+ umfasst eine breite Palette an verf\u00fcgbaren Komponenten und Zubeh\u00f6r, die moderne Sicherheitsl\u00f6sungen f\u00fcr Privathaushalte sowie kleine und mittlere Unternehmen bieten.<\/p>\n<div id=\"widgetcontainer_CMTOI_cm4all_com_widgets_SeparatorToi_13919471\" class=\"cm_widget_block cm_widget cm4all_com_widgets_SeparatorToi cm_widget_block_center cm-pixel-large cm-pixel-xlarge\"><\/div>\n<\/div><\/section><\/div>\n\n<style type=\"text\/css\" data-created_by=\"avia_inline_auto\" id=\"style-css-av-av_one_half-0aa7055fe62c3622faec82866afbaeb2\">\n.flex_column.av-av_one_half-0aa7055fe62c3622faec82866afbaeb2{\nborder-radius:0px 0px 0px 0px;\npadding:0px 0px 0px 0px;\n}\n<\/style>\n<div  class='flex_column av-av_one_half-0aa7055fe62c3622faec82866afbaeb2 av_one_half  avia-builder-el-28  el_after_av_one_half  el_before_av_one_half  flex_column_div av-zero-column-padding  column-top-margin'     ><section  class='av_textblock_section av-av_textblock-396ddf1f42196ca838231e61a4602801 '   itemscope=\"itemscope\" itemtype=\"https:\/\/schema.org\/CreativeWork\" ><div class='avia_textblock'  itemprop=\"text\" ><div class=\"text\">\n<h1 class=\"mb-xl\">MyJABLOTRON app<\/h1>\n<p>Die App ist f\u00fcr Smartphones (iOS oder Android) konzipiert und erm\u00f6glicht Ihnen den Alarm von \u00fcberall aus zu steuern und zu \u00fcberpr\u00fcfen. Dank Push-Benachrichtigungen, E-Mails oder SMS werden Sie sofort \u00fcber jeden Alarm informiert. In der Anwendung k\u00f6nnen Sie die aktuellen Informationen, den Ereignisverlauf und die Alarmfotos einsehen.<\/p>\n<\/div>\n<div class=\"text\"><\/div>\n<\/div><\/section><\/div>\n\n<style type=\"text\/css\" data-created_by=\"avia_inline_auto\" id=\"style-css-av-av_one_half-6126cab7d8fab8d08143dd2dacdf673c\">\n.flex_column.av-av_one_half-6126cab7d8fab8d08143dd2dacdf673c{\nborder-radius:0px 0px 0px 0px;\npadding:0px 0px 0px 0px;\n}\n<\/style>\n<div  class='flex_column av-av_one_half-6126cab7d8fab8d08143dd2dacdf673c av_one_half  avia-builder-el-30  el_after_av_one_half  el_before_av_one_half  first flex_column_div av-zero-column-padding  column-top-margin'     ><section  class='av_textblock_section av-av_textblock-396ddf1f42196ca838231e61a4602801 '   itemscope=\"itemscope\" itemtype=\"https:\/\/schema.org\/CreativeWork\" ><div class='avia_textblock'  itemprop=\"text\" ><p><span style=\"color: #0000ff;\"><strong><a style=\"color: #0000ff;\" href=\"https:\/\/mahschliesstechnik.de\/wp-content\/uploads\/2024\/06\/DE-brochure-Fuer-ein-sicheres-und-komfortables-Zuhause.pdf\">Jablo<\/a>tron Brosc<\/strong><\/span><span style=\"color: #0000ff;\"><strong>h\u00fcre<\/strong><\/span><\/p>\n<\/div><\/section><\/div>\n<style type=\"text\/css\" data-created_by=\"avia_inline_auto\" id=\"style-css-av-av_one_half-0aa7055fe62c3622faec82866afbaeb2\">\n.flex_column.av-av_one_half-0aa7055fe62c3622faec82866afbaeb2{\nborder-radius:0px 0px 0px 0px;\npadding:0px 0px 0px 0px;\n}\n<\/style>\n<div  class='flex_column av-av_one_half-0aa7055fe62c3622faec82866afbaeb2 av_one_half  avia-builder-el-32  el_after_av_one_half  avia-builder-el-last  flex_column_div av-zero-column-padding  column-top-margin'     ><section  class='av_textblock_section av-av_textblock-396ddf1f42196ca838231e61a4602801 '   itemscope=\"itemscope\" itemtype=\"https:\/\/schema.org\/CreativeWork\" ><div class='avia_textblock'  itemprop=\"text\" ><\/div><\/section><\/div><\/p>\n","protected":false},"excerpt":{"rendered":"","protected":false},"author":2,"featured_media":0,"parent":3526,"menu_order":0,"comment_status":"closed","ping_status":"closed","template":"","meta":{"footnotes":""},"class_list":["post-6250","page","type-page","status-publish","hentry"],"_links":{"self":[{"href":"https:\/\/mahschliesstechnik.de\/index.php\/wp-json\/wp\/v2\/pages\/6250","targetHints":{"allow":["GET"]}}],"collection":[{"href":"https:\/\/mahschliesstechnik.de\/index.php\/wp-json\/wp\/v2\/pages"}],"about":[{"href":"https:\/\/mahschliesstechnik.de\/index.php\/wp-json\/wp\/v2\/types\/page"}],"author":[{"embeddable":true,"href":"https:\/\/mahschliesstechnik.de\/index.php\/wp-json\/wp\/v2\/users\/2"}],"replies":[{"embeddable":true,"href":"https:\/\/mahschliesstechnik.de\/index.php\/wp-json\/wp\/v2\/comments?post=6250"}],"version-history":[{"count":14,"href":"https:\/\/mahschliesstechnik.de\/index.php\/wp-json\/wp\/v2\/pages\/6250\/revisions"}],"predecessor-version":[{"id":6406,"href":"https:\/\/mahschliesstechnik.de\/index.php\/wp-json\/wp\/v2\/pages\/6250\/revisions\/6406"}],"up":[{"embeddable":true,"href":"https:\/\/mahschliesstechnik.de\/index.php\/wp-json\/wp\/v2\/pages\/3526"}],"wp:attachment":[{"href":"https:\/\/mahschliesstechnik.de\/index.php\/wp-json\/wp\/v2\/media?parent=6250"}],"curies":[{"name":"wp","href":"https:\/\/api.w.org\/{rel}","templated":true}]}}