{"id":6427,"date":"2025-11-26T14:32:12","date_gmt":"2025-11-26T13:32:12","guid":{"rendered":"https:\/\/mahschliesstechnik.de\/?page_id=6427"},"modified":"2025-11-26T14:36:49","modified_gmt":"2025-11-26T13:36:49","slug":"mah-schliesstechnik-2","status":"publish","type":"page","link":"https:\/\/mahschliesstechnik.de\/index.php\/mah-schliesstechnik-2\/","title":{"rendered":"MAH Schlie\u00dftechnik"},"content":{"rendered":"\n<div class=\"wp-block-group alignfull is-layout-flow wp-block-group-is-layout-flow\"><\/div>\n\n\n\n<div class=\"wp-block-group alignfull is-layout-constrained wp-block-group-is-layout-constrained\" style=\"margin-top:0;margin-bottom:0\">\n<div class=\"wp-block-columns alignwide is-layout-flex wp-container-core-columns-is-layout-532711d8 wp-block-columns-is-layout-flex\">\n<div class=\"wp-block-column is-layout-flow wp-block-column-is-layout-flow\" style=\"flex-basis:66.66%\">\n<div class=\"wp-block-query is-layout-flow wp-block-query-is-layout-flow\"><ul class=\"wp-block-post-template is-layout-flow wp-block-post-template-is-layout-flow\"><li class=\"wp-block-post post-5721 post type-post status-publish format-standard has-post-thumbnail hentry category-allgemein category-hinter-den-kulissen category-news\">\n\n<div class=\"wp-block-group is-layout-flow wp-block-group-is-layout-flow\"><figure style=\"aspect-ratio:3\/2;\" class=\"wp-block-post-featured-image\"><a href=\"https:\/\/mahschliesstechnik.de\/index.php\/wachstum\/\" target=\"_self\"  ><img decoding=\"async\" loading=\"lazy\" width=\"660\" height=\"500\" src=\"https:\/\/mahschliesstechnik.de\/wp-content\/uploads\/2021\/02\/9b0b0356-296a-52e0-ad53-cfc137b90f8e-30959912_974.jpg\" class=\"wp-image-5724 avia-img-lazy-loading-5724 attachment-post-thumbnail size-post-thumbnail wp-post-image\" alt=\"Niederlassung Rhein-Neckar\" style=\"width:100%;height:100%;object-fit:cover;\" srcset=\"https:\/\/mahschliesstechnik.de\/wp-content\/uploads\/2021\/02\/9b0b0356-296a-52e0-ad53-cfc137b90f8e-30959912_974.jpg 660w, https:\/\/mahschliesstechnik.de\/wp-content\/uploads\/2021\/02\/9b0b0356-296a-52e0-ad53-cfc137b90f8e-30959912_974-300x227.jpg 300w, https:\/\/mahschliesstechnik.de\/wp-content\/uploads\/2021\/02\/9b0b0356-296a-52e0-ad53-cfc137b90f8e-30959912_974-450x341.jpg 450w\" sizes=\"auto, (max-width: 660px) 100vw, 660px\" \/><\/a><\/figure>\n\n<h2 class=\"wp-block-post-title\"><a href=\"https:\/\/mahschliesstechnik.de\/index.php\/wachstum\/\" target=\"_self\" >Niederlassung Rhein-Neckar<\/a><\/h2>\n\n<div style=\"font-style:normal;font-weight:300\" class=\"taxonomy-category has-link-color wp-elements-7e25d0198db94e2785ffafdb5bb852e8 wp-block-post-terms\"><a href=\"https:\/\/mahschliesstechnik.de\/index.php\/category\/allgemein\/\" rel=\"tag\">Allgemein<\/a><span class=\"wp-block-post-terms__separator\">, <\/span><a href=\"https:\/\/mahschliesstechnik.de\/index.php\/category\/hinter-den-kulissen\/\" rel=\"tag\">hinter den Kulissen<\/a><span class=\"wp-block-post-terms__separator\">, <\/span><a href=\"https:\/\/mahschliesstechnik.de\/index.php\/category\/news\/\" rel=\"tag\">News<\/a><\/div><\/div>\n\n<\/li><\/ul><\/div>\n<\/div>\n\n\n\n<div class=\"wp-block-column is-layout-flow wp-block-column-is-layout-flow\" style=\"flex-basis:33.33%\">\n<div class=\"wp-block-query is-layout-flow wp-block-query-is-layout-flow\"><ul class=\"wp-block-post-template is-layout-flow wp-block-post-template-is-layout-flow\"><li class=\"wp-block-post post-4933 post type-post status-publish format-standard has-post-thumbnail hentry category-allgemein category-interkey-mitgliedschaft category-lehrgaenge\">\n\n<div class=\"wp-block-group is-layout-flow wp-block-group-is-layout-flow\"><figure style=\"aspect-ratio:3\/2;\" class=\"wp-block-post-featured-image\"><a href=\"https:\/\/mahschliesstechnik.de\/index.php\/auszeichnungen\/\" target=\"_self\"  ><img decoding=\"async\" loading=\"lazy\" width=\"1500\" height=\"700\" src=\"https:\/\/mahschliesstechnik.de\/wp-content\/uploads\/2018\/11\/mah_schliesstechnik_auszeichnungen.jpg\" class=\"wp-image-5091 avia-img-lazy-loading-5091 attachment-post-thumbnail size-post-thumbnail wp-post-image\" alt=\"Auszeichnungen\" style=\"width:100%;height:100%;object-fit:cover;\" srcset=\"https:\/\/mahschliesstechnik.de\/wp-content\/uploads\/2018\/11\/mah_schliesstechnik_auszeichnungen.jpg 1500w, https:\/\/mahschliesstechnik.de\/wp-content\/uploads\/2018\/11\/mah_schliesstechnik_auszeichnungen-300x140.jpg 300w, https:\/\/mahschliesstechnik.de\/wp-content\/uploads\/2018\/11\/mah_schliesstechnik_auszeichnungen-768x358.jpg 768w, https:\/\/mahschliesstechnik.de\/wp-content\/uploads\/2018\/11\/mah_schliesstechnik_auszeichnungen-1030x481.jpg 1030w, https:\/\/mahschliesstechnik.de\/wp-content\/uploads\/2018\/11\/mah_schliesstechnik_auszeichnungen-705x329.jpg 705w, https:\/\/mahschliesstechnik.de\/wp-content\/uploads\/2018\/11\/mah_schliesstechnik_auszeichnungen-450x210.jpg 450w\" sizes=\"auto, (max-width: 1500px) 100vw, 1500px\" \/><\/a><\/figure>\n\n<h2 class=\"wp-block-post-title\"><a href=\"https:\/\/mahschliesstechnik.de\/index.php\/auszeichnungen\/\" target=\"_self\" >Auszeichnungen<\/a><\/h2>\n\n<div style=\"font-style:normal;font-weight:300\" class=\"taxonomy-category has-link-color wp-elements-7e25d0198db94e2785ffafdb5bb852e8 wp-block-post-terms\"><a href=\"https:\/\/mahschliesstechnik.de\/index.php\/category\/allgemein\/\" rel=\"tag\">Allgemein<\/a><span class=\"wp-block-post-terms__separator\">, <\/span><a href=\"https:\/\/mahschliesstechnik.de\/index.php\/category\/interkey-mitgliedschaft\/\" rel=\"tag\">Interkey Mitgliedschaft<\/a><span class=\"wp-block-post-terms__separator\">, <\/span><a href=\"https:\/\/mahschliesstechnik.de\/index.php\/category\/lehrgaenge\/\" rel=\"tag\">Lehrg\u00e4nge<\/a><\/div><\/div>\n\n<\/li><\/ul>\n\n<\/div>\n<\/div>\n<\/div>\n<\/div>\n\n\n\n<div class=\"wp-block-group alignfull is-layout-constrained wp-block-group-is-layout-constrained\" style=\"margin-top:0;margin-bottom:0\">\n<div style=\"height:var(--wp--preset--spacing--30)\" aria-hidden=\"true\" class=\"wp-block-spacer\"><\/div>\n\n\n\n<div class=\"wp-block-query alignwide is-layout-flow wp-block-query-is-layout-flow\"><ul class=\"columns-3 wp-block-post-template is-layout-grid wp-container-core-post-template-is-layout-271a55be wp-block-post-template-is-layout-grid\"><li class=\"wp-block-post post-4888 post type-post status-publish format-standard has-post-thumbnail hentry category-allgemein category-hinter-den-kulissen category-news\">\n\n<div class=\"wp-block-group is-layout-flow wp-block-group-is-layout-flow\"><figure style=\"aspect-ratio:3\/2;\" class=\"wp-block-post-featured-image\"><a href=\"https:\/\/mahschliesstechnik.de\/index.php\/umzug\/\" target=\"_self\"  ><img decoding=\"async\" loading=\"lazy\" width=\"1500\" height=\"1000\" src=\"https:\/\/mahschliesstechnik.de\/wp-content\/uploads\/2018\/10\/MAH-Umzug-2018_01.jpg\" class=\"wp-image-4894 avia-img-lazy-loading-4894 attachment-post-thumbnail size-post-thumbnail wp-post-image\" alt=\"Wir ziehen um!\" style=\"width:100%;height:100%;object-fit:cover;\" srcset=\"https:\/\/mahschliesstechnik.de\/wp-content\/uploads\/2018\/10\/MAH-Umzug-2018_01.jpg 1500w, https:\/\/mahschliesstechnik.de\/wp-content\/uploads\/2018\/10\/MAH-Umzug-2018_01-300x200.jpg 300w, https:\/\/mahschliesstechnik.de\/wp-content\/uploads\/2018\/10\/MAH-Umzug-2018_01-768x512.jpg 768w, https:\/\/mahschliesstechnik.de\/wp-content\/uploads\/2018\/10\/MAH-Umzug-2018_01-1030x687.jpg 1030w, https:\/\/mahschliesstechnik.de\/wp-content\/uploads\/2018\/10\/MAH-Umzug-2018_01-705x470.jpg 705w, https:\/\/mahschliesstechnik.de\/wp-content\/uploads\/2018\/10\/MAH-Umzug-2018_01-450x300.jpg 450w\" sizes=\"auto, (max-width: 1500px) 100vw, 1500px\" \/><\/a><\/figure>\n\n<h2 class=\"wp-block-post-title\"><a href=\"https:\/\/mahschliesstechnik.de\/index.php\/umzug\/\" target=\"_self\" >Wir ziehen um!<\/a><\/h2>\n\n<div style=\"font-style:normal;font-weight:300\" class=\"taxonomy-category has-link-color wp-elements-7e25d0198db94e2785ffafdb5bb852e8 wp-block-post-terms\"><a href=\"https:\/\/mahschliesstechnik.de\/index.php\/category\/allgemein\/\" rel=\"tag\">Allgemein<\/a><span class=\"wp-block-post-terms__separator\">, <\/span><a href=\"https:\/\/mahschliesstechnik.de\/index.php\/category\/hinter-den-kulissen\/\" rel=\"tag\">hinter den Kulissen<\/a><span class=\"wp-block-post-terms__separator\">, <\/span><a href=\"https:\/\/mahschliesstechnik.de\/index.php\/category\/news\/\" rel=\"tag\">News<\/a><\/div><\/div>\n\n<\/li><li class=\"wp-block-post post-4816 post type-post status-publish format-standard has-post-thumbnail hentry category-interkey-mitgliedschaft category-projekte\">\n\n<div class=\"wp-block-group is-layout-flow wp-block-group-is-layout-flow\"><figure style=\"aspect-ratio:3\/2;\" class=\"wp-block-post-featured-image\"><a href=\"https:\/\/mahschliesstechnik.de\/index.php\/initiative-fairer-schluesseldienst\/\" target=\"_self\"  ><img decoding=\"async\" loading=\"lazy\" width=\"1443\" height=\"263\" src=\"https:\/\/mahschliesstechnik.de\/wp-content\/uploads\/2018\/09\/SliderInitiative_3-e1537099766607.png\" class=\"wp-image-4718 avia-img-lazy-loading-4718 attachment-post-thumbnail size-post-thumbnail wp-post-image\" alt=\"Initiative &#8222;Fairer Schl\u00fcsseldienst&#8220;\" style=\"width:100%;height:100%;object-fit:cover;\" \/><\/a><\/figure>\n\n<h2 class=\"wp-block-post-title\"><a href=\"https:\/\/mahschliesstechnik.de\/index.php\/initiative-fairer-schluesseldienst\/\" target=\"_self\" >Initiative &#8222;Fairer Schl\u00fcsseldienst&#8220;<\/a><\/h2>\n\n<div style=\"font-style:normal;font-weight:300\" class=\"taxonomy-category has-link-color wp-elements-7e25d0198db94e2785ffafdb5bb852e8 wp-block-post-terms\"><a href=\"https:\/\/mahschliesstechnik.de\/index.php\/category\/interkey-mitgliedschaft\/\" rel=\"tag\">Interkey Mitgliedschaft<\/a><span class=\"wp-block-post-terms__separator\">, <\/span><a href=\"https:\/\/mahschliesstechnik.de\/index.php\/category\/projekte\/\" rel=\"tag\">Projekte<\/a><\/div><\/div>\n\n<\/li><li class=\"wp-block-post post-4637 post type-post status-publish format-standard has-post-thumbnail hentry category-rechtliches tag-briefkasten tag-din-en-13724 tag-mehrfamilienhaeuser tag-renz\">\n\n<div class=\"wp-block-group is-layout-flow wp-block-group-is-layout-flow\"><figure style=\"aspect-ratio:3\/2;\" class=\"wp-block-post-featured-image\"><a href=\"https:\/\/mahschliesstechnik.de\/index.php\/din-en-13724-die-briefkasten-norm\/\" target=\"_self\"  ><img decoding=\"async\" loading=\"lazy\" width=\"495\" height=\"400\" src=\"https:\/\/mahschliesstechnik.de\/wp-content\/uploads\/2018\/07\/MAH-Rechtliches.png\" class=\"wp-image-4633 avia-img-lazy-loading-4633 attachment-post-thumbnail size-post-thumbnail wp-post-image\" alt=\"DIN EN 13724 \u2013 Die Briefkasten-Norm\" style=\"width:100%;height:100%;object-fit:cover;\" srcset=\"https:\/\/mahschliesstechnik.de\/wp-content\/uploads\/2018\/07\/MAH-Rechtliches.png 495w, https:\/\/mahschliesstechnik.de\/wp-content\/uploads\/2018\/07\/MAH-Rechtliches-300x242.png 300w, https:\/\/mahschliesstechnik.de\/wp-content\/uploads\/2018\/07\/MAH-Rechtliches-450x364.png 450w\" sizes=\"auto, (max-width: 495px) 100vw, 495px\" \/><\/a><\/figure>\n\n<h2 class=\"wp-block-post-title\"><a href=\"https:\/\/mahschliesstechnik.de\/index.php\/din-en-13724-die-briefkasten-norm\/\" target=\"_self\" >DIN EN 13724 \u2013 Die Briefkasten-Norm<\/a><\/h2>\n\n<div style=\"font-style:normal;font-weight:300\" class=\"taxonomy-category has-link-color wp-elements-7e25d0198db94e2785ffafdb5bb852e8 wp-block-post-terms\"><a href=\"https:\/\/mahschliesstechnik.de\/index.php\/category\/rechtliches\/\" rel=\"tag\">Rechtliches<\/a><\/div><\/div>\n\n<\/li><\/ul><\/div>\n<\/div>\n\n\n\n<div class=\"wp-block-group alignfull is-layout-constrained wp-block-group-is-layout-constrained\" style=\"margin-top:0;margin-bottom:0\">\n<div style=\"height:var(--wp--preset--spacing--30)\" aria-hidden=\"true\" class=\"wp-block-spacer\"><\/div>\n\n\n\n<div class=\"wp-block-columns alignwide is-layout-flex wp-container-core-columns-is-layout-532711d8 wp-block-columns-is-layout-flex\">\n<div class=\"wp-block-column is-layout-flow wp-block-column-is-layout-flow\" style=\"flex-basis:33.33%\">\n<div class=\"wp-block-query is-layout-flow wp-block-query-is-layout-flow\"><ul class=\"wp-block-post-template is-layout-flow wp-block-post-template-is-layout-flow\"><li class=\"wp-block-post post-4626 post type-post status-publish format-standard has-post-thumbnail hentry category-rechtliches tag-gretsch-unitas tag-gu tag-haustueren tag-mehrfamilienhaeuser tag-panikschloss\">\n\n<div class=\"wp-block-group is-layout-flow wp-block-group-is-layout-flow\"><figure style=\"aspect-ratio:3\/2;\" class=\"wp-block-post-featured-image\"><a href=\"https:\/\/mahschliesstechnik.de\/index.php\/haustueren-von-mehrfamilienhaeusern-abschliessen-verboten\/\" target=\"_self\"  ><img decoding=\"async\" loading=\"lazy\" width=\"495\" height=\"400\" src=\"https:\/\/mahschliesstechnik.de\/wp-content\/uploads\/2018\/07\/MAH-Rechtliches.png\" class=\"wp-image-4633 avia-img-lazy-loading-4633 attachment-post-thumbnail size-post-thumbnail wp-post-image\" alt=\"Haust\u00fcren von Mehrfamilienh\u00e4usern: Abschlie\u00dfen verboten!\" style=\"width:100%;height:100%;object-fit:cover;\" srcset=\"https:\/\/mahschliesstechnik.de\/wp-content\/uploads\/2018\/07\/MAH-Rechtliches.png 495w, https:\/\/mahschliesstechnik.de\/wp-content\/uploads\/2018\/07\/MAH-Rechtliches-300x242.png 300w, https:\/\/mahschliesstechnik.de\/wp-content\/uploads\/2018\/07\/MAH-Rechtliches-450x364.png 450w\" sizes=\"auto, (max-width: 495px) 100vw, 495px\" \/><\/a><\/figure>\n\n<h2 class=\"wp-block-post-title\"><a href=\"https:\/\/mahschliesstechnik.de\/index.php\/haustueren-von-mehrfamilienhaeusern-abschliessen-verboten\/\" target=\"_self\" >Haust\u00fcren von Mehrfamilienh\u00e4usern: Abschlie\u00dfen verboten!<\/a><\/h2>\n\n<div style=\"font-style:normal;font-weight:300\" class=\"taxonomy-category has-link-color wp-elements-7e25d0198db94e2785ffafdb5bb852e8 wp-block-post-terms\"><a href=\"https:\/\/mahschliesstechnik.de\/index.php\/category\/rechtliches\/\" rel=\"tag\">Rechtliches<\/a><\/div><\/div>\n\n<\/li><\/ul><\/div>\n<\/div>\n\n\n\n<div class=\"wp-block-column is-layout-flow wp-block-column-is-layout-flow\" style=\"flex-basis:66.66%\">\n<div class=\"wp-block-query is-layout-flow wp-block-query-is-layout-flow\"><ul class=\"wp-block-post-template is-layout-flow wp-block-post-template-is-layout-flow\"><li class=\"wp-block-post post-4594 post type-post status-publish format-standard has-post-thumbnail hentry category-allgemein category-news\">\n\n<div class=\"wp-block-group is-layout-flow wp-block-group-is-layout-flow\"><figure style=\"aspect-ratio:3\/2;\" class=\"wp-block-post-featured-image\"><a href=\"https:\/\/mahschliesstechnik.de\/index.php\/mitglied-im-fachverband-interkey\/\" target=\"_self\"  ><img decoding=\"async\" loading=\"lazy\" width=\"960\" height=\"720\" src=\"https:\/\/mahschliesstechnik.de\/wp-content\/uploads\/2018\/06\/mah_interkey.jpg\" class=\"wp-image-4600 avia-img-lazy-loading-4600 attachment-post-thumbnail size-post-thumbnail wp-post-image\" alt=\"Mitglied im Fachverband Interkey\" style=\"width:100%;height:100%;object-fit:cover;\" srcset=\"https:\/\/mahschliesstechnik.de\/wp-content\/uploads\/2018\/06\/mah_interkey.jpg 960w, https:\/\/mahschliesstechnik.de\/wp-content\/uploads\/2018\/06\/mah_interkey-300x225.jpg 300w, https:\/\/mahschliesstechnik.de\/wp-content\/uploads\/2018\/06\/mah_interkey-768x576.jpg 768w, https:\/\/mahschliesstechnik.de\/wp-content\/uploads\/2018\/06\/mah_interkey-705x529.jpg 705w, https:\/\/mahschliesstechnik.de\/wp-content\/uploads\/2018\/06\/mah_interkey-450x338.jpg 450w\" sizes=\"auto, (max-width: 960px) 100vw, 960px\" \/><\/a><\/figure>\n\n<h2 class=\"wp-block-post-title\"><a href=\"https:\/\/mahschliesstechnik.de\/index.php\/mitglied-im-fachverband-interkey\/\" target=\"_self\" >Mitglied im Fachverband Interkey<\/a><\/h2>\n\n<div style=\"font-style:normal;font-weight:300\" class=\"taxonomy-category has-link-color wp-elements-7e25d0198db94e2785ffafdb5bb852e8 wp-block-post-terms\"><a href=\"https:\/\/mahschliesstechnik.de\/index.php\/category\/allgemein\/\" rel=\"tag\">Allgemein<\/a><span class=\"wp-block-post-terms__separator\">, <\/span><a href=\"https:\/\/mahschliesstechnik.de\/index.php\/category\/news\/\" rel=\"tag\">News<\/a><\/div><\/div>\n\n<\/li><\/ul><\/div>\n<\/div>\n<\/div>\n\n\n\n<div class=\"wp-block-query alignwide is-layout-flow wp-block-query-is-layout-flow\"><ul class=\"columns-3 wp-block-post-template is-layout-grid wp-container-core-post-template-is-layout-271a55be wp-block-post-template-is-layout-grid\"><li class=\"wp-block-post post-4101 post type-post status-publish format-standard has-post-thumbnail hentry category-messen-und-veranstaltungen category-news tag-eroeffnung tag-eroeffnungsangebote tag-mah-store\">\n\n<div class=\"wp-block-group is-layout-flow wp-block-group-is-layout-flow\"><figure style=\"aspect-ratio:3\/2;\" class=\"wp-block-post-featured-image\"><a href=\"https:\/\/mahschliesstechnik.de\/index.php\/store-eroeffnung\/\" target=\"_self\"  ><img decoding=\"async\" loading=\"lazy\" width=\"500\" height=\"500\" src=\"https:\/\/mahschliesstechnik.de\/wp-content\/uploads\/2017\/07\/MAH-Schliesstechnik-Buero2.jpg\" class=\"wp-image-3766 avia-img-lazy-loading-3766 attachment-post-thumbnail size-post-thumbnail wp-post-image\" alt=\"MAH Store Er\u00f6ffnung am Hauptsitz\" style=\"width:100%;height:100%;object-fit:cover;\" srcset=\"https:\/\/mahschliesstechnik.de\/wp-content\/uploads\/2017\/07\/MAH-Schliesstechnik-Buero2.jpg 500w, https:\/\/mahschliesstechnik.de\/wp-content\/uploads\/2017\/07\/MAH-Schliesstechnik-Buero2-80x80.jpg 80w, https:\/\/mahschliesstechnik.de\/wp-content\/uploads\/2017\/07\/MAH-Schliesstechnik-Buero2-300x300.jpg 300w, https:\/\/mahschliesstechnik.de\/wp-content\/uploads\/2017\/07\/MAH-Schliesstechnik-Buero2-36x36.jpg 36w, https:\/\/mahschliesstechnik.de\/wp-content\/uploads\/2017\/07\/MAH-Schliesstechnik-Buero2-180x180.jpg 180w, https:\/\/mahschliesstechnik.de\/wp-content\/uploads\/2017\/07\/MAH-Schliesstechnik-Buero2-120x120.jpg 120w, https:\/\/mahschliesstechnik.de\/wp-content\/uploads\/2017\/07\/MAH-Schliesstechnik-Buero2-450x450.jpg 450w\" sizes=\"auto, (max-width: 500px) 100vw, 500px\" \/><\/a><\/figure>\n\n<h2 class=\"wp-block-post-title\"><a href=\"https:\/\/mahschliesstechnik.de\/index.php\/store-eroeffnung\/\" target=\"_self\" >MAH Store Er\u00f6ffnung am Hauptsitz<\/a><\/h2>\n\n<div style=\"font-style:normal;font-weight:300\" class=\"taxonomy-category has-link-color wp-elements-7e25d0198db94e2785ffafdb5bb852e8 wp-block-post-terms\"><a href=\"https:\/\/mahschliesstechnik.de\/index.php\/category\/messen-und-veranstaltungen\/\" rel=\"tag\">Messen und Veranstaltungen<\/a><span class=\"wp-block-post-terms__separator\">, <\/span><a href=\"https:\/\/mahschliesstechnik.de\/index.php\/category\/news\/\" rel=\"tag\">News<\/a><\/div><\/div>\n\n<\/li><li class=\"wp-block-post post-3676 post type-post status-publish format-standard has-post-thumbnail hentry category-messen-und-veranstaltungen tag-baumesse-darmstadt tag-messe tag-salto tag-simonsvoss tag-wilka\">\n\n<div class=\"wp-block-group is-layout-flow wp-block-group-is-layout-flow\"><figure style=\"aspect-ratio:3\/2;\" class=\"wp-block-post-featured-image\"><a href=\"https:\/\/mahschliesstechnik.de\/index.php\/vierte-baumesse-in-darmstadt\/\" target=\"_self\"  ><img decoding=\"async\" loading=\"lazy\" width=\"750\" height=\"622\" src=\"https:\/\/mahschliesstechnik.de\/wp-content\/uploads\/2017\/08\/Logo-Baumesse-2.jpg\" class=\"wp-image-3685 avia-img-lazy-loading-3685 attachment-post-thumbnail size-post-thumbnail wp-post-image\" alt=\"Vierte Baumesse in Darmstadt\" style=\"width:100%;height:100%;object-fit:cover;\" srcset=\"https:\/\/mahschliesstechnik.de\/wp-content\/uploads\/2017\/08\/Logo-Baumesse-2.jpg 750w, https:\/\/mahschliesstechnik.de\/wp-content\/uploads\/2017\/08\/Logo-Baumesse-2-300x249.jpg 300w, https:\/\/mahschliesstechnik.de\/wp-content\/uploads\/2017\/08\/Logo-Baumesse-2-705x585.jpg 705w, https:\/\/mahschliesstechnik.de\/wp-content\/uploads\/2017\/08\/Logo-Baumesse-2-450x373.jpg 450w\" sizes=\"auto, (max-width: 750px) 100vw, 750px\" \/><\/a><\/figure>\n\n<h2 class=\"wp-block-post-title\"><a href=\"https:\/\/mahschliesstechnik.de\/index.php\/vierte-baumesse-in-darmstadt\/\" target=\"_self\" >Vierte Baumesse in Darmstadt<\/a><\/h2>\n\n<div style=\"font-style:normal;font-weight:300\" class=\"taxonomy-category has-link-color wp-elements-7e25d0198db94e2785ffafdb5bb852e8 wp-block-post-terms\"><a href=\"https:\/\/mahschliesstechnik.de\/index.php\/category\/messen-und-veranstaltungen\/\" rel=\"tag\">Messen und Veranstaltungen<\/a><\/div><\/div>\n\n<\/li><\/ul><\/div>\n\n\n\n<hr class=\"wp-block-separator alignfull has-alpha-channel-opacity\"\/>\n\n\n\n<div style=\"height:var(--wp--preset--spacing--30)\" aria-hidden=\"true\" class=\"wp-block-spacer\"><\/div>\n<\/div>\n\n\n\n<div class=\"wp-block-group alignfull is-layout-constrained wp-block-group-is-layout-constrained\" style=\"margin-top:0;margin-bottom:0\">\n<div class=\"wp-block-group alignwide is-layout-constrained wp-block-group-is-layout-constrained\">\n<div class=\"wp-block-group alignwide is-layout-flow wp-block-group-is-layout-flow\">\n<p><\/p>\n<\/div>\n<\/div>\n<\/div>\n","protected":false},"excerpt":{"rendered":"","protected":false},"author":6,"featured_media":0,"parent":0,"menu_order":0,"comment_status":"closed","ping_status":"closed","template":"","meta":{"footnotes":""},"class_list":["post-6427","page","type-page","status-publish","hentry"],"_links":{"self":[{"href":"https:\/\/mahschliesstechnik.de\/index.php\/wp-json\/wp\/v2\/pages\/6427","targetHints":{"allow":["GET"]}}],"collection":[{"href":"https:\/\/mahschliesstechnik.de\/index.php\/wp-json\/wp\/v2\/pages"}],"about":[{"href":"https:\/\/mahschliesstechnik.de\/index.php\/wp-json\/wp\/v2\/types\/page"}],"author":[{"embeddable":true,"href":"https:\/\/mahschliesstechnik.de\/index.php\/wp-json\/wp\/v2\/users\/6"}],"replies":[{"embeddable":true,"href":"https:\/\/mahschliesstechnik.de\/index.php\/wp-json\/wp\/v2\/comments?post=6427"}],"version-history":[{"count":3,"href":"https:\/\/mahschliesstechnik.de\/index.php\/wp-json\/wp\/v2\/pages\/6427\/revisions"}],"predecessor-version":[{"id":6430,"href":"https:\/\/mahschliesstechnik.de\/index.php\/wp-json\/wp\/v2\/pages\/6427\/revisions\/6430"}],"wp:attachment":[{"href":"https:\/\/mahschliesstechnik.de\/index.php\/wp-json\/wp\/v2\/media?parent=6427"}],"curies":[{"name":"wp","href":"https:\/\/api.w.org\/{rel}","templated":true}]}}